{"id":12573,"date":"2025-04-28T08:57:01","date_gmt":"2025-04-28T06:57:01","guid":{"rendered":"https:\/\/cnprsv.ro\/?page_id=12573"},"modified":"2025-10-17T11:32:38","modified_gmt":"2025-10-17T09:32:38","slug":"erasmus-acreditare","status":"publish","type":"page","link":"https:\/\/cnprsv.ro\/?page_id=12573","title":{"rendered":"Erasmus acreditare"},"content":{"rendered":"\r\n\r\n\r\n<p>C1 &#8211; <a href=\"https:\/\/cnprsv.ro\/?page_id=12591\" target=\"_blank\" rel=\"noopener\">\u00cembun\u0103t\u0103\u021birea conectivit\u0103\u021bii digitale a colegiului, \u00een cadrul comunit\u0103\u021bii \u0219colare \u0219i \u00een comunitatea extins\u0103, stimul\u00e2nd dezvoltarea abilita\u021bilor de g\u00e2ndire critic\u0103 \u0219i creativitatea participan\u021bilor<\/a> (2022-2024)<\/p>\r\n<p>C2 &#8211; <a href=\"https:\/\/cnprsv.ro\/?page_id=12594\" target=\"_blank\" rel=\"noopener\">\u00cembun\u0103t\u0103\u021birea culturii \u0219colare \u00een cadrul comunit\u0103\u021bii colegiului pe baza schimb\u0103rii practicilor existente, \u00een leg\u0103tur\u0103 cu cre\u0219terea calit\u0103\u021bii accesului la informa\u021bii \u0219i la servicii de consiliere<\/a> (2024-2025)<\/p>\r\n<p>C3 &#8211; <a href=\"https:\/\/cnprsv.ro\/?page_id=13047\">\u00cembun\u0103t\u0103\u021birea nivelului de percep\u021bie \u0219i ac\u021biune al elevilor \u0219i al personalului didactic \/ didactic auxiliar \u00een leg\u0103tur\u0103 cu necesitatea realiz\u0103rii unei eficiente educa\u021bii pentru dezvoltare sustenabil\u0103<\/a> (2025-2028)<\/p>\r\n<p>C4 &#8211; Sporirea calit\u0103\u021bii educa\u021biei globale furnizate de colegiu elevilor s\u0103i utiliz\u00e2nd \u00een mod etic inteligen\u021ba artificial\u0103 (2027-2030)<\/p>\r\n","protected":false},"excerpt":{"rendered":"<p>C1 &#8211; \u00cembun\u0103t\u0103\u021birea conectivit\u0103\u021bii digitale a colegiului, \u00een cadrul comunit\u0103\u021bii \u0219colare \u0219i \u00een comunitatea extins\u0103, stimul\u00e2nd dezvoltarea abilita\u021bilor de g\u00e2ndire critic\u0103 \u0219i creativitatea participan\u021bilor (2022-2024) C2 &#8211; \u00cembun\u0103t\u0103\u021birea culturii \u0219colare \u00een cadrul comunit\u0103\u021bii colegiului pe baza schimb\u0103rii practicilor existente, \u00een<\/p>\n<div class=\"entry-read-more\"><a class=\"read-more-link\" href=\"https:\/\/cnprsv.ro\/?page_id=12573\">Read More<span class=\"cleanwp-sr-only\">  Erasmus acreditare<\/span><\/a><\/div>\n","protected":false},"author":1,"featured_media":0,"parent":0,"menu_order":0,"comment_status":"closed","ping_status":"closed","template":"","meta":{"_editorskit_title_hidden":false,"_editorskit_reading_time":0,"_editorskit_is_block_options_detached":false,"_editorskit_block_options_position":"{}","footnotes":""},"class_list":["post-12573","page","type-page","status-publish","hentry"],"_links":{"self":[{"href":"https:\/\/cnprsv.ro\/index.php?rest_route=\/wp\/v2\/pages\/12573","targetHints":{"allow":["GET"]}}],"collection":[{"href":"https:\/\/cnprsv.ro\/index.php?rest_route=\/wp\/v2\/pages"}],"about":[{"href":"https:\/\/cnprsv.ro\/index.php?rest_route=\/wp\/v2\/types\/page"}],"author":[{"embeddable":true,"href":"https:\/\/cnprsv.ro\/index.php?rest_route=\/wp\/v2\/users\/1"}],"replies":[{"embeddable":true,"href":"https:\/\/cnprsv.ro\/index.php?rest_route=%2Fwp%2Fv2%2Fcomments&post=12573"}],"version-history":[{"count":6,"href":"https:\/\/cnprsv.ro\/index.php?rest_route=\/wp\/v2\/pages\/12573\/revisions"}],"predecessor-version":[{"id":13053,"href":"https:\/\/cnprsv.ro\/index.php?rest_route=\/wp\/v2\/pages\/12573\/revisions\/13053"}],"wp:attachment":[{"href":"https:\/\/cnprsv.ro\/index.php?rest_route=%2Fwp%2Fv2%2Fmedia&parent=12573"}],"curies":[{"name":"wp","href":"https:\/\/api.w.org\/{rel}","templated":true}]}}