{"id":12575,"date":"2025-04-28T08:57:21","date_gmt":"2025-04-28T06:57:21","guid":{"rendered":"https:\/\/cnprsv.ro\/?page_id=12575"},"modified":"2025-05-15T09:30:51","modified_gmt":"2025-05-15T07:30:51","slug":"unesco","status":"publish","type":"page","link":"https:\/\/cnprsv.ro\/?page_id=12575","title":{"rendered":"Unesco"},"content":{"rendered":"<ul>\n<li>\u201e<a href=\"https:\/\/cnprsv.ro\/?page_id=12666\" target=\"_blank\" rel=\"noopener\">De ce doar unora le place jazzul?<\/a>\u201d, Proiect ini\u021biat de Colegiul Na\u021bional \u201ePetru Rare\u0219\u201d Suceava. Pe 30 aprilie 2025, cu ocazia Zilei Interna\u021bionale a Jazzului, Colegiul Na\u021bional \u201ePetru Rare\u0219\u201d Suceava a organizat un eveniment cultural complex, ce \u0219i-a propus s\u0103 promoveze jazzul \u00een r\u00e2ndul tinerilor \u0219i al comunit\u0103\u021bii locale, s\u0103 demonteze prejudec\u0103\u021bile legate de acest gen muzical \u0219i s\u0103 ofere o experien\u021b\u0103 artistic\u0103 bogat\u0103 \u0219i accesibil\u0103.<\/li>\n<\/ul>\n","protected":false},"excerpt":{"rendered":"<p>\u201eDe ce doar unora le place jazzul?\u201d, Proiect ini\u021biat de Colegiul Na\u021bional \u201ePetru Rare\u0219\u201d Suceava. Pe 30 aprilie 2025, cu ocazia Zilei Interna\u021bionale a Jazzului, Colegiul Na\u021bional \u201ePetru Rare\u0219\u201d Suceava a organizat un eveniment cultural complex, ce \u0219i-a propus s\u0103<\/p>\n<div class=\"entry-read-more\"><a class=\"read-more-link\" href=\"https:\/\/cnprsv.ro\/?page_id=12575\">Read More<span class=\"cleanwp-sr-only\">  Unesco<\/span><\/a><\/div>\n","protected":false},"author":1,"featured_media":0,"parent":0,"menu_order":0,"comment_status":"closed","ping_status":"closed","template":"","meta":{"_editorskit_title_hidden":false,"_editorskit_reading_time":0,"_editorskit_is_block_options_detached":false,"_editorskit_block_options_position":"{}","footnotes":""},"class_list":["post-12575","page","type-page","status-publish","hentry"],"_links":{"self":[{"href":"https:\/\/cnprsv.ro\/index.php?rest_route=\/wp\/v2\/pages\/12575","targetHints":{"allow":["GET"]}}],"collection":[{"href":"https:\/\/cnprsv.ro\/index.php?rest_route=\/wp\/v2\/pages"}],"about":[{"href":"https:\/\/cnprsv.ro\/index.php?rest_route=\/wp\/v2\/types\/page"}],"author":[{"embeddable":true,"href":"https:\/\/cnprsv.ro\/index.php?rest_route=\/wp\/v2\/users\/1"}],"replies":[{"embeddable":true,"href":"https:\/\/cnprsv.ro\/index.php?rest_route=%2Fwp%2Fv2%2Fcomments&post=12575"}],"version-history":[{"count":3,"href":"https:\/\/cnprsv.ro\/index.php?rest_route=\/wp\/v2\/pages\/12575\/revisions"}],"predecessor-version":[{"id":12669,"href":"https:\/\/cnprsv.ro\/index.php?rest_route=\/wp\/v2\/pages\/12575\/revisions\/12669"}],"wp:attachment":[{"href":"https:\/\/cnprsv.ro\/index.php?rest_route=%2Fwp%2Fv2%2Fmedia&parent=12575"}],"curies":[{"name":"wp","href":"https:\/\/api.w.org\/{rel}","templated":true}]}}