{"id":12616,"date":"2025-04-28T12:41:28","date_gmt":"2025-04-28T10:41:28","guid":{"rendered":"https:\/\/cnprsv.ro\/?page_id=12616"},"modified":"2025-04-28T12:43:09","modified_gmt":"2025-04-28T10:43:09","slug":"lets-shape-our-future-together","status":"publish","type":"page","link":"https:\/\/cnprsv.ro\/?page_id=12616","title":{"rendered":"Project ERASMUS+ KA2 &#8222;Let\u2019s shape our future together&#8221;"},"content":{"rendered":"<p>Proiectul Erasmus + KA2,\u00a0Project ERASMUS+KA2 \u00a0<strong>\u201cLet\u2019s shape our future together\u201d,<\/strong>\u00a0av\u00e2nd codul\u00a0<strong>2019-1-DE03-KA229-059565_2\u00a0<\/strong>se afl\u0103 \u00een august 2022 la finalul perioadei de implementare (prelungite cu un an din motive pandemice).\u0218colile partenere \u00een proiect au fost:<\/p>\n<ol>\n<li>\u201dKepler-Gymnasium\u201d T\u00fcbingen, DE1 &#8211; BADEN-W\u00dcRTTEMBERGRegion,\u00a0<strong>Germany<\/strong><\/li>\n<li>Colegiul Na\u021bional \u201dPetru Rare\u0219\u201d, Suceava, NE Region,\u00a0<strong>Rom\u00e2nia<\/strong><\/li>\n<li>&#8222;Ogec Dom Sortais\u201d, Beaupr\u00e9au, FR51 &#8211; Pays de la LoireRegion,\u00a0<strong>France<\/strong><\/li>\n<li>\u201dPubliczne Liceum Og\u00f3lnokszta\u0142c\u0105ce Nr II\u201d,\u00a0 Opole, PL52 \u2013 Opolskie \u00a0\u00a0 Region,\u00a0<strong>Poland<\/strong><\/li>\n<li>\u201dJ\u00f3zsef Attila Gimn\u00e1zium \u00e9s K\u00f6zgazdas\u00e1gi Szakgimn\u00e1zium\u201d, Monor,\u00a0<strong>Hungary<\/strong><\/li>\n<\/ol>\n<p>\u00cen pofida retragerii partenerului francez \u0219i, par\u021bial, a celui german, Colegiul Na\u021bional \u201dPetru Rare\u0219\u201d Suceava \u0219i-a derulat toate activit\u0103\u021bile propuse. Profesorii \u0219i elevii care au conlucrat \u00een cadrul proiectului prezint\u0103 c\u00e2teva din experien\u021bele lor\u2026 <a href=\"\/documente\/Final reflections.pdf\">Final reflections<\/a><\/p>\n","protected":false},"excerpt":{"rendered":"<p>Proiectul Erasmus + KA2,\u00a0Project ERASMUS+KA2 \u00a0\u201cLet\u2019s shape our future together\u201d,\u00a0av\u00e2nd codul\u00a02019-1-DE03-KA229-059565_2\u00a0se afl\u0103 \u00een august 2022 la finalul perioadei de implementare (prelungite cu un an din motive pandemice).\u0218colile partenere \u00een proiect au fost: \u201dKepler-Gymnasium\u201d T\u00fcbingen, DE1 &#8211; BADEN-W\u00dcRTTEMBERGRegion,\u00a0Germany Colegiul Na\u021bional \u201dPetru<\/p>\n<div class=\"entry-read-more\"><a class=\"read-more-link\" href=\"https:\/\/cnprsv.ro\/?page_id=12616\">Read More<span class=\"cleanwp-sr-only\">  Project ERASMUS+ KA2 &#8222;Let\u2019s shape our future together&#8221;<\/span><\/a><\/div>\n","protected":false},"author":1,"featured_media":0,"parent":0,"menu_order":0,"comment_status":"closed","ping_status":"closed","template":"","meta":{"_editorskit_title_hidden":false,"_editorskit_reading_time":0,"_editorskit_is_block_options_detached":false,"_editorskit_block_options_position":"{}","footnotes":""},"class_list":["post-12616","page","type-page","status-publish","hentry"],"_links":{"self":[{"href":"https:\/\/cnprsv.ro\/index.php?rest_route=\/wp\/v2\/pages\/12616","targetHints":{"allow":["GET"]}}],"collection":[{"href":"https:\/\/cnprsv.ro\/index.php?rest_route=\/wp\/v2\/pages"}],"about":[{"href":"https:\/\/cnprsv.ro\/index.php?rest_route=\/wp\/v2\/types\/page"}],"author":[{"embeddable":true,"href":"https:\/\/cnprsv.ro\/index.php?rest_route=\/wp\/v2\/users\/1"}],"replies":[{"embeddable":true,"href":"https:\/\/cnprsv.ro\/index.php?rest_route=%2Fwp%2Fv2%2Fcomments&post=12616"}],"version-history":[{"count":2,"href":"https:\/\/cnprsv.ro\/index.php?rest_route=\/wp\/v2\/pages\/12616\/revisions"}],"predecessor-version":[{"id":12618,"href":"https:\/\/cnprsv.ro\/index.php?rest_route=\/wp\/v2\/pages\/12616\/revisions\/12618"}],"wp:attachment":[{"href":"https:\/\/cnprsv.ro\/index.php?rest_route=%2Fwp%2Fv2%2Fmedia&parent=12616"}],"curies":[{"name":"wp","href":"https:\/\/api.w.org\/{rel}","templated":true}]}}