{"id":12619,"date":"2025-04-28T12:46:41","date_gmt":"2025-04-28T10:46:41","guid":{"rendered":"https:\/\/cnprsv.ro\/?page_id=12619"},"modified":"2025-04-28T12:46:41","modified_gmt":"2025-04-28T10:46:41","slug":"linlanlim","status":"publish","type":"page","link":"https:\/\/cnprsv.ro\/?page_id=12619","title":{"rendered":"LINLANLIM"},"content":{"rendered":"<p>Parteneriat cu liceul Amyot d&#8217;Inville din Senlis, Fran\u0163a, 2008-2013<\/p>\n<p><a href=\"http:\/\/amyotrares.blogspot.com\/\" target=\"_blank\" rel=\"noreferrer noopener\">Schimb de elevi \u015fi realizarea de activit\u0103\u0163i comune<\/a><br \/>\n<a href=\"documente\/2011_noiembrie_LIN_LAN_LIM.pdf\" target=\"_blank\" rel=\"noreferrer noopener\">Proiect bilateral Comenius LINLANLIM<\/a><br \/>\n<a href=\"http:\/\/linlanlim.blogspot.ro\/2013_06_01_archive.html\" target=\"_blank\" rel=\"noreferrer noopener\">http:\/\/linlanlim.blogspot.ro\/2013_06_01_archive.html<\/a><\/p>\n","protected":false},"excerpt":{"rendered":"<p>Parteneriat cu liceul Amyot d&#8217;Inville din Senlis, Fran\u0163a, 2008-2013 Schimb de elevi \u015fi realizarea de activit\u0103\u0163i comune Proiect bilateral Comenius LINLANLIM http:\/\/linlanlim.blogspot.ro\/2013_06_01_archive.html<\/p>\n","protected":false},"author":1,"featured_media":0,"parent":0,"menu_order":0,"comment_status":"closed","ping_status":"closed","template":"","meta":{"_editorskit_title_hidden":false,"_editorskit_reading_time":0,"_editorskit_is_block_options_detached":false,"_editorskit_block_options_position":"{}","footnotes":""},"class_list":["post-12619","page","type-page","status-publish","hentry"],"_links":{"self":[{"href":"https:\/\/cnprsv.ro\/index.php?rest_route=\/wp\/v2\/pages\/12619","targetHints":{"allow":["GET"]}}],"collection":[{"href":"https:\/\/cnprsv.ro\/index.php?rest_route=\/wp\/v2\/pages"}],"about":[{"href":"https:\/\/cnprsv.ro\/index.php?rest_route=\/wp\/v2\/types\/page"}],"author":[{"embeddable":true,"href":"https:\/\/cnprsv.ro\/index.php?rest_route=\/wp\/v2\/users\/1"}],"replies":[{"embeddable":true,"href":"https:\/\/cnprsv.ro\/index.php?rest_route=%2Fwp%2Fv2%2Fcomments&post=12619"}],"version-history":[{"count":1,"href":"https:\/\/cnprsv.ro\/index.php?rest_route=\/wp\/v2\/pages\/12619\/revisions"}],"predecessor-version":[{"id":12620,"href":"https:\/\/cnprsv.ro\/index.php?rest_route=\/wp\/v2\/pages\/12619\/revisions\/12620"}],"wp:attachment":[{"href":"https:\/\/cnprsv.ro\/index.php?rest_route=%2Fwp%2Fv2%2Fmedia&parent=12619"}],"curies":[{"name":"wp","href":"https:\/\/api.w.org\/{rel}","templated":true}]}}