{"id":13018,"date":"2025-10-10T13:10:38","date_gmt":"2025-10-10T11:10:38","guid":{"rendered":"https:\/\/cnprsv.ro\/?page_id=13018"},"modified":"2025-11-14T13:56:42","modified_gmt":"2025-11-14T11:56:42","slug":"anunt-concurs-posturi-vacante-pedagog-si-portar-noiembrie-2025","status":"publish","type":"page","link":"https:\/\/cnprsv.ro\/?page_id=13018","title":{"rendered":"Anun\u021b concurs posturi vacante: secretar, pedagog \u0219i portar noiembrie 2025"},"content":{"rendered":"<p>&nbsp;<\/p>\n<h2><a href=\"https:\/\/cnprsv.ro\/wp-content\/uploads\/2025\/10\/ANUNT-posturi-vacante-C.N.-Petru-Rares-Suceava.pdf\"><strong>Anun\u021b organizare concurs ocupare posturi vacante noiembrie 2025: secretar, pedagog, portar<\/strong><\/a><\/h2>\n<p>\u00ceN ATEN\u021aIA CANDIDA\u021aILOR !<\/p>\n<div>NOT\u0102:<\/div>\n<div>Dosarul trebuie s\u0103 cuprind\u0103 toate documentele, \u00een ordinea enumerat\u0103 \u00een anun\u021b, iar filele trebuie numerotate, num\u0103rul de file va fi consemnat \u00een opis. Opisul dosarului se \u00eentocme\u0219te \u00een 2 exemplare, un exemplar se restituie candidatului cu num\u0103r de \u00eenregistrare.<\/div>\n<p>Formularul de \u00eenscriere este disponibil\u00a0<a href=\"https:\/\/cnprsv.ro\/documente\/2024_octombrie_FORMULAR_DE_INSCRIERE_concursuri_angajare.pdf\">aici<\/a>.<\/p>\n<h3><\/h3>\n<h3>SECRETAR:<\/h3>\n<p><a href=\"\/documente\/2025_noiembrie_rezultate_finale_secretar.pdf\" target=\"_blank\" rel=\"noopener\">Rezultatele finale secretar<\/a><\/p>\n<p><a href=\"\/documente\/2025_noiembrie_rezultate_proba_interviu_secretar.pdf\" target=\"_blank\" rel=\"noopener\">Rezultatele probei de interviu secretar<\/a><\/p>\n<p><a href=\"\/documente\/2025_noiembrie_barem_proba_practica_secretar.pdf\" target=\"_blank\" rel=\"noopener\">Barem proba practic\u0103 secretar<\/a><\/p>\n<p><a href=\"\/documente\/2025_noiembrie_rezultate_contestatii_proba_scrisa_secretar.pdf\" target=\"_blank\" rel=\"noopener\">Rezultatele contesta\u021biilor de la proba scris\u0103 secretar<\/a><\/p>\n<p><a href=\"\/documente\/2025_noiembrie_rezultate_proba_scrisa_secretar.pdf\" target=\"_blank\" rel=\"noopener\">Rezultatele probei scrise secretar<\/a><\/p>\n<p><a href=\"\/documente\/2025_noiembrie_barem_proba_scrisa_secretar.pdf\" target=\"_blank\" rel=\"noopener\">Baremul probei scrise secretar<\/a><\/p>\n<p><a href=\"\/documente\/2025_noiembrie_rezultate_dosare_secretar.pdf\" target=\"_blank\" rel=\"noopener\">Rezultatul selec\u021biei dosarelor de \u00eenscriere pentru postul de secretar<\/a><\/p>\n<p><a href=\"https:\/\/cnprsv.ro\/wp-content\/uploads\/2025\/10\/Anunt-concurs-secretar-C.N.-Petru-Rares-Suceava-pentru-site-.pdf\">Anun\u021b, condi\u021bii de ocupare a postului, atribu\u021bii generale, componen\u021ba dosarului, procedura de selec\u021bie, tematica \u0219i bibliografia de concurs<\/a><\/p>\n<p><a href=\"https:\/\/cnprsv.ro\/wp-content\/uploads\/2025\/10\/FISA-POST-SECRETAR-CONCURS-octombrie-noiembrie-2025.pdf\">Fi\u0219a postului secretar pentru concurs<\/a><\/p>\n<p>&nbsp;<\/p>\n<h3>PEDAGOG \u0218COLAR:<\/h3>\n<p><a href=\"https:\/\/cnprsv.ro\/documente\/2025_noiembrie_rezultate_pedagog.pdf\" target=\"_blank\" rel=\"noopener\">Rezultate finale pedagog<\/a><\/p>\n<p><a href=\"\/documente\/2025_noiembrie_rezultate_interviu_pedagog.pdf\" target=\"_blank\" rel=\"noopener\">Rezultate proba interviu pedagog<\/a><\/p>\n<p><a href=\"\/documente\/2025_noiembrie_plan_interviu_pedagog.pdf\" target=\"_blank\" rel=\"noopener\">Plan de inverviu pedagog<\/a><\/p>\n<p><a href=\"\/documente\/2025_noiembrie_rezultate_proba_scrisa_pedagog.pdf\" target=\"_blank\" rel=\"noopener\">Rezultate proba scris\u0103 3.11.2025<\/a><\/p>\n<p><a href=\"\/documente\/2025_noiembrie_BAREM_CONCURS_PEDAGOG_VARIANTA2.pdf\" target=\"_blank\" rel=\"noopener\">Barem proba scris\u0103 pedagog<\/a><\/p>\n<p><a href=\"https:\/\/cnprsv.ro\/wp-content\/uploads\/2025\/10\/Bibliografia-tematica-si-fisa-postului-PEDAGOG-2025.pdf\">Bibliografie, tematic\u0103 \u0219i fi\u0219a postului pedagog<\/a><\/p>\n<p><a href=\"https:\/\/cnprsv.ro\/wp-content\/uploads\/2025\/10\/Regulament-intern-extras.pdf\">Regulament intern CNPR &#8211; extras<\/a><\/p>\n<p><a href=\"https:\/\/cnprsv.ro\/wp-content\/uploads\/2025\/10\/Regulament-internat-cantina-extras.pdf\">Regulament de ordine interioar\u0103 internat-cantin\u0103 CNPR &#8211; extras<\/a><\/p>\n<p><a href=\"\/documente\/2025_octombrie_rezultatele_selectiei_dosarelor_pedagog.pdf\" target=\"_blank\" rel=\"noopener\"><span style=\"color: #0000ff;\">Rezultatele selec\u021biei dosarelor de \u00eenscriere la concursul pentru postul de pedagog \u0219colar<\/span><\/a><\/p>\n<p>&nbsp;<\/p>\n<h3>PORTAR:<\/h3>\n<p><a href=\"https:\/\/cnprsv.ro\/documente\/2025_noiembrie_rezultate_portar.pdf\" target=\"_blank\" rel=\"noopener\">Rezultate finale portar<\/a><\/p>\n<p><a href=\"\/documente\/2025_noiembrie_rezultat_interviu_portar.pdf\" target=\"_blank\" rel=\"noopener\">Rezultate proba interviu portar<\/a><\/p>\n<p><a href=\"\/documente\/2025_noiembrie_plan_interviu_portar.pdf\" target=\"_blank\" rel=\"noopener\">Plan de inverviu portar<\/a><\/p>\n<p><a href=\"\/documente\/2025_noiembrie_rezultate_proba_scrisa_concurs_portar.pdf\" target=\"_blank\" rel=\"noopener\">Rezultate proba scris\u0103 concurs portar<\/a><\/p>\n<p><a href=\"\/documente\/2025_noiembrie_BAREM_CONCURS_PORTAR_VARIANTA1.pdf\" target=\"_blank\" rel=\"noopener\">Barem proba scris\u0103 portar<\/a><\/p>\n<p><a href=\"https:\/\/cnprsv.ro\/wp-content\/uploads\/2025\/10\/Bibliografia-tematica-si-fisa-postului-PORTAR.pdf\">Bibliografie, tematic\u0103 \u0219i fi\u0219a postului portar<\/a><\/p>\n<p><a href=\"https:\/\/cnprsv.ro\/wp-content\/uploads\/2025\/10\/Regulament-intern-extras.pdf\">Regulament intern CNPR &#8211; extras<\/a><\/p>\n<p><a href=\"\/documente\/2025_octombrie_rezultatele_selectiei_dosarelor_portar.pdf\" target=\"_blank\" rel=\"noopener\"><span style=\"color: #0000ff;\">Rezultatele selec\u021biei dosarelor de \u00eenscriere la concursul pentru postul de portar<\/span><\/a><\/p>\n<p>&nbsp;<\/p>\n","protected":false},"excerpt":{"rendered":"<p>&nbsp; Anun\u021b organizare concurs ocupare posturi vacante noiembrie 2025: secretar, pedagog, portar \u00ceN ATEN\u021aIA CANDIDA\u021aILOR ! NOT\u0102: Dosarul trebuie s\u0103 cuprind\u0103 toate documentele, \u00een ordinea enumerat\u0103 \u00een anun\u021b, iar filele trebuie numerotate, num\u0103rul de file va fi consemnat \u00een opis.<\/p>\n<div class=\"entry-read-more\"><a class=\"read-more-link\" href=\"https:\/\/cnprsv.ro\/?page_id=13018\">Read More<span class=\"cleanwp-sr-only\">  Anun\u021b concurs posturi vacante: secretar, pedagog \u0219i portar noiembrie 2025<\/span><\/a><\/div>\n","protected":false},"author":1,"featured_media":0,"parent":0,"menu_order":0,"comment_status":"closed","ping_status":"closed","template":"","meta":{"_editorskit_title_hidden":false,"_editorskit_reading_time":0,"_editorskit_is_block_options_detached":false,"_editorskit_block_options_position":"{}","footnotes":""},"class_list":["post-13018","page","type-page","status-publish","hentry"],"_links":{"self":[{"href":"https:\/\/cnprsv.ro\/index.php?rest_route=\/wp\/v2\/pages\/13018","targetHints":{"allow":["GET"]}}],"collection":[{"href":"https:\/\/cnprsv.ro\/index.php?rest_route=\/wp\/v2\/pages"}],"about":[{"href":"https:\/\/cnprsv.ro\/index.php?rest_route=\/wp\/v2\/types\/page"}],"author":[{"embeddable":true,"href":"https:\/\/cnprsv.ro\/index.php?rest_route=\/wp\/v2\/users\/1"}],"replies":[{"embeddable":true,"href":"https:\/\/cnprsv.ro\/index.php?rest_route=%2Fwp%2Fv2%2Fcomments&post=13018"}],"version-history":[{"count":48,"href":"https:\/\/cnprsv.ro\/index.php?rest_route=\/wp\/v2\/pages\/13018\/revisions"}],"predecessor-version":[{"id":13124,"href":"https:\/\/cnprsv.ro\/index.php?rest_route=\/wp\/v2\/pages\/13018\/revisions\/13124"}],"wp:attachment":[{"href":"https:\/\/cnprsv.ro\/index.php?rest_route=%2Fwp%2Fv2%2Fmedia&parent=13018"}],"curies":[{"name":"wp","href":"https:\/\/api.w.org\/{rel}","templated":true}]}}