{"id":13130,"date":"2025-11-19T16:13:20","date_gmt":"2025-11-19T14:13:20","guid":{"rendered":"https:\/\/cnprsv.ro\/?page_id=13130"},"modified":"2025-12-15T14:22:49","modified_gmt":"2025-12-15T12:22:49","slug":"anunt-concurs-post-vacant-supraveghetor-noapte-decembrie-2025","status":"publish","type":"page","link":"https:\/\/cnprsv.ro\/?page_id=13130","title":{"rendered":"Anun\u021b concurs post vacant: supraveghetor noapte decembrie 2025"},"content":{"rendered":"<h2><\/h2>\n<p>\u00ceN ATEN\u021aIA CANDIDA\u021aILOR !<\/p>\n<div>NOT\u0102:<\/div>\n<div>Dosarul trebuie s\u0103 cuprind\u0103 toate documentele, \u00een ordinea enumerat\u0103 \u00een anun\u021b, iar filele trebuie numerotate, num\u0103rul de file va fi consemnat \u00een opis. Opisul dosarului se \u00eentocme\u0219te \u00een 2 exemplare, un exemplar se restituie candidatului cu num\u0103r de \u00eenregistrare.<\/div>\n<p>Formularul de \u00eenscriere este disponibil\u00a0<a href=\"https:\/\/cnprsv.ro\/documente\/2024_octombrie_FORMULAR_DE_INSCRIERE_concursuri_angajare.pdf\">aici<\/a>.<\/p>\n<p><a href=\"https:\/\/cnprsv.ro\/wp-content\/uploads\/2025\/12\/rezultat-final-concurs-supraveghetor-noapte.pdf\"><strong>REZULTAT FINAL<\/strong><\/a><\/p>\n<p><a href=\"https:\/\/cnprsv.ro\/wp-content\/uploads\/2025\/12\/Rezultat-proba-interviu-supravaghetor-noapte.pdf\">Rezultate proba de interviu<\/a><\/p>\n<p><a href=\"https:\/\/cnprsv.ro\/wp-content\/uploads\/2025\/12\/REZULTATE-PROBA-SCRISA-SUPRAVEGHETOR-DE-NOAPTE.pdf\">Rezultate proba scris\u0103<\/a><\/p>\n<p><a href=\"https:\/\/cnprsv.ro\/wp-content\/uploads\/2025\/12\/Barem-de-corectare-proba-scrisa-concurs-_supraveghetor-de-noapte.pdf\">Barem proba scris\u0103<\/a><\/p>\n<p><a href=\"\/documente\/2025_decembrie_rezultate_selectie_dosare_surpaveghetor.pdf\" target=\"_blank\" rel=\"noopener\">Rezultate selec\u021bie dosare supraveghetor noapte<\/a><\/p>\n<p><a href=\"\/documente\/2025_noiembrie_anunt_concurs_supraveghetor_noapte.pdf\">Anun\u021b, condi\u021bii de ocupare a postului, atribu\u021bii generale, componen\u021ba dosarului, procedura de selec\u021bie, tematica \u0219i bibliografia de concurs<\/a><\/p>\n<p><a href=\"\/documente\/2025_noiembrie_fisa_postului_supraveghetor_noapte.pdf\">Fi\u0219a postului supraveghetor noapte pentru concurs<\/a><\/p>\n<p><a href=\"https:\/\/cnprsv.ro\/wp-content\/uploads\/2025\/10\/Regulament-intern-extras.pdf\">Regulament intern CNPR &#8211; extras<\/a><\/p>\n<p><a href=\"https:\/\/cnprsv.ro\/wp-content\/uploads\/2025\/10\/Regulament-internat-cantina-extras.pdf\">Regulament de ordine interioar\u0103 internat-cantin\u0103 CNPR &#8211; extras<\/a><\/p>\n<p>&nbsp;<\/p>\n","protected":false},"excerpt":{"rendered":"<p>\u00ceN ATEN\u021aIA CANDIDA\u021aILOR ! NOT\u0102: Dosarul trebuie s\u0103 cuprind\u0103 toate documentele, \u00een ordinea enumerat\u0103 \u00een anun\u021b, iar filele trebuie numerotate, num\u0103rul de file va fi consemnat \u00een opis. Opisul dosarului se \u00eentocme\u0219te \u00een 2 exemplare, un exemplar se restituie candidatului<\/p>\n<div class=\"entry-read-more\"><a class=\"read-more-link\" href=\"https:\/\/cnprsv.ro\/?page_id=13130\">Read More<span class=\"cleanwp-sr-only\">  Anun\u021b concurs post vacant: supraveghetor noapte decembrie 2025<\/span><\/a><\/div>\n","protected":false},"author":1,"featured_media":0,"parent":0,"menu_order":0,"comment_status":"closed","ping_status":"closed","template":"","meta":{"_editorskit_title_hidden":false,"_editorskit_reading_time":0,"_editorskit_is_block_options_detached":false,"_editorskit_block_options_position":"{}","footnotes":""},"class_list":["post-13130","page","type-page","status-publish","hentry"],"_links":{"self":[{"href":"https:\/\/cnprsv.ro\/index.php?rest_route=\/wp\/v2\/pages\/13130","targetHints":{"allow":["GET"]}}],"collection":[{"href":"https:\/\/cnprsv.ro\/index.php?rest_route=\/wp\/v2\/pages"}],"about":[{"href":"https:\/\/cnprsv.ro\/index.php?rest_route=\/wp\/v2\/types\/page"}],"author":[{"embeddable":true,"href":"https:\/\/cnprsv.ro\/index.php?rest_route=\/wp\/v2\/users\/1"}],"replies":[{"embeddable":true,"href":"https:\/\/cnprsv.ro\/index.php?rest_route=%2Fwp%2Fv2%2Fcomments&post=13130"}],"version-history":[{"count":13,"href":"https:\/\/cnprsv.ro\/index.php?rest_route=\/wp\/v2\/pages\/13130\/revisions"}],"predecessor-version":[{"id":13168,"href":"https:\/\/cnprsv.ro\/index.php?rest_route=\/wp\/v2\/pages\/13130\/revisions\/13168"}],"wp:attachment":[{"href":"https:\/\/cnprsv.ro\/index.php?rest_route=%2Fwp%2Fv2%2Fmedia&parent=13130"}],"curies":[{"name":"wp","href":"https:\/\/api.w.org\/{rel}","templated":true}]}}