{"id":13173,"date":"2025-12-19T15:32:54","date_gmt":"2025-12-19T13:32:54","guid":{"rendered":"https:\/\/cnprsv.ro\/?page_id=13173"},"modified":"2025-12-19T15:32:54","modified_gmt":"2025-12-19T13:32:54","slug":"anunt-de-selectie-proiect-international-2026-bridging-water-a-youth-exchange-on-sustainability-and-cultural-heritage-in-romania-and-turkey","status":"publish","type":"page","link":"https:\/\/cnprsv.ro\/?page_id=13173","title":{"rendered":"Anun\u021b de selec\u021bie \u2013 proiect interna\u021bional 2026 &#8222;Bridging water: A Youth Exchange on Sustainability and Cultural Heritage in Romania and Turkey&#8221;"},"content":{"rendered":"<p><strong>Anun\u021b de selec\u021bie \u2013 proiect interna\u021bional 2026<\/strong><\/p>\n<p><strong>\u00a0<\/strong><\/p>\n<p>\u00cen aten\u021bia elevilor Colegiului National \u201ePetru Rare\u0219\u201d Suceava<\/p>\n<p>Unitatea noastr\u0103 \u0219colar\u0103 lanseaz\u0103 procesul de selec\u021bie pentru participarea la proiectul interna\u021bional &#8222;Bridging water: A Youth Exchange on Sustainability and Cultural Heritage in Romania and Turkey&#8221;, cu mobilit\u0103\u021bi \u00een perioadele <strong>2 \u2013 6 martie 2026 (Romania) <\/strong>\u0219i <strong>20 &#8211; 24 aprilie 2026, Turcia. <\/strong>Aceasta este o oportunitate unic\u0103 de dezvoltare personal\u0103, lingvistic\u0103 \u0219i intercultural\u0103.<\/p>\n<p><strong>V\u00e2rsta grupului \u021bint\u0103<\/strong>: <strong>15-16 ani<\/strong><\/p>\n<p>Procesul de selec\u021bie se va desf\u0103\u0219ura \u00een dou\u0103 etape obligatorii:<\/p>\n<p>&nbsp;<\/p>\n<p><strong>Depunerea dosarelor de candidatur\u0103<\/strong><\/p>\n<p><strong>Termen limit\u0103:<\/strong> 8 ianuarie 2026, ora 16:00<\/p>\n<p><strong>Loca\u021bie:<\/strong> Dosarele se depun la secretariatul \u0219colii.<\/p>\n<p><strong>Criterii:<\/strong> Dosarul trebuie \u00eentocmit conform prevederilor din <strong>Fi\u0219a de Selec\u021bie<\/strong> (care poate fi desc\u0103rcat\u0103 de aici \u00een format <a href=\"\/documente\/2025_decembrie_Student_Selection_Form_Project_Romania_Turkey.docx\" target=\"_blank\" rel=\"noopener\">editabil<\/a> \u0219i \u00een format <a href=\"\/documente\/2025_decembrie_Student_Selection_Form_Project_Romania_Turkey.pdf\" target=\"_blank\" rel=\"noopener\">pdf<\/a>).<\/p>\n<p>&nbsp;<\/p>\n<p><strong>Interviul de selec\u021bie (\u00een limba englez\u0103)<\/strong><\/p>\n<p><strong>Data:<\/strong> 15 ianuarie 2026<\/p>\n<p><strong>Ora:<\/strong> 14:00<\/p>\n<p><strong>Loca\u021bia:<\/strong> va fi anun\u021bat\u0103 la o data ulterioar\u0103<\/p>\n<p>&nbsp;<\/p>\n<p><strong>V\u0103 invit\u0103m s\u0103 consulta\u021bi cu aten\u021bie <em>Fi\u0219a de Selec\u021bie<\/em> ata\u0219at\u0103 pentru detalii complete despre criteriile de punctare!<\/strong><\/p>\n<p>Pentru selec\u021bie, elevul depune la secretariatul colegiului un dosar care cuprinde fi\u0219a de selec\u021bie desc\u0103rcat\u0103 de pe site-ul \u0219colii, completat\u0103, semnat\u0103 \u0219i datat\u0103, precum \u0219i documentele ata\u0219ate, cerute \u00een mod expres, sau pe care le consider\u0103 necesare (cel pu\u021bin un document pentru fiecare item).<\/p>\n<p>Punctajul maxim este de 100 de puncte (c\u00e2te 10 puncte pentru fiecare item).<\/p>\n<p>Vor fi selecta\u021bi 10 elevi titulari (7 fete, 3 b\u0103ie\u021bi) \u0219i 2 elevi rezerv\u0103 (1 b\u0103iat, 1 fat\u0103), care vor reprezenta grupul \u021bint\u0103 al proiectului.<\/p>\n<p>Elevii selecta\u021bi vor semna un acord\u00a0 (norme de protec\u021bie a muncii, de securitate a deplas\u0103rii, drepturi \u0219i obliga\u021bii etc) cu echipa de implementare a proiectului, cu valabilitate \u00een perioada derul\u0103rii proiectului.<\/p>\n","protected":false},"excerpt":{"rendered":"<p>Anun\u021b de selec\u021bie \u2013 proiect interna\u021bional 2026 \u00a0 \u00cen aten\u021bia elevilor Colegiului National \u201ePetru Rare\u0219\u201d Suceava Unitatea noastr\u0103 \u0219colar\u0103 lanseaz\u0103 procesul de selec\u021bie pentru participarea la proiectul interna\u021bional &#8222;Bridging water: A Youth Exchange on Sustainability and Cultural Heritage in Romania<\/p>\n<div class=\"entry-read-more\"><a class=\"read-more-link\" href=\"https:\/\/cnprsv.ro\/?page_id=13173\">Read More<span class=\"cleanwp-sr-only\">  Anun\u021b de selec\u021bie \u2013 proiect interna\u021bional 2026 &#8222;Bridging water: A Youth Exchange on Sustainability and Cultural Heritage in Romania and Turkey&#8221;<\/span><\/a><\/div>\n","protected":false},"author":1,"featured_media":0,"parent":0,"menu_order":0,"comment_status":"closed","ping_status":"closed","template":"","meta":{"_editorskit_title_hidden":false,"_editorskit_reading_time":0,"_editorskit_is_block_options_detached":false,"_editorskit_block_options_position":"{}","footnotes":""},"class_list":["post-13173","page","type-page","status-publish","hentry"],"_links":{"self":[{"href":"https:\/\/cnprsv.ro\/index.php?rest_route=\/wp\/v2\/pages\/13173","targetHints":{"allow":["GET"]}}],"collection":[{"href":"https:\/\/cnprsv.ro\/index.php?rest_route=\/wp\/v2\/pages"}],"about":[{"href":"https:\/\/cnprsv.ro\/index.php?rest_route=\/wp\/v2\/types\/page"}],"author":[{"embeddable":true,"href":"https:\/\/cnprsv.ro\/index.php?rest_route=\/wp\/v2\/users\/1"}],"replies":[{"embeddable":true,"href":"https:\/\/cnprsv.ro\/index.php?rest_route=%2Fwp%2Fv2%2Fcomments&post=13173"}],"version-history":[{"count":1,"href":"https:\/\/cnprsv.ro\/index.php?rest_route=\/wp\/v2\/pages\/13173\/revisions"}],"predecessor-version":[{"id":13174,"href":"https:\/\/cnprsv.ro\/index.php?rest_route=\/wp\/v2\/pages\/13173\/revisions\/13174"}],"wp:attachment":[{"href":"https:\/\/cnprsv.ro\/index.php?rest_route=%2Fwp%2Fv2%2Fmedia&parent=13173"}],"curies":[{"name":"wp","href":"https:\/\/api.w.org\/{rel}","templated":true}]}}