{"id":1322,"date":"2011-06-22T07:08:47","date_gmt":"2011-06-22T07:08:47","guid":{"rendered":"http:\/\/cnprsv.ro\/?page_id=1322"},"modified":"2024-10-11T15:37:36","modified_gmt":"2024-10-11T13:37:36","slug":"catedre","status":"publish","type":"page","link":"https:\/\/cnprsv.ro\/?page_id=1322","title":{"rendered":"Comisii metodice"},"content":{"rendered":"<p><a href=\"https:\/\/cnprsv.ro\/?page_id=1492\">Comisia profesorilor de limb\u0103 \u0219i literatur\u0103 rom\u00e2n\u0103 \u015fi latin\u0103<\/a><\/p>\n<p><a href=\"https:\/\/cnprsv.ro\/?page_id=5562\" target=\"_blank\" rel=\"noopener\">Comisia profesorilor de limba englez\u0103 \u0219i spaniol\u0103<\/a><\/p>\n<p><a href=\"https:\/\/cnprsv.ro\/?page_id=5557\" target=\"_blank\" rel=\"noopener\">Comisia profesorilor de limba francez\u0103<\/a><\/p>\n<p><a href=\"https:\/\/cnprsv.ro\/?page_id=8508\" target=\"_blank\" rel=\"noopener\">Comisia profesorilor de limba german\u0103<\/a><\/p>\n<p><a href=\"https:\/\/cnprsv.ro\/?page_id=1495\">Catedra de matematic\u0103<\/a><\/p>\n<p><a href=\"https:\/\/cnprsv.ro\/?page_id=1496\">Catedra de fizic\u0103<\/a><\/p>\n<p><a href=\"https:\/\/cnprsv.ro\/?page_id=7308\" target=\"_blank\" rel=\"noopener\">Comisia profesorilor de chimie \u0219i biologie<\/a><\/p>\n<p><a href=\"https:\/\/cnprsv.ro\/?page_id=1498\" target=\"_blank\" rel=\"noopener\">Comisia profesorilor de\u00a0istorie\u00a0\u0219i\u00a0geografie<\/a><\/p>\n<p><a href=\"https:\/\/cnprsv.ro\/?page_id=1500\" target=\"_blank\" rel=\"noopener\">Comisia profesorilor de \u0219tiin\u021be sociale, religie, arte \u0219i educa\u021bie fizic\u0103<\/a><\/p>\n<p><a href=\"https:\/\/cnprsv.ro\/?page_id=1497\" target=\"_blank\" rel=\"noopener\">Comisia profesorilor de informatic\u0103 \u0219i tehnologii<\/a><\/p>\n<p>&nbsp;<\/p>\n<p>&nbsp;<\/p>\n","protected":false},"excerpt":{"rendered":"<p>Comisia profesorilor de limb\u0103 \u0219i literatur\u0103 rom\u00e2n\u0103 \u015fi latin\u0103 Comisia profesorilor de limba englez\u0103 \u0219i spaniol\u0103 Comisia profesorilor de limba francez\u0103 Comisia profesorilor de limba german\u0103 Catedra de matematic\u0103 Catedra de fizic\u0103 Comisia profesorilor de chimie \u0219i biologie Comisia profesorilor<\/p>\n<div class=\"entry-read-more\"><a class=\"read-more-link\" href=\"https:\/\/cnprsv.ro\/?page_id=1322\">Read More<span class=\"cleanwp-sr-only\">  Comisii metodice<\/span><\/a><\/div>\n","protected":false},"author":1,"featured_media":0,"parent":5,"menu_order":6,"comment_status":"closed","ping_status":"open","template":"","meta":{"_editorskit_title_hidden":false,"_editorskit_reading_time":0,"_editorskit_is_block_options_detached":false,"_editorskit_block_options_position":"{}","footnotes":""},"class_list":["post-1322","page","type-page","status-publish","hentry"],"_links":{"self":[{"href":"https:\/\/cnprsv.ro\/index.php?rest_route=\/wp\/v2\/pages\/1322","targetHints":{"allow":["GET"]}}],"collection":[{"href":"https:\/\/cnprsv.ro\/index.php?rest_route=\/wp\/v2\/pages"}],"about":[{"href":"https:\/\/cnprsv.ro\/index.php?rest_route=\/wp\/v2\/types\/page"}],"author":[{"embeddable":true,"href":"https:\/\/cnprsv.ro\/index.php?rest_route=\/wp\/v2\/users\/1"}],"replies":[{"embeddable":true,"href":"https:\/\/cnprsv.ro\/index.php?rest_route=%2Fwp%2Fv2%2Fcomments&post=1322"}],"version-history":[{"count":3,"href":"https:\/\/cnprsv.ro\/index.php?rest_route=\/wp\/v2\/pages\/1322\/revisions"}],"predecessor-version":[{"id":11625,"href":"https:\/\/cnprsv.ro\/index.php?rest_route=\/wp\/v2\/pages\/1322\/revisions\/11625"}],"up":[{"embeddable":true,"href":"https:\/\/cnprsv.ro\/index.php?rest_route=\/wp\/v2\/pages\/5"}],"wp:attachment":[{"href":"https:\/\/cnprsv.ro\/index.php?rest_route=%2Fwp%2Fv2%2Fmedia&parent=1322"}],"curies":[{"name":"wp","href":"https:\/\/api.w.org\/{rel}","templated":true}]}}