{"id":13243,"date":"2026-03-04T10:39:23","date_gmt":"2026-03-04T08:39:23","guid":{"rendered":"https:\/\/cnprsv.ro\/?page_id=13243"},"modified":"2026-03-09T10:25:11","modified_gmt":"2026-03-09T08:25:11","slug":"olimpiada-judeteana-de-biologie-6-martie-2026","status":"publish","type":"page","link":"https:\/\/cnprsv.ro\/?page_id=13243","title":{"rendered":"Olimpiada jude\u021bean\u0103 de biologie &#8211; 6 martie 2026"},"content":{"rendered":"<p>&nbsp;<\/p>\n<p>Cererea de contesta\u021bie este disponibil\u0103 <a href=\"\/documente\/2026_martie_OJB_cerere_contestatii.pdf\" target=\"_blank\" rel=\"noopener\">aici<\/a>.<\/p>\n<p>Cererea de vizualizare a lucr\u0103rii este disponibil\u0103 <a href=\"\/documente\/2026_martie_OJB_cerere_vizualizare_lucrare.pdf\" target=\"_blank\" rel=\"noopener\">aici<\/a>.<\/p>\n<p>Anun\u021bul privind contesta\u021biile \u00eel pute\u021bi citi <a href=\"\/documente\/2026_martie_OJB_anunt_contestatii.pdf\" target=\"_blank\" rel=\"noopener\">aici<\/a>.<\/p>\n<p>Rezultatele \u00eenainte de contesta\u021bii sunt disponibile <a href=\"\/documente\/2026_martie_OJB_rezultate_inainte_de_contestatii.pdf\" target=\"_blank\" rel=\"noopener\">aici<\/a>.<\/p>\n<p>Baremele sunt disponibile <a href=\"\/documente\/2026_martie_OJB_Bareme_jud_2026.zip\" target=\"_blank\" rel=\"noopener\">aici<\/a>.<\/p>\n<p>Subiectele sunt disponibile <a href=\"\/documente\/2026_martie_OJB_Subiecte_jud_2026.zip\" target=\"_blank\" rel=\"noopener\">aici<\/a>.<\/p>\n<p>Repartizarea elevilor pe s\u0103li este disponibil\u0103 <a href=\"\/documente\/2026_martie_OJB_repartizare_elevi_sali.pdf\" target=\"_blank\" rel=\"noopener\">aici<\/a>.<\/p>\n<p>Anun\u021bul cu num\u0103rul de locuri \u00eel pute\u021bi citi <a href=\"\/documente\/2026_martie_OJB_Anunt_nr_locuri.pdf\" target=\"_blank\" rel=\"noopener\">aici<\/a>.<\/p>\n<p>Anun\u021bul despre desf\u0103\u0219urarea olimpiadei \u00eel pute\u021bi citi <a href=\"\/documente\/2026_martie_OJB_ANUNT_DESFASURARE.pdf\" target=\"_blank\" rel=\"noopener\">aici<\/a>.<\/p>\n","protected":false},"excerpt":{"rendered":"<p>&nbsp; Cererea de contesta\u021bie este disponibil\u0103 aici. Cererea de vizualizare a lucr\u0103rii este disponibil\u0103 aici. Anun\u021bul privind contesta\u021biile \u00eel pute\u021bi citi aici. Rezultatele \u00eenainte de contesta\u021bii sunt disponibile aici. Baremele sunt disponibile aici. Subiectele sunt disponibile aici. Repartizarea elevilor pe<\/p>\n<div class=\"entry-read-more\"><a class=\"read-more-link\" href=\"https:\/\/cnprsv.ro\/?page_id=13243\">Read More<span class=\"cleanwp-sr-only\">  Olimpiada jude\u021bean\u0103 de biologie &#8211; 6 martie 2026<\/span><\/a><\/div>\n","protected":false},"author":1,"featured_media":0,"parent":0,"menu_order":0,"comment_status":"closed","ping_status":"closed","template":"","meta":{"_editorskit_title_hidden":false,"_editorskit_reading_time":0,"_editorskit_is_block_options_detached":false,"_editorskit_block_options_position":"{}","footnotes":""},"class_list":["post-13243","page","type-page","status-publish","hentry"],"_links":{"self":[{"href":"https:\/\/cnprsv.ro\/index.php?rest_route=\/wp\/v2\/pages\/13243","targetHints":{"allow":["GET"]}}],"collection":[{"href":"https:\/\/cnprsv.ro\/index.php?rest_route=\/wp\/v2\/pages"}],"about":[{"href":"https:\/\/cnprsv.ro\/index.php?rest_route=\/wp\/v2\/types\/page"}],"author":[{"embeddable":true,"href":"https:\/\/cnprsv.ro\/index.php?rest_route=\/wp\/v2\/users\/1"}],"replies":[{"embeddable":true,"href":"https:\/\/cnprsv.ro\/index.php?rest_route=%2Fwp%2Fv2%2Fcomments&post=13243"}],"version-history":[{"count":5,"href":"https:\/\/cnprsv.ro\/index.php?rest_route=\/wp\/v2\/pages\/13243\/revisions"}],"predecessor-version":[{"id":13258,"href":"https:\/\/cnprsv.ro\/index.php?rest_route=\/wp\/v2\/pages\/13243\/revisions\/13258"}],"wp:attachment":[{"href":"https:\/\/cnprsv.ro\/index.php?rest_route=%2Fwp%2Fv2%2Fmedia&parent=13243"}],"curies":[{"name":"wp","href":"https:\/\/api.w.org\/{rel}","templated":true}]}}