{"id":14,"date":"2011-03-23T10:35:04","date_gmt":"2011-03-23T10:35:04","guid":{"rendered":"http:\/\/cnprsv.ro\/?page_id=14"},"modified":"2024-10-11T15:37:36","modified_gmt":"2024-10-11T13:37:36","slug":"resurse-materiale-2","status":"publish","type":"page","link":"https:\/\/cnprsv.ro\/?page_id=14","title":{"rendered":"Resurse materiale"},"content":{"rendered":"<p>&nbsp;<\/p>\n<p>Resurse materiale:<\/p>\n<div style=\"padding-left: 30px;\">\u2022 21 s\u0103li de clas\u0103<\/div>\n<div style=\"padding-left: 30px;\">\u2022 1 sal\u0103 de festivit\u0103\u0163i<\/div>\n<div style=\"padding-left: 30px;\">\u2022 2 laboratoare de informatic\u0103<\/div>\n<div style=\"padding-left: 30px;\">\u2022 1 laborator multimedia, dotat cu mese multitouch<\/div>\n<div style=\"padding-left: 30px;\">\u2022 1 laborator biologie<\/div>\n<div style=\"padding-left: 30px;\">\u2022 1 laborator fizic\u0103<\/div>\n<div style=\"padding-left: 30px;\">\u2022 1 laborator chimie<\/div>\n<div style=\"padding-left: 30px;\">\u2022 2 cabinete german\u0103<\/div>\n<div style=\"padding-left: 30px;\">\u2022 1 cabinet englez\u0103<\/div>\n<div style=\"padding-left: 30px;\">\u2022 1 cabinet francez\u0103 \u015fi spaniol\u0103<\/div>\n<div style=\"padding-left: 30px;\">\u2022 1 cabinet matematic\u0103<\/div>\n<div style=\"padding-left: 30px;\">\u2022 bibliotec\u0103 35000 volume \u0219i re\u021bea calculatoare<\/div>\n<div style=\"padding-left: 30px;\">\u2022 sal\u0103 sport<\/div>\n<div style=\"padding-left: 30px;\">\u2022 c\u0103min mixt cu 190 locuri<\/div>\n<div style=\"padding-left: 30px;\">\u2022 cantin\u0103 cu 100 locuri pe serie<\/div>\n<div style=\"padding-left: 30px;\">\u2022 2 cabinete medicale<\/div>\n<p>&nbsp;<\/p>\n","protected":false},"excerpt":{"rendered":"<p>&nbsp; Resurse materiale: \u2022 21 s\u0103li de clas\u0103 \u2022 1 sal\u0103 de festivit\u0103\u0163i \u2022 2 laboratoare de informatic\u0103 \u2022 1 laborator multimedia, dotat cu mese multitouch \u2022 1 laborator biologie \u2022 1 laborator fizic\u0103 \u2022 1 laborator chimie \u2022 2<\/p>\n<div class=\"entry-read-more\"><a class=\"read-more-link\" href=\"https:\/\/cnprsv.ro\/?page_id=14\">Read More<span class=\"cleanwp-sr-only\">  Resurse materiale<\/span><\/a><\/div>\n","protected":false},"author":1,"featured_media":0,"parent":9,"menu_order":2,"comment_status":"closed","ping_status":"closed","template":"","meta":{"_editorskit_title_hidden":false,"_editorskit_reading_time":0,"_editorskit_is_block_options_detached":false,"_editorskit_block_options_position":"{}","footnotes":""},"class_list":["post-14","page","type-page","status-publish","hentry"],"_links":{"self":[{"href":"https:\/\/cnprsv.ro\/index.php?rest_route=\/wp\/v2\/pages\/14","targetHints":{"allow":["GET"]}}],"collection":[{"href":"https:\/\/cnprsv.ro\/index.php?rest_route=\/wp\/v2\/pages"}],"about":[{"href":"https:\/\/cnprsv.ro\/index.php?rest_route=\/wp\/v2\/types\/page"}],"author":[{"embeddable":true,"href":"https:\/\/cnprsv.ro\/index.php?rest_route=\/wp\/v2\/users\/1"}],"replies":[{"embeddable":true,"href":"https:\/\/cnprsv.ro\/index.php?rest_route=%2Fwp%2Fv2%2Fcomments&post=14"}],"version-history":[{"count":2,"href":"https:\/\/cnprsv.ro\/index.php?rest_route=\/wp\/v2\/pages\/14\/revisions"}],"predecessor-version":[{"id":5589,"href":"https:\/\/cnprsv.ro\/index.php?rest_route=\/wp\/v2\/pages\/14\/revisions\/5589"}],"up":[{"embeddable":true,"href":"https:\/\/cnprsv.ro\/index.php?rest_route=\/wp\/v2\/pages\/9"}],"wp:attachment":[{"href":"https:\/\/cnprsv.ro\/index.php?rest_route=%2Fwp%2Fv2%2Fmedia&parent=14"}],"curies":[{"name":"wp","href":"https:\/\/api.w.org\/{rel}","templated":true}]}}