{"id":1492,"date":"2011-10-04T15:15:57","date_gmt":"2011-10-04T15:15:57","guid":{"rendered":"http:\/\/cnprsv.ro\/?page_id=1492"},"modified":"2024-10-11T15:37:36","modified_gmt":"2024-10-11T13:37:36","slug":"catedra-de-limba-si-literatura-romana","status":"publish","type":"page","link":"https:\/\/cnprsv.ro\/?page_id=1492","title":{"rendered":"Rom\u00e2n\u0103 Latin\u0103"},"content":{"rendered":"<p><strong>ADAM Ionela Adina, prof. grad I<\/strong><\/p>\n<p><strong>BOICIUC Daniela, prof. grad II, limba latin\u0103<\/strong><\/p>\n<p><strong>BOTEANU Ileana, prof. grad I<\/strong><\/p>\n<p><strong>BROASC\u0102 Alina, prof. grad I<\/strong><\/p>\n<p><strong>CAZACU Anca Gianina, prof. dr. grad II<\/strong><\/p>\n<p><strong>CIOB\u00ceC\u0102 Maria, prof. definitiv<\/strong><\/p>\n<p><strong>C\u00ceRSTIAN Gheorghe, prof. grad I<\/strong><\/p>\n<p><strong>IEREMIE Viorel, prof. grad I<\/strong><\/p>\n<p><strong>ILISEI Mihaela Gabriela, prof. grad I<\/strong><\/p>\n<p>&nbsp;<\/p>\n<p>&nbsp;<\/p>\n<p>&nbsp;<\/p>\n<p>&nbsp;<\/p>\n<p>&nbsp;<\/p>\n","protected":false},"excerpt":{"rendered":"<p>ADAM Ionela Adina, prof. grad I BOICIUC Daniela, prof. grad II, limba latin\u0103 BOTEANU Ileana, prof. grad I BROASC\u0102 Alina, prof. grad I CAZACU Anca Gianina, prof. dr. grad II CIOB\u00ceC\u0102 Maria, prof. definitiv C\u00ceRSTIAN Gheorghe, prof. grad I IEREMIE<\/p>\n<div class=\"entry-read-more\"><a class=\"read-more-link\" href=\"https:\/\/cnprsv.ro\/?page_id=1492\">Read More<span class=\"cleanwp-sr-only\">  Rom\u00e2n\u0103 Latin\u0103<\/span><\/a><\/div>\n","protected":false},"author":1,"featured_media":0,"parent":1322,"menu_order":1,"comment_status":"closed","ping_status":"open","template":"","meta":{"_editorskit_title_hidden":false,"_editorskit_reading_time":0,"_editorskit_is_block_options_detached":false,"_editorskit_block_options_position":"{}","footnotes":""},"class_list":["post-1492","page","type-page","status-publish","hentry"],"_links":{"self":[{"href":"https:\/\/cnprsv.ro\/index.php?rest_route=\/wp\/v2\/pages\/1492","targetHints":{"allow":["GET"]}}],"collection":[{"href":"https:\/\/cnprsv.ro\/index.php?rest_route=\/wp\/v2\/pages"}],"about":[{"href":"https:\/\/cnprsv.ro\/index.php?rest_route=\/wp\/v2\/types\/page"}],"author":[{"embeddable":true,"href":"https:\/\/cnprsv.ro\/index.php?rest_route=\/wp\/v2\/users\/1"}],"replies":[{"embeddable":true,"href":"https:\/\/cnprsv.ro\/index.php?rest_route=%2Fwp%2Fv2%2Fcomments&post=1492"}],"version-history":[{"count":6,"href":"https:\/\/cnprsv.ro\/index.php?rest_route=\/wp\/v2\/pages\/1492\/revisions"}],"predecessor-version":[{"id":9910,"href":"https:\/\/cnprsv.ro\/index.php?rest_route=\/wp\/v2\/pages\/1492\/revisions\/9910"}],"up":[{"embeddable":true,"href":"https:\/\/cnprsv.ro\/index.php?rest_route=\/wp\/v2\/pages\/1322"}],"wp:attachment":[{"href":"https:\/\/cnprsv.ro\/index.php?rest_route=%2Fwp%2Fv2%2Fmedia&parent=1492"}],"curies":[{"name":"wp","href":"https:\/\/api.w.org\/{rel}","templated":true}]}}