{"id":1495,"date":"2011-10-04T15:16:03","date_gmt":"2011-10-04T15:16:03","guid":{"rendered":"http:\/\/cnprsv.ro\/?page_id=1495"},"modified":"2025-01-10T14:59:48","modified_gmt":"2025-01-10T12:59:48","slug":"catedra-de-matematica","status":"publish","type":"page","link":"https:\/\/cnprsv.ro\/?page_id=1495","title":{"rendered":"Matematic\u0103"},"content":{"rendered":"<p><strong>BALACI Livia, prof. grad I<\/strong><\/p>\n<p><strong>BEDRULEA Gabriela Victoria, prof. grad I<\/strong><\/p>\n<p><strong>BUSUIOC Daniela Mariana, prof. grad I<\/strong><\/p>\n<p><strong>DAVID Elena Manuela, prof. grad I<\/strong><\/p>\n<p><strong>MELINTE Michaella Cornelia Viorica, prof. grad I<\/strong><\/p>\n<p><strong>TOMASCIUC Lenu\u0163a, prof. grad I<\/strong><\/p>\n<p><strong>\u0162IG\u0102ERU Angela, prof. grad I<\/strong><\/p>\n<p>&nbsp;<\/p>\n<p>&nbsp;<\/p>\n<p>&nbsp;<\/p>\n<p>&nbsp;<\/p>\n","protected":false},"excerpt":{"rendered":"<p>BALACI Livia, prof. grad I BEDRULEA Gabriela Victoria, prof. grad I BUSUIOC Daniela Mariana, prof. grad I DAVID Elena Manuela, prof. grad I MELINTE Michaella Cornelia Viorica, prof. grad I TOMASCIUC Lenu\u0163a, prof. grad I \u0162IG\u0102ERU Angela, prof. grad I<\/p>\n<div class=\"entry-read-more\"><a class=\"read-more-link\" href=\"https:\/\/cnprsv.ro\/?page_id=1495\">Read More<span class=\"cleanwp-sr-only\">  Matematic\u0103<\/span><\/a><\/div>\n","protected":false},"author":1,"featured_media":0,"parent":1322,"menu_order":6,"comment_status":"closed","ping_status":"open","template":"","meta":{"_editorskit_title_hidden":false,"_editorskit_reading_time":0,"_editorskit_is_block_options_detached":false,"_editorskit_block_options_position":"{}","footnotes":""},"class_list":["post-1495","page","type-page","status-publish","hentry"],"_links":{"self":[{"href":"https:\/\/cnprsv.ro\/index.php?rest_route=\/wp\/v2\/pages\/1495","targetHints":{"allow":["GET"]}}],"collection":[{"href":"https:\/\/cnprsv.ro\/index.php?rest_route=\/wp\/v2\/pages"}],"about":[{"href":"https:\/\/cnprsv.ro\/index.php?rest_route=\/wp\/v2\/types\/page"}],"author":[{"embeddable":true,"href":"https:\/\/cnprsv.ro\/index.php?rest_route=\/wp\/v2\/users\/1"}],"replies":[{"embeddable":true,"href":"https:\/\/cnprsv.ro\/index.php?rest_route=%2Fwp%2Fv2%2Fcomments&post=1495"}],"version-history":[{"count":4,"href":"https:\/\/cnprsv.ro\/index.php?rest_route=\/wp\/v2\/pages\/1495\/revisions"}],"predecessor-version":[{"id":12452,"href":"https:\/\/cnprsv.ro\/index.php?rest_route=\/wp\/v2\/pages\/1495\/revisions\/12452"}],"up":[{"embeddable":true,"href":"https:\/\/cnprsv.ro\/index.php?rest_route=\/wp\/v2\/pages\/1322"}],"wp:attachment":[{"href":"https:\/\/cnprsv.ro\/index.php?rest_route=%2Fwp%2Fv2%2Fmedia&parent=1495"}],"curies":[{"name":"wp","href":"https:\/\/api.w.org\/{rel}","templated":true}]}}