{"id":1497,"date":"2011-10-04T15:16:07","date_gmt":"2011-10-04T15:16:07","guid":{"rendered":"http:\/\/cnprsv.ro\/?page_id=1497"},"modified":"2025-01-10T15:08:43","modified_gmt":"2025-01-10T13:08:43","slug":"catedra-de-tehnologii","status":"publish","type":"page","link":"https:\/\/cnprsv.ro\/?page_id=1497","title":{"rendered":"Informatic\u0103 \u015fi educa\u021bie tehnologic\u0103"},"content":{"rendered":"<p><strong>CIOBANU Cristina Gabriela, prof.&nbsp;grad I, educa\u021bie tehnologic\u0103<\/strong><\/p>\n<p><strong>DUMITRA\u015eCU Gabriela, prof. grad I<\/strong><\/p>\n<p><strong>ERHAN Mihail, prof. grad I<\/strong><\/p>\n<p><strong>SOCACIU LENDVAI Ioan Tiberiu, prof. dr. definitiv<\/strong><\/p>\n<p><strong>\u015eTEF\u0102NESCU Daniela Narcisa, prof. grad I<\/strong><\/p>\n<p><strong>UDUDEC Marius, prof. grad I<\/strong><\/p>\n<p>&nbsp;<\/p>\n<p>&nbsp;<\/p>\n<p>&nbsp;<\/p>\n<p>&nbsp;<\/p>\n","protected":false},"excerpt":{"rendered":"<p>CIOBANU Cristina Gabriela, prof.&nbsp;grad I, educa\u021bie tehnologic\u0103 DUMITRA\u015eCU Gabriela, prof. grad I ERHAN Mihail, prof. grad I SOCACIU LENDVAI Ioan Tiberiu, prof. dr. definitiv \u015eTEF\u0102NESCU Daniela Narcisa, prof. grad I UDUDEC Marius, prof. grad I &nbsp; &nbsp; &nbsp; &nbsp;<\/p>\n","protected":false},"author":1,"featured_media":0,"parent":1322,"menu_order":16,"comment_status":"closed","ping_status":"open","template":"","meta":{"_editorskit_title_hidden":false,"_editorskit_reading_time":1,"_editorskit_is_block_options_detached":false,"_editorskit_block_options_position":"{}","footnotes":""},"class_list":["post-1497","page","type-page","status-publish","hentry"],"_links":{"self":[{"href":"https:\/\/cnprsv.ro\/index.php?rest_route=\/wp\/v2\/pages\/1497","targetHints":{"allow":["GET"]}}],"collection":[{"href":"https:\/\/cnprsv.ro\/index.php?rest_route=\/wp\/v2\/pages"}],"about":[{"href":"https:\/\/cnprsv.ro\/index.php?rest_route=\/wp\/v2\/types\/page"}],"author":[{"embeddable":true,"href":"https:\/\/cnprsv.ro\/index.php?rest_route=\/wp\/v2\/users\/1"}],"replies":[{"embeddable":true,"href":"https:\/\/cnprsv.ro\/index.php?rest_route=%2Fwp%2Fv2%2Fcomments&post=1497"}],"version-history":[{"count":6,"href":"https:\/\/cnprsv.ro\/index.php?rest_route=\/wp\/v2\/pages\/1497\/revisions"}],"predecessor-version":[{"id":12458,"href":"https:\/\/cnprsv.ro\/index.php?rest_route=\/wp\/v2\/pages\/1497\/revisions\/12458"}],"up":[{"embeddable":true,"href":"https:\/\/cnprsv.ro\/index.php?rest_route=\/wp\/v2\/pages\/1322"}],"wp:attachment":[{"href":"https:\/\/cnprsv.ro\/index.php?rest_route=%2Fwp%2Fv2%2Fmedia&parent=1497"}],"curies":[{"name":"wp","href":"https:\/\/api.w.org\/{rel}","templated":true}]}}