{"id":16,"date":"2011-03-23T10:35:55","date_gmt":"2011-03-23T10:35:55","guid":{"rendered":"http:\/\/cnprsv.ro\/?page_id=16"},"modified":"2024-10-11T15:37:35","modified_gmt":"2024-10-11T13:37:35","slug":"specializari","status":"publish","type":"page","link":"https:\/\/cnprsv.ro\/?page_id=16","title":{"rendered":"Specializ\u0103ri"},"content":{"rendered":"<h3><a href=\"\/documente\/Stiinte sociale engleza.docx\"><strong>\u0218TIIN\u021aE SOCIALE, BILINGV ROM\u00c2N\u0102 &#8211; ENGLEZ\u0102<\/strong><\/a><\/h3>\n<h3><a href=\"\/documente\/Stiinte sociale franceza.docx\"><strong>\u0218TIIN\u021aE SOCIALE, BILINGV ROM\u00c2N\u0102 &#8211; FRANCEZ\u0102<\/strong><\/a><\/h3>\n<h3><a href=\"\/documente\/Stiinte sociale.docx\"><strong>\u0218TIIN\u021aE SOCIALE<\/strong><\/a><\/h3>\n<h3><a href=\"\/documente\/Stiinte ale naturii engleza.docx\"><strong>\u0218TIIN\u021aE ALE NATURII, BILINGV ROM\u00c2N\u0102 &#8211; ENGLEZ\u0102<\/strong><\/a><\/h3>\n<h3><a href=\"\/documente\/Stiinte ale naturii germana.docx\"><strong>\u0218TIIN\u021aE ALE NATURII, BILINGV ROM\u00c2N\u0102 &#8211; GERMAN\u0102<\/strong><\/a><\/h3>\n<h3><a href=\"\/documente\/Stiinte ale naturii.docx\"><strong>\u0218TIIN\u021aE ALE NATURII<\/strong><\/a><\/h3>\n<h3><a href=\"\/documente\/Matematic\u0103 informatica engleza.docx\"><strong>MATEMATIC\u0102 &#8211; INFORMATIC\u0102, BILINGV ROM\u00c2N\u0102 &#8211; ENGLEZ\u0102<\/strong><\/a><\/h3>\n<h3><a href=\"\/documente\/Matematic\u0103 informatica franceza.docx\"><strong>MATEMATIC\u0102 &#8211; INFORMATIC\u0102, BILINGV\/INTENSIV ROM\u00c2N\u0102 &#8211; FRANCEZ\u0102<\/strong><\/a><\/h3>\n<h3><a href=\"\/documente\/Matematic\u0103 informatica germana.docx\"><strong>MATEMATIC\u0102 &#8211; INFORMATIC\u0102, BILINGV ROM\u00c2N\u0102 &#8211; GERMAN\u0102<\/strong><\/a><\/h3>\n<h3><a href=\"\/documente\/Matematica informatica si intensiv.docx\"><strong>MATEMATIC\u0102 &#8211; INFORMATIC\u0102 \u0218I&nbsp;<\/strong><strong>MATEMATIC\u0102 &#8211; INFORMATIC\u0102 INTENSIV INFORMATIC\u0102<\/strong><\/a><\/h3>\n","protected":false},"excerpt":{"rendered":"<p>\u0218TIIN\u021aE SOCIALE, BILINGV ROM\u00c2N\u0102 &#8211; ENGLEZ\u0102 \u0218TIIN\u021aE SOCIALE, BILINGV ROM\u00c2N\u0102 &#8211; FRANCEZ\u0102 \u0218TIIN\u021aE SOCIALE \u0218TIIN\u021aE ALE NATURII, BILINGV ROM\u00c2N\u0102 &#8211; ENGLEZ\u0102 \u0218TIIN\u021aE ALE NATURII, BILINGV ROM\u00c2N\u0102 &#8211; GERMAN\u0102 \u0218TIIN\u021aE ALE NATURII MATEMATIC\u0102 &#8211; INFORMATIC\u0102, BILINGV ROM\u00c2N\u0102 &#8211; ENGLEZ\u0102 MATEMATIC\u0102 &#8211;<\/p>\n<div class=\"entry-read-more\"><a class=\"read-more-link\" href=\"https:\/\/cnprsv.ro\/?page_id=16\">Read More<span class=\"cleanwp-sr-only\">  Specializ\u0103ri<\/span><\/a><\/div>\n","protected":false},"author":1,"featured_media":0,"parent":5,"menu_order":5,"comment_status":"closed","ping_status":"closed","template":"","meta":{"_editorskit_title_hidden":false,"_editorskit_reading_time":1,"_editorskit_is_block_options_detached":false,"_editorskit_block_options_position":"{}","footnotes":""},"class_list":["post-16","page","type-page","status-publish","hentry"],"_links":{"self":[{"href":"https:\/\/cnprsv.ro\/index.php?rest_route=\/wp\/v2\/pages\/16","targetHints":{"allow":["GET"]}}],"collection":[{"href":"https:\/\/cnprsv.ro\/index.php?rest_route=\/wp\/v2\/pages"}],"about":[{"href":"https:\/\/cnprsv.ro\/index.php?rest_route=\/wp\/v2\/types\/page"}],"author":[{"embeddable":true,"href":"https:\/\/cnprsv.ro\/index.php?rest_route=\/wp\/v2\/users\/1"}],"replies":[{"embeddable":true,"href":"https:\/\/cnprsv.ro\/index.php?rest_route=%2Fwp%2Fv2%2Fcomments&post=16"}],"version-history":[{"count":26,"href":"https:\/\/cnprsv.ro\/index.php?rest_route=\/wp\/v2\/pages\/16\/revisions"}],"predecessor-version":[{"id":10776,"href":"https:\/\/cnprsv.ro\/index.php?rest_route=\/wp\/v2\/pages\/16\/revisions\/10776"}],"up":[{"embeddable":true,"href":"https:\/\/cnprsv.ro\/index.php?rest_route=\/wp\/v2\/pages\/5"}],"wp:attachment":[{"href":"https:\/\/cnprsv.ro\/index.php?rest_route=%2Fwp%2Fv2%2Fmedia&parent=16"}],"curies":[{"name":"wp","href":"https:\/\/api.w.org\/{rel}","templated":true}]}}