{"id":176,"date":"2011-03-26T04:29:30","date_gmt":"2011-03-26T04:29:30","guid":{"rendered":"http:\/\/cnprsv.ro\/?page_id=176"},"modified":"2024-10-11T15:37:36","modified_gmt":"2024-10-11T13:37:36","slug":"ecdl","status":"publish","type":"page","link":"https:\/\/cnprsv.ro\/?page_id=176","title":{"rendered":"ECDL"},"content":{"rendered":"<p><img loading=\"lazy\" decoding=\"async\" class=\" wp-image-6133 aligncenter\" src=\"https:\/\/cnprsv.ro\/wp-content\/uploads\/2011\/03\/WebBannerECDLBAC.jpg\" alt=\"Print\" width=\"582\" height=\"72\" srcset=\"https:\/\/cnprsv.ro\/wp-content\/uploads\/2011\/03\/WebBannerECDLBAC.jpg 728w, https:\/\/cnprsv.ro\/wp-content\/uploads\/2011\/03\/WebBannerECDLBAC-300x37.jpg 300w\" sizes=\"auto, (max-width: 582px) 100vw, 582px\" \/><\/p>\n<p>&nbsp;<\/p>\n<p><img loading=\"lazy\" decoding=\"async\" class=\"size-medium wp-image-6130 aligncenter\" src=\"https:\/\/cnprsv.ro\/wp-content\/uploads\/2011\/03\/ECDL_CentruTestareAcreditat_Logo_RGB-01-300x81.jpg\" alt=\"ECDL_CentruTestareAcreditat_Logo_RGB-01\" width=\"300\" height=\"81\" srcset=\"https:\/\/cnprsv.ro\/wp-content\/uploads\/2011\/03\/ECDL_CentruTestareAcreditat_Logo_RGB-01-300x81.jpg 300w, https:\/\/cnprsv.ro\/wp-content\/uploads\/2011\/03\/ECDL_CentruTestareAcreditat_Logo_RGB-01.jpg 913w\" sizes=\"auto, (max-width: 300px) 100vw, 300px\" \/><\/p>\n<p>&nbsp;<\/p>\n<p><strong>Centrul <em>Colegiul Na\u021bional &#8222;Petru Rare\u0219&#8221; CE380<\/em> este Centru de Testare Acreditat ECDL<\/strong><\/p>\n<p><strong>Permisul european de conducere a computerului (ECDL \u2013 European Computer Driving Licence)<\/strong>\u00a0este cel mai r\u0103sp\u00e2ndit standard de certificare a abilit\u0103\u021bilor de utilizare a computerului, recunoscut la nivel interna\u0163ional.<\/p>\n<p>Permisul ECDL este folosit \u015fi recunoscut <strong>\u00een 150 de \u021b\u0103ri<\/strong>\u00a0 de c\u0103tre companii de renume, \u00een administra\u0163ie sau de institu\u0163ii de \u00eenv\u0103\u0163\u0103m\u00e2nt de prestigiu. \u00cen afara Europei, programul este denumit International Computer Driving Licence (ICDL).<\/p>\n<p>&nbsp;<\/p>\n<p><span style=\"color: #0000ff;\"><strong>Valabilitatea Permisului ECDL<\/strong><\/span><\/p>\n<p><strong>Permisul ECDL ob\u0163inut \u00een Rom\u00e2nia este valabil \u00een oricare dintre cele 150 de \u0163\u0103ri din \u00eentreaga lume \u00een care este recunoscut standardul ECDL\/ICDL.<\/strong><\/p>\n<p>Permisul ECDL nu are limit\u0103 de valabilitate \u00een timp, competen\u021bele digitale fiind certificate pe via\u021b\u0103, \u00een conformitate cu programele analitice aferente fiec\u0103rui modul, aflate \u00een vigoare la momentul sus\u021binerii examin\u0103rii.<\/p>\n<p>&nbsp;<\/p>\n<p><span style=\"color: #0000ff;\"><strong>Cui se adreseaz\u0103 certific\u0103rile ECDL?<\/strong><\/span><\/p>\n<p><strong>Certific\u0103rile ECDL se adreseaz\u0103 oric\u0103rei persoane care are nevoie \u0219i dore\u0219te s\u0103 \u00ee\u0219i certifice la standard recunoscut interna\u021bional abilit\u0103\u021bile de utilizare a computerului.<\/strong><\/p>\n<p>Nu exist\u0103 limit\u0103 de v\u00e2rst\u0103 pentru \u00eenscrierea \u00een programul de certificare ECDL.<\/p>\n<p><strong>Tinerii<\/strong>, <strong>elevii<\/strong>, <strong>studen\u021bii<\/strong>, <strong>func\u021bionarii publici<\/strong> sau <strong>angaja\u021bii\u00a0 \u00een companii<\/strong> \u00ee\u0219i pot dovedi abilit\u0103\u021bile IT prin intermediul certific\u0103rilor ECDL.<\/p>\n<p><strong>\u00a0<\/strong><\/p>\n<p><strong><span style=\"color: #0000ff;\">Avantaje ECDL<\/span> <\/strong><\/p>\n<ul>\n<li><strong>Elevii<\/strong> care de\u021bin Permisul ECDL \u00ee\u0219i pot echivala proba de Competen\u021be digitale din cadrul Examenului de Bacalaureat Na\u0163ional.<\/li>\n<\/ul>\n<p><em><strong>Programa pentru ob\u021binerea Permisului ECDL<\/strong><\/em><em> corespunde materiei pe care elevii de liceu o parcurg \u00een cadrul orelor de TIC din <strong>programa \u0219colar\u0103 pentru clasele a IX-a \u0219i a X-a<\/strong>. Astfel, liceenii pot s\u0103 se preg\u0103teasca chiar \u00een cadrul orelor de la \u0219coal\u0103 pentru ob\u021binerea unei certific\u0103ri cu recunoa\u0219tere interna\u021bional\u0103. Av\u00e2nd deja Permisul ECDL, elevii pot solicita \u00een clasa a XII-a echivalarea probei de competen\u021be digitale de la Bacalaureat.<\/em><\/p>\n<ul>\n<li>ECDL deschide noi oportunit\u0103\u0163i pentru a ob\u0163ine o <strong>burs\u0103\u00a0\u00een str\u0103in\u0103tate<\/strong>.<\/li>\n<li><strong>Studen\u021bii <\/strong>\u00ee\u0219i pot echivala diverse cursuri de informatic\u0103 sau birotic\u0103 cu Permisul ECDL la anumite universit\u0103\u021bi.<\/li>\n<\/ul>\n<p>\u00cen Rom\u00e2nia, p\u00e2n\u0103 \u00een prezent au fost acreditate ca centre de testare ECDL universit\u0103\u0163i precum: SNSPA Bucure\u0219ti, ASE Bucure\u015fti \u2013 CDIMM, Universitatea Politehnic\u0103 Bucure\u015fti, Universitatea \u201eGheorghe Asachi\u201d Ia\u015fi, Universitatea de Vest \u201cVasile Goldi\u0219\u201d Arad, Universitatea \u201eAlexandru Ioan Cuza\u201d Ia\u0219i, Universitatea Bucure\u0219ti &#8211; Departamentul de \u00cenv\u0103\u021b\u0103m\u00e2nt la Distan\u021b\u0103 \u2013 CREDIS.<\/p>\n<ul>\n<li>Un <strong>CV este 100% complet<\/strong> cu ECDL<\/li>\n<\/ul>\n<p>Permisul ECDL deschide noi oportunit\u0103\u0163i pentru a ob\u0163ine <strong>un loc de munc\u0103 mai bun<\/strong>, \u00eembun\u0103t\u0103\u0163este perspectivele de <strong>promovare \u00een carier\u0103<\/strong> \u0219i scade probabilitatea de a pierde o ofert\u0103 de serviciu.<\/p>\n<ul>\n<li><strong>Cadrele didactice<\/strong> din \u00eenv\u0103\u021b\u0103m\u00e2ntul preuniversitar care de\u021bin Permisul ECDL pot beneficia de credite profesionale transferabile.<\/li>\n<\/ul>\n<p>&nbsp;<\/p>\n<p><span style=\"color: #0000ff;\"><strong>Module ECDL<\/strong><\/span><\/p>\n<p style=\"text-align: center;\"><img loading=\"lazy\" decoding=\"async\" class=\" wp-image-6131 aligncenter\" src=\"https:\/\/cnprsv.ro\/wp-content\/uploads\/2011\/03\/module-ECDL-820x1024.jpg\" alt=\"module ECDL\" width=\"464\" height=\"579\" srcset=\"https:\/\/cnprsv.ro\/wp-content\/uploads\/2011\/03\/module-ECDL-820x1024.jpg 820w, https:\/\/cnprsv.ro\/wp-content\/uploads\/2011\/03\/module-ECDL-240x300.jpg 240w, https:\/\/cnprsv.ro\/wp-content\/uploads\/2011\/03\/module-ECDL.jpg 1145w\" sizes=\"auto, (max-width: 464px) 100vw, 464px\" \/><\/p>\n<p>&nbsp;<\/p>\n<p><span style=\"color: #0000ff;\"><strong>Profilul ECDL<\/strong><\/span><\/p>\n<p>Profilul ECDL al candidatului \u00eencepe s\u0103 se creeze \u00eenc\u0103 de la promovarea cu succes a unui singur modul ECDL.<\/p>\n<p>Fiecare modul ECDL poate fi combinat cu alte module astfel \u00eenc\u00e2t s\u0103 satisfac\u0103 cerin\u0163ele personale sau profesionale ale candidatului.<\/p>\n<p>Profilul ECDL nu expir\u0103 \u015fi poate fi dezvoltat continuu pe \u00eentreg parcursul vie\u0163ii.<\/p>\n<p><strong>\u00a0<\/strong><\/p>\n<p><span style=\"color: #0000ff;\"><strong>Certific\u0103ri ECDL &#8211; Profilul ECDL pentru BAC<\/strong><\/span><\/p>\n<p><strong>Certific\u0103rile ECDL PROFIL START BAC <\/strong>\u015fi<strong> ECDL PROFIL BAC<\/strong> se adreseaz\u0103 elevilor care doresc s\u0103 echivaleze proba de competen\u0163e digitale din cadrul Bacalaureatului cu Permisul ECDL.<\/p>\n<p><strong>\u00a0<\/strong><\/p>\n<p><span style=\"color: #3366ff;\"><strong>1. Permisul ECDL PROFIL START BAC <\/strong><\/span>se ob\u0163ine \u00een urma promov\u0103rii a 4 module fixe obligatorii: Utilizarea computerului, Instrumente online, Editare de text, Calcul tabelar.<\/p>\n<p style=\"padding-left: 30px;\"><strong>Utilizarea computerului<\/strong><\/p>\n<ul>\n<ul>\n<li><strong>Testare: <\/strong>automat\u0103 online<\/li>\n<li><strong>Aplica\u0163ii pentru testare: <\/strong>MS Word 2003\/2007\/2010\/2013<\/li>\n<li><strong>Aplicatii pentru pregatire: <\/strong>MS Word 2003\/2007\/2010\/2013; Windows 7 \/ 8<\/li>\n<li><strong>Simul\u0103ri disponibile: <\/strong>online<\/li>\n<\/ul>\n<\/ul>\n<p style=\"padding-left: 30px;\"><strong>Instrumente online<\/strong><\/p>\n<ul>\n<ul>\n<li><strong>Testare: <\/strong>automat\u0103 online<\/li>\n<li><strong>Aplica\u0163ii pentru testare: <\/strong>nu este cazul<\/li>\n<li><strong>Aplicatii pentru pregatire<\/strong>: IE9-Outlook 2010; IE10-Outlook 2013<\/li>\n<li><strong>Simul\u0103ri disponibile: <\/strong>online<\/li>\n<\/ul>\n<\/ul>\n<p style=\"padding-left: 30px;\"><strong>Editare de text<\/strong><\/p>\n<ul>\n<ul>\n<li><strong>Testare: <\/strong>automat\u0103 online<\/li>\n<li><strong>Aplica\u0163ii pentru testare: <\/strong>MS Word 2003\/2007\/2010\/2013<\/li>\n<li><strong>Aplicatii pentru pregatire: <\/strong>MS Word 2003\/2007\/2010\/2013<\/li>\n<li><strong>Simul\u0103ri disponibile: <\/strong>online<\/li>\n<\/ul>\n<\/ul>\n<p style=\"padding-left: 30px;\"><strong>Calcul tabelar<\/strong><\/p>\n<ul>\n<ul>\n<li><strong>Testare<\/strong>: automat\u0103 online<\/li>\n<li><strong>Aplica\u0163ii pentru testare: <\/strong>MS Excel 2003\/2007\/2010\/2013<\/li>\n<li><strong>Aplicatii pentru pregatire: <\/strong>MS Excel 2003\/2007\/2010\/2013<\/li>\n<li><strong>Simul\u0103ri disponibile: <\/strong>online<\/li>\n<\/ul>\n<\/ul>\n<p><strong>\u00a0<\/strong><\/p>\n<p><span style=\"color: #3366ff;\"><strong>2. Permisul ECDL PROFIL BAC <\/strong><\/span>se ob\u0163ine \u00een urma promov\u0103rii a 6 module fixe obligatorii: Utilizarea computerului, Instrumente online, Editare de text, Calcul tabelar, Baze de date, Prezent\u0103ri.<\/p>\n<p style=\"padding-left: 30px;\"><strong>Utilizarea computerului<\/strong><\/p>\n<ul>\n<ul>\n<li><strong>Testare: <\/strong>automat\u0103 online<\/li>\n<li><strong>Aplica\u0163ii pentru testare: <\/strong>MS Word 2003\/2007\/2010\/2013<\/li>\n<li><strong>Aplicatii pentru pregatire: <\/strong>MS Word 2003\/2007\/2010\/2013; Windows 7 \/ 8<\/li>\n<li><strong>Simul\u0103ri disponibile: <\/strong>online<\/li>\n<\/ul>\n<\/ul>\n<p style=\"padding-left: 30px;\"><strong>Instrumente online<\/strong><\/p>\n<ul>\n<ul>\n<li><strong>Testare: <\/strong>automat\u0103 online<\/li>\n<li><strong>Aplica\u0163ii pentru testare: <\/strong>nu este cazul<\/li>\n<li><strong>Aplicatii pentru pregatire<\/strong>: IE9-Outlook 2010; IE10-Outlook 2013<\/li>\n<li><strong>Simul\u0103ri disponibile: <\/strong>online<\/li>\n<\/ul>\n<\/ul>\n<p style=\"padding-left: 30px;\"><strong>Editare de text<\/strong><\/p>\n<ul>\n<ul>\n<li><strong>Testare: <\/strong>automat\u0103 online<\/li>\n<li><strong>Aplica\u0163ii pentru testare: <\/strong>MS Word 2003\/2007\/2010\/2013<\/li>\n<li><strong>Aplicatii pentru pregatire: <\/strong>MS Word 2003\/2007\/2010\/2013<\/li>\n<li><strong>Simul\u0103ri disponibile: <\/strong>online<\/li>\n<\/ul>\n<\/ul>\n<p style=\"padding-left: 30px;\"><strong>Calcul tabelar<\/strong><\/p>\n<ul>\n<ul>\n<li><strong>Testare<\/strong>: automat\u0103 online<\/li>\n<li><strong>Aplica\u0163ii pentru testare: <\/strong>MS Excel 2003\/2007\/2010\/2013<\/li>\n<li><strong>Aplicatii pentru pregatire: <\/strong>MS Excel 2003\/2007\/2010\/2013<\/li>\n<li><strong>Simul\u0103ri disponibile: <\/strong>online<\/li>\n<\/ul>\n<\/ul>\n<p style=\"padding-left: 30px;\"><strong>Prezent\u0103ri<\/strong><\/p>\n<ul>\n<ul>\n<li><strong>Testare: <\/strong>automat\u0103 online<\/li>\n<li><strong>Aplica\u0163ii pentru testare: <\/strong>MS PowerPoint 2003\/2007\/2010\/2013<\/li>\n<li><strong>Aplicatii pentru pregatire: <\/strong>MS PowerPoint 2003\/2007\/2010\/2013<\/li>\n<li><strong>Simul\u0103ri disponibile: <\/strong>online<\/li>\n<\/ul>\n<\/ul>\n<p style=\"padding-left: 30px;\"><strong>Baze de date<\/strong><\/p>\n<ul>\n<ul>\n<li><strong>Testare: <\/strong>automat\u0103 online<\/li>\n<li><strong>Aplica\u0163ii pentru testare: <\/strong>MS Access 2003\/2007\/2010\/2013<\/li>\n<li><strong>Aplicatii pentru pregatire: <\/strong>MS Access 2003\/2007\/2010\/2013<\/li>\n<li><strong>Simul\u0103ri disponibile: <\/strong>online<\/li>\n<\/ul>\n<\/ul>\n<p><strong>\u00a0<\/strong><\/p>\n<p><span style=\"color: #0000ff;\"><strong>Cum se echivaleaz\u0103 proba de Competen\u0163e digitale la Bacalaureat<\/strong><\/span><\/p>\n<p>Nivelul de competen\u0163\u0103 digital\u0103 pe diploma de Bacalaureat va fi:<\/p>\n<ul>\n<li><strong>\u201cutilizator avansat\u201d,<\/strong> pentru candida\u0163ii care au ob\u0163inut Permisul ECDL PROFIL START BAC*<\/li>\n<li><strong>\u201c<\/strong><strong>utilizator experimentat<\/strong><strong>\u201d,<\/strong> pentru candida\u0163ii care au ob\u0163inut Permisul ECDL PROFIL BAC*<\/li>\n<li><strong>\u201cutilizator nivel mediu\u201d,<\/strong> pentru candida\u0163ii care au ob\u0163inut Permisul ECDL Start**<\/li>\n<li><strong>\u201c<\/strong><strong>utilizator experimentat<\/strong><strong>\u201d,<\/strong> pentru candida\u0163ii care au ob\u0163inut Permisul ECDL Complet**<\/li>\n<\/ul>\n<p>*Permisele ECDL Start \u015fi ECDL Complet se ob\u0163in \u00een baza unui Card electronic de aptitudini ECDL.<\/p>\n<p>* Permisele ECDL PROFIL START BAC \u015fi ECDL PROFIL BAC se ob\u0163in \u00een baza unei Serii de \u00eenscriere general\u0103 unic\u0103.<\/p>\n<p>**Permisele ECDL Start \u015fi ECDL Complet se ob\u0163in \u00een baza unui Card electronic de aptitudini ECDL.<\/p>\n<p><strong>\u00a0<\/strong><\/p>\n<p><span style=\"color: #0000ff;\"><strong>Alte scheme de certificare ECDL &#8211; <\/strong><strong>Profilul ECDL pentru via\u0163\u0103<\/strong><\/span><\/p>\n<p>Candidatul \u00ee\u015fi poate dezvolta permanent Profilul ECDL, ob\u0163in\u00e2nd noi certific\u0103ri ECDL.<\/p>\n<p><img loading=\"lazy\" decoding=\"async\" class=\" wp-image-6132 aligncenter\" src=\"https:\/\/cnprsv.ro\/wp-content\/uploads\/2011\/03\/permise-ECDL-1024x852.jpg\" alt=\"permise ECDL\" width=\"587\" height=\"488\" srcset=\"https:\/\/cnprsv.ro\/wp-content\/uploads\/2011\/03\/permise-ECDL-1024x852.jpg 1024w, https:\/\/cnprsv.ro\/wp-content\/uploads\/2011\/03\/permise-ECDL-300x250.jpg 300w\" sizes=\"auto, (max-width: 587px) 100vw, 587px\" \/><\/p>\n<p>&nbsp;<\/p>\n<p><span style=\"color: #3366ff;\"><strong><u>1. ECDL START<\/u><\/strong><\/span> este o certificare a competen\u0163elor digitale care se constituie din patru module separate ce acoper\u0103 competen\u0163ele \u015fi ariile de cunoa\u015ftere IT cheie: Utilizarea computerului*, Instrumente online*, Editare de text*, Calcul tabelar*.<\/p>\n<p><strong>*Windows 7\/8; Microsoft Office 2003\/2007\/2010\/2013; Testare: <\/strong>automat\u0103 online<strong>; Simul\u0103ri disponibile: <\/strong>online<\/p>\n<p><span style=\"color: #3366ff;\"><strong><u>2. ECDL STANDARD<\/u><\/strong><\/span> este certificarea c\u0103reia ii corespund 7 module ECDL \u015fi care se constituie din cele patru module ECDL Start plus trei module adi\u0163ionale la alegere, astfel \u00eenc\u00e2t s\u0103 se dezvolte \u015fi s\u0103 se certifice competen\u0163a digital\u0103.<\/p>\n<p>Cele 3 module adi\u0163ionale pot fi alese dintre urm\u0103toarele module ECDL Standard: Prezent\u0103ri*, Baze de date*, IT Security*, Web Editing**, Image Editing***, 2D CAD****<strong>. <\/strong><\/p>\n<p><strong>* Microsoft Office 2003\/2007\/2010\/2013; Testare: <\/strong>automat\u0103 online<strong>; Simul\u0103ri disponibile: <\/strong>online<\/p>\n<p>**<strong> KompoZer; Testare: <\/strong>automat\u0103 online<strong> Simul\u0103ri disponibile: <\/strong>online<\/p>\n<p>***<strong>Gimp Testare: <\/strong>automat\u0103 online<strong> Simul\u0103ri disponibile: <\/strong>online<\/p>\n<p><strong>****AutoCAD\/ AutoCAD LT\/Solid Edge; Testare:<\/strong> manuala; <strong>Simul\u0103ri disponibile: <\/strong>manual<\/p>\n<p><span style=\"color: #3366ff;\"><strong><u>3. ECDL AVANSAT<\/u><\/strong><\/span> ofer\u0103 cunostin\u0163ele necesare certific\u0103rii la un nivel superior \u00een utilizarea unor aplica\u0163ii specifice pe modulele: <strong>Editare de text Avansat*, Calcul tabelar Avansat*, Baze de date Avansat*, Prezent\u0103ri Avansat* <\/strong><\/p>\n<p>C\u00e2te un permis ECDL AVANSAT se ob\u0163ine dup\u0103 promovarea fiec\u0103rui modul ECDL Avansat.<\/p>\n<p><strong>ECDL EXPERT<\/strong> se ob\u0163ine prin promovarea \u015fi certificarea oric\u0103ror <strong>3 module<\/strong> ECDL Avansat.<\/p>\n<p><strong>* Microsoft Office 2003\/2007\/2010\/2013; Testare: <\/strong>automat\u0103 online<strong>; Simul\u0103ri disponibile: <\/strong>online<\/p>\n<p><span style=\"color: #3366ff;\"><strong><u>4. ECDL PROFIL DIDACTIC<\/u><\/strong> <\/span>se adreseaz\u0103 cadrelor didactice care, de\u0163in\u00e2nd acest permis, doresc s\u0103 beneficieze de oportunitatea ob\u0163inerii unui num\u0103r de credite profesionale transferabile. Permisul ECDL PROFIL DIDACTIC se ob\u0163ine \u00een urma promov\u0103rii a 6 module fixe obligatorii: Utilizarea computerului*, Instrumente online*, Editare de text*, Calcul tabelar*, Baze de date*, Prezent\u0103ri*<strong>.<\/strong><\/p>\n<p><strong>* Windows 7\/8; Microsoft Office 2003\/2007\/2010\/2013; Testare: <\/strong>automat\u0103 online<strong>; Simul\u0103ri disponibile: <\/strong>online<\/p>\n<p><strong><br \/>\n<\/strong><\/p>\n<p><strong>Programele analitice ECDL aferente fiec\u0103rui tip de certificare ECDL sunt disponibile pe <a href=\"http:\/\/www.ecdl.ro\/\">www.ecdl.ro<\/a> .<\/strong><\/p>\n<p><strong><br \/>\n<\/strong><\/p>\n<p><span style=\"color: #0000ff;\"><strong>\u00censcrierea<\/strong><\/span><\/p>\n<p>V\u0103 pute\u0163i \u00eenscrie \u00een programul ECDL \u00een orice moment pe <a href=\"http:\/\/www.ecdl.ro\">www.ecdl.ro<\/a> prin completarea <strong>Formularului de \u00eenregistrare<\/strong> \u015fi achizi\u0163ion\u00e2nd apoi o Serie unic\u0103 de \u00eenscriere ECDL.<\/p>\n<p><strong><br \/>\n<\/strong><\/p>\n<p><strong><span style=\"color: #0000ff;\">Durata ob\u021binerii certific\u0103rii<\/span> <\/strong><\/p>\n<p>Perioada de ob\u021binere a unei certific\u0103ri ECDL depinde de tipul de certificare ales, de nivelul de competen\u0163\u0103 al fiec\u0103rui candidat \u015fi de nevoia de a urma sau nu cursuri \u00een vederea sus\u0163inerii acestor examene.<\/p>\n<p>Candida\u021bii nu au obliga\u021bia de a urma un curs de preg\u0103tire \u00eenainte de a se \u00eenscrie \u00een programul de certificare ECDL \u0219i de a sus\u021bine examenele.<\/p>\n<p>&nbsp;<\/p>\n<p><span style=\"color: #0000ff;\"><strong>Certificarea ECDL<\/strong><\/span><\/p>\n<p>Dup\u0103 promovarea tuturor examenelor aferente tipului de certificare ECDL ales, candidatul solicit\u0103 Permisul ECDL corespunz\u0103tor c\u0103tre centrul de testare ECDL unde a finalizat examenele. Permisul ECDL este valabil pe o perioad\u0103 nedeterminat\u0103.<\/p>\n<p>Autenticitatea unui Permis ECDL se poate verifica\u00a0contact\u00e2nd direct ECDL ROMANIA la adresa <a href=\"mailto:office@ecdl.ro\">office@ecdl.ro<\/a><\/p>\n<p>&nbsp;<\/p>\n<p><strong>Alege\u0163i certificarea ECDL de care ave\u0163i nevoie \u0219i intra\u0163i \u00een programul interna\u021bional de certificare a competen\u021belor digitale!<\/strong><\/p>\n<p>&nbsp;<\/p>\n<p><strong>Contact:<\/strong><strong> prof. Aga Petronela, prof. \u0218tef\u0103nescu Narcisa<br \/>\n<\/strong><\/p>\n<p>&nbsp;<\/p>\n<p>&nbsp;<\/p>\n<p><img loading=\"lazy\" decoding=\"async\" class=\" wp-image-6135 aligncenter\" src=\"https:\/\/cnprsv.ro\/wp-content\/uploads\/2011\/03\/WebBannerECDLCV.jpg\" alt=\"WebBannerECDLCV\" width=\"615\" height=\"76\" srcset=\"https:\/\/cnprsv.ro\/wp-content\/uploads\/2011\/03\/WebBannerECDLCV.jpg 728w, https:\/\/cnprsv.ro\/wp-content\/uploads\/2011\/03\/WebBannerECDLCV-300x37.jpg 300w\" sizes=\"auto, (max-width: 615px) 100vw, 615px\" \/><\/p>\n","protected":false},"excerpt":{"rendered":"<p>&nbsp; &nbsp; Centrul Colegiul Na\u021bional &#8222;Petru Rare\u0219&#8221; CE380 este Centru de Testare Acreditat ECDL Permisul european de conducere a computerului (ECDL \u2013 European Computer Driving Licence)\u00a0este cel mai r\u0103sp\u00e2ndit standard de certificare a abilit\u0103\u021bilor de utilizare a computerului, recunoscut la<\/p>\n<div class=\"entry-read-more\"><a class=\"read-more-link\" href=\"https:\/\/cnprsv.ro\/?page_id=176\">Read More<span class=\"cleanwp-sr-only\">  ECDL<\/span><\/a><\/div>\n","protected":false},"author":1,"featured_media":0,"parent":49,"menu_order":10,"comment_status":"closed","ping_status":"closed","template":"","meta":{"_editorskit_title_hidden":false,"_editorskit_reading_time":0,"_editorskit_is_block_options_detached":false,"_editorskit_block_options_position":"{}","footnotes":""},"class_list":["post-176","page","type-page","status-publish","hentry"],"_links":{"self":[{"href":"https:\/\/cnprsv.ro\/index.php?rest_route=\/wp\/v2\/pages\/176","targetHints":{"allow":["GET"]}}],"collection":[{"href":"https:\/\/cnprsv.ro\/index.php?rest_route=\/wp\/v2\/pages"}],"about":[{"href":"https:\/\/cnprsv.ro\/index.php?rest_route=\/wp\/v2\/types\/page"}],"author":[{"embeddable":true,"href":"https:\/\/cnprsv.ro\/index.php?rest_route=\/wp\/v2\/users\/1"}],"replies":[{"embeddable":true,"href":"https:\/\/cnprsv.ro\/index.php?rest_route=%2Fwp%2Fv2%2Fcomments&post=176"}],"version-history":[{"count":2,"href":"https:\/\/cnprsv.ro\/index.php?rest_route=\/wp\/v2\/pages\/176\/revisions"}],"predecessor-version":[{"id":6136,"href":"https:\/\/cnprsv.ro\/index.php?rest_route=\/wp\/v2\/pages\/176\/revisions\/6136"}],"up":[{"embeddable":true,"href":"https:\/\/cnprsv.ro\/index.php?rest_route=\/wp\/v2\/pages\/49"}],"wp:attachment":[{"href":"https:\/\/cnprsv.ro\/index.php?rest_route=%2Fwp%2Fv2%2Fmedia&parent=176"}],"curies":[{"name":"wp","href":"https:\/\/api.w.org\/{rel}","templated":true}]}}