{"id":1769,"date":"2011-11-16T14:48:19","date_gmt":"2011-11-16T14:48:19","guid":{"rendered":"http:\/\/cnprsv.ro\/?page_id=1769"},"modified":"2024-10-11T15:37:37","modified_gmt":"2024-10-11T13:37:37","slug":"mobilitate-individuala-grundtvig","status":"publish","type":"page","link":"https:\/\/cnprsv.ro\/?page_id=1769","title":{"rendered":"Mobilitate individual\u0103 Grundtvig"},"content":{"rendered":"<p><img loading=\"lazy\" decoding=\"async\" class=\"alignright size-full wp-image-1770\" title=\"Sigla Grundtvig\" src=\"https:\/\/cnprsv.ro\/wp-content\/uploads\/2011\/11\/Sigla-Grundtvig.jpg\" alt=\"\" width=\"175\" height=\"97\" srcset=\"https:\/\/cnprsv.ro\/wp-content\/uploads\/2011\/11\/Sigla-Grundtvig.jpg 301w, https:\/\/cnprsv.ro\/wp-content\/uploads\/2011\/11\/Sigla-Grundtvig-300x166.jpg 300w\" sizes=\"auto, (max-width: 175px) 100vw, 175px\" \/><\/p>\n<p style=\"text-align: center;\">&nbsp;<\/p>\n<p style=\"text-align: center;\">&nbsp;<\/p>\n<p style=\"text-align: center;\"><strong>Raport informativ<br \/>\nprivind participarea la cursul de formare individual\u0103 Grundtvig,<br \/>\nProgramul de \u00eenv\u0103\u0163are pe tot parcursul vie\u0163ii<\/strong><\/p>\n<p>&nbsp;<\/p>\n<p>&nbsp;<\/p>\n<p style=\"padding-left: 1px;\"><strong>Numele cursantului<\/strong>: Anca Vieriu<br \/>\n<strong>Institu\u0163ia de \u00eenv\u0103\u0163\u0103m\u00e2nt<\/strong>: Colegiul Na\u0163ional \u201cPetru Rare\u015f\u201d, Suceava<br \/>\n<strong>Num\u0103rul formularului de aplica\u0163ie<\/strong>: GRU-11-MOF-154-SV-PT<br \/>\n<strong>Titlul cursului<\/strong>: <em>Action Methods Improving Motivation and Quality in Learning Environments<\/em><br \/>\n<strong>Num\u0103rul de referin\u0163\u0103 al cursului<\/strong>: FI-2011-092-005<br \/>\n<strong>Finan\u0163area cursului<\/strong>: Agen\u0163ia Na\u0163ional\u0103 pentru Programe Comunitare \u00een Domeniul Educa\u0163iei \u015fi Form\u0103rii Profesionale, Departamentul Grundtvig<br \/>\n<strong>Organizatorul activit\u0103\u0163ii de formare<\/strong>: European Bridges Consulting, Helsinki, Finlanda<br \/>\n<strong>Locul de desf\u0103\u015furare<\/strong>: Lisabona, Portugalia<br \/>\n<strong>Perioada de desf\u0103\u015furare<\/strong>: 16-22 octombrie 2011<br \/>\n<strong>Participan\u0163i<\/strong>: profesori din Cipru, Republica Ceh\u0103, Finlanda, Grecia, Letonia, Lituania, Polonia, Rom\u00e2nia, Slovacia, Slovenia, Spania, Suedia.<\/p>\n<p>&nbsp;<\/p>\n<p>Cursul <em>Action Methods Improving Motivation and Quality in Learning Environments<\/em> a oferit participan\u0163ilor un suport teoretic \u015fi o multitudine de abord\u0103ri practice ale fenomenului educa\u0163ional, toate av\u00e2nd drept scop cre\u015fterea motiva\u0163iei \u015fi calit\u0103\u0163ii \u00eenv\u0103\u0163\u0103rii. Organizatoarea cursului, Ulla Salomaki (Finlanda), cei trei asisten\u0163i, Claudia Ramos (Portugalia), Vyron Ntegkas (Grecia), Anniina Koski (Finlanda) \u015fi exper\u0163ii \u00een \u015ftiin\u0163e ale educa\u0163iei &#8211; prof. Ester Rosa \u015fi prof. Joao Rosa (Portugalia) s-au dovedit, deopotriv\u0103, gazde \u015fi traineri de excep\u0163ie.<\/p>\n<p>Organizatorii activit\u0103\u0163ilor au propus o perspectiv\u0103 modern\u0103, deopotriv\u0103 activ\u0103 \u015fi reflexiv\u0103, asupra demersului didactic.<\/p>\n<p>Obiectivele cursului au fost: o mai atent\u0103 abordare a dinamicii grupului, o analiz\u0103 nuan\u0163at\u0103 a inteligen\u0163ei emo\u0163ionale,\u00a0 a rela\u0163iei dintre emo\u0163ii \u015fi comportament, folosirea\u00a0 eficace, cu spirit ludic, a diverselor spa\u0163ii de \u00eenv\u0103\u0163are, stabilirea unui echilibru relativ stabil \u00eentre componenta intelectual\u0103 \u015fi cea afectiv\u0103 ale \u00eenv\u0103\u0163\u0103rii.<\/p>\n<p>Profesorii participan\u0163i la curs au experimentat noi metode active de \u00eenv\u0103\u0163are, construite pe principiul \u201elearning by doing\u201d. De fiecare dat\u0103, exerci\u0163iile practice (fie c\u0103 a fost vorba de ateliere, jocuri sau altele) au fost \u00eenso\u0163ite de momente de reflec\u0163ie, \u00eentr-un proces continuu de cunoa\u015ftere plasat\u0103 \u00een ac\u0163iune.<\/p>\n<p><strong>Un alt obiectiv care a fost atins \u015fi care a conferit, cu adev\u0103rat, o dimensiune european\u0103 cursului l-a reprezentat plasarea pedagogiei metodelor active \u00eentr-o perspectiv\u0103 intercultural\u0103. Cursan\u0163i din <\/strong>Cipru, Republica Ceh\u0103, Finlanda, Grecia, Letonia, Lituania, Polonia, Rom\u00e2nia, Slovacia, Slovenia, Spania sau Suedia<strong> \u2013 to\u0163i am format o echip\u0103, to\u0163i am fost membri ai aceleia\u015fi familii europene.<\/strong><\/p>\n<p>&nbsp;<\/p>\n<p style=\"text-align: right;\"><strong>prof. Anca Vieriu<\/strong><\/p>\n<p style=\"text-align: center;\">&nbsp;<\/p>\n<p style=\"text-align: center;\"><strong><div class='jwplayer' id='jwplayer-0'><\/div><script type='text\/javascript'>if(typeof(jQuery)==\"function\"){(function($){$.fn.fitVids=function(){}})(jQuery)};jwplayer('jwplayer-0').setup({\"image\":\"http:\/\/cnprsv.ro\/wp-content\/uploads\/2011\/11\/VIDEO-PORTUGAL.flv\",\"file\":\"http:\/\/cnprsv.ro\/wp-content\/uploads\/2011\/11\/VIDEO-PORTUGAL.flv\"});\n<\/script><br \/>\n<\/strong><\/p>\n","protected":false},"excerpt":{"rendered":"<p>&nbsp; &nbsp; Raport informativ privind participarea la cursul de formare individual\u0103 Grundtvig, Programul de \u00eenv\u0103\u0163are pe tot parcursul vie\u0163ii &nbsp; &nbsp; Numele cursantului: Anca Vieriu Institu\u0163ia de \u00eenv\u0103\u0163\u0103m\u00e2nt: Colegiul Na\u0163ional \u201cPetru Rare\u015f\u201d, Suceava Num\u0103rul formularului de aplica\u0163ie: GRU-11-MOF-154-SV-PT Titlul cursului:<\/p>\n<div class=\"entry-read-more\"><a class=\"read-more-link\" href=\"https:\/\/cnprsv.ro\/?page_id=1769\">Read More<span class=\"cleanwp-sr-only\">  Mobilitate individual\u0103 Grundtvig<\/span><\/a><\/div>\n","protected":false},"author":1,"featured_media":0,"parent":211,"menu_order":0,"comment_status":"closed","ping_status":"open","template":"","meta":{"_editorskit_title_hidden":false,"_editorskit_reading_time":0,"_editorskit_is_block_options_detached":false,"_editorskit_block_options_position":"{}","footnotes":""},"class_list":["post-1769","page","type-page","status-publish","hentry"],"_links":{"self":[{"href":"https:\/\/cnprsv.ro\/index.php?rest_route=\/wp\/v2\/pages\/1769","targetHints":{"allow":["GET"]}}],"collection":[{"href":"https:\/\/cnprsv.ro\/index.php?rest_route=\/wp\/v2\/pages"}],"about":[{"href":"https:\/\/cnprsv.ro\/index.php?rest_route=\/wp\/v2\/types\/page"}],"author":[{"embeddable":true,"href":"https:\/\/cnprsv.ro\/index.php?rest_route=\/wp\/v2\/users\/1"}],"replies":[{"embeddable":true,"href":"https:\/\/cnprsv.ro\/index.php?rest_route=%2Fwp%2Fv2%2Fcomments&post=1769"}],"version-history":[{"count":3,"href":"https:\/\/cnprsv.ro\/index.php?rest_route=\/wp\/v2\/pages\/1769\/revisions"}],"predecessor-version":[{"id":11637,"href":"https:\/\/cnprsv.ro\/index.php?rest_route=\/wp\/v2\/pages\/1769\/revisions\/11637"}],"up":[{"embeddable":true,"href":"https:\/\/cnprsv.ro\/index.php?rest_route=\/wp\/v2\/pages\/211"}],"wp:attachment":[{"href":"https:\/\/cnprsv.ro\/index.php?rest_route=%2Fwp%2Fv2%2Fmedia&parent=1769"}],"curies":[{"name":"wp","href":"https:\/\/api.w.org\/{rel}","templated":true}]}}