{"id":190,"date":"2011-03-26T04:34:30","date_gmt":"2011-03-26T04:34:30","guid":{"rendered":"http:\/\/cnprsv.ro\/?page_id=190"},"modified":"2024-10-11T15:37:35","modified_gmt":"2024-10-11T13:37:35","slug":"istoric","status":"publish","type":"page","link":"https:\/\/cnprsv.ro\/?page_id=190","title":{"rendered":"Istoric"},"content":{"rendered":"<p>&nbsp;<\/p>\n<h3>\u00cenfiin\u0163at \u00een 1904, prin decret imperial, ca liceu german de fete \/ MADCHEN LYZEUMS, \u00een 1921 \u00ee\u015fi schimb\u0103 numele \u00een Liceul de fete \u201eDoamna Maria&#8221;, \u00een 1948 devine \u015ecoala medie mixt\u0103 nr.2, lu\u00e2nd apoi, \u00een 1971 numele de Liceul Teoretic \u201ePetru Rare\u015f&#8221;. \u00een 1980 se transform\u0103 \u00een Liceul de chimie industrial\u0103 \u201ePetru Rare\u015f&#8221;, iar \u00een anul 1990 redevine liceu teoretic. \u00een 1999 se \u00eenfiin\u0163eaz\u0103 primele clase de gimnaziu, \u00een octombrie 2000 prime\u015fte titlul de Colegiul Na\u0163ional \u201ePetru Rare\u015f\u201d.<\/h3>\n<p>&nbsp;<\/p>\n<h3>Preg\u0103tit\u0103 s\u0103 fac\u0103 fa\u0163\u0103 oric\u0103rei provoc\u0103ri, institu\u0163ia noastr\u0103 \u00ee\u015fi concentreaz\u0103 eforturile pentru formarea elevilor ca individualit\u0103\u0163i ai societ\u0103\u0163ii globale de m\u00e2ine, oferindu-le posibilitatea de a-\u015fi \u00eembog\u0103\u0163i cuno\u015ftin\u0163ele, de a-\u015fi dezvolta abilit\u0103\u0163ile, deschiz\u00e2ndu-le calea c\u0103tre mari universit\u0103\u0163i din \u0163ar\u0103 \u015fi str\u0103in\u0103tate. Realizeaz\u0103 acest lucru printr-o \u00eembinare armonioas\u0103 a metodelor \u015fi tehnicilor tradi\u0163ionale de \u00eenv\u0103\u0163are cu cele moderne, impuse de transform\u0103rile rapide pe care le parcurge societatea \u015fi pe care \u015fcoala trebuie s\u0103 asimileze \u015fi, eventual, s\u0103 le anticipeze.<\/h3>\n","protected":false},"excerpt":{"rendered":"<p>&nbsp; \u00cenfiin\u0163at \u00een 1904, prin decret imperial, ca liceu german de fete \/ MADCHEN LYZEUMS, \u00een 1921 \u00ee\u015fi schimb\u0103 numele \u00een Liceul de fete \u201eDoamna Maria&#8221;, \u00een 1948 devine \u015ecoala medie mixt\u0103 nr.2, lu\u00e2nd apoi, \u00een 1971 numele de Liceul<\/p>\n<div class=\"entry-read-more\"><a class=\"read-more-link\" href=\"https:\/\/cnprsv.ro\/?page_id=190\">Read More<span class=\"cleanwp-sr-only\">  Istoric<\/span><\/a><\/div>\n","protected":false},"author":1,"featured_media":0,"parent":5,"menu_order":1,"comment_status":"closed","ping_status":"closed","template":"","meta":{"_editorskit_title_hidden":false,"_editorskit_reading_time":0,"_editorskit_is_block_options_detached":false,"_editorskit_block_options_position":"{}","footnotes":""},"class_list":["post-190","page","type-page","status-publish","hentry"],"_links":{"self":[{"href":"https:\/\/cnprsv.ro\/index.php?rest_route=\/wp\/v2\/pages\/190","targetHints":{"allow":["GET"]}}],"collection":[{"href":"https:\/\/cnprsv.ro\/index.php?rest_route=\/wp\/v2\/pages"}],"about":[{"href":"https:\/\/cnprsv.ro\/index.php?rest_route=\/wp\/v2\/types\/page"}],"author":[{"embeddable":true,"href":"https:\/\/cnprsv.ro\/index.php?rest_route=\/wp\/v2\/users\/1"}],"replies":[{"embeddable":true,"href":"https:\/\/cnprsv.ro\/index.php?rest_route=%2Fwp%2Fv2%2Fcomments&post=190"}],"version-history":[{"count":2,"href":"https:\/\/cnprsv.ro\/index.php?rest_route=\/wp\/v2\/pages\/190\/revisions"}],"predecessor-version":[{"id":7695,"href":"https:\/\/cnprsv.ro\/index.php?rest_route=\/wp\/v2\/pages\/190\/revisions\/7695"}],"up":[{"embeddable":true,"href":"https:\/\/cnprsv.ro\/index.php?rest_route=\/wp\/v2\/pages\/5"}],"wp:attachment":[{"href":"https:\/\/cnprsv.ro\/index.php?rest_route=%2Fwp%2Fv2%2Fmedia&parent=190"}],"curies":[{"name":"wp","href":"https:\/\/api.w.org\/{rel}","templated":true}]}}