{"id":1954,"date":"2012-01-18T12:38:03","date_gmt":"2012-01-18T12:38:03","guid":{"rendered":"http:\/\/cnprsv.ro\/?page_id=1954"},"modified":"2024-10-11T15:37:37","modified_gmt":"2024-10-11T13:37:37","slug":"publicatii","status":"publish","type":"page","link":"https:\/\/cnprsv.ro\/?page_id=1954","title":{"rendered":"Publica\u0163ii"},"content":{"rendered":"<p>&nbsp;<\/p>\n<p><a href=\"documente\/2013_mai_UNSERE_Heimat.pdf\" target=\"_blank\" rel=\"noopener\">Unsere Heimat<\/a>, revista \u00een limba german\u0103 2015.<\/p>\n<p><a href=\"documente\/2013_mai_UNSER_ZEITALTER.pdf\" target=\"_blank\" rel=\"noopener\">Unser Zeitalter<\/a>, revista \u00een limba german\u0103 2013.<\/p>\n<p>ALECART, Revist\u0103 de atitudine cultural\u0103 (<a href=\"http:\/\/alecart.ro\" target=\"_blank\" rel=\"noopener\">alecart.ro<\/a>). <a href=\"https:\/\/cnprsv.ro\/?page_id=6331\" target=\"_blank\" rel=\"noopener\">Premiul Oamenii Timpului<\/a><\/p>\n<p><a href=\"documente\/2012_mai_DIE_WELT_DURCH_DIE_WIR_REISEN.pdf\" target=\"_blank\" rel=\"noopener\">Die welt durch die wir reisen<\/a>, revista \u00een limba german\u0103 2012.<\/p>\n<p><a href=\"documente\/BCBG La Revue en Francais du Lycee Petru Rares.pdf\" target=\"_blank\" rel=\"noopener\">BCBG La Revue en Francais du Lycee Petru Rares<\/a>, revista \u00een limba francez\u0103.<\/p>\n<p><a href=\"documente\/2013_aprilie_schwarz-weic39f-text.pdf\" target=\"_blank\" rel=\"noopener\">Schwarz weiB text<\/a>, revist\u0103 \u00een limba german\u0103 ONG 2013.<\/p>\n<p><a href=\"documente\/2013_aprilie_farbtext.pdf\" target=\"_blank\" rel=\"noopener\">Farb text<\/a>, revist\u0103 \u00een limba german\u0103 ONG 2013.<\/p>\n<p>&nbsp;<\/p>\n<p>&nbsp;<\/p>\n<p>&nbsp;<\/p>\n","protected":false},"excerpt":{"rendered":"<p>&nbsp; Unsere Heimat, revista \u00een limba german\u0103 2015. Unser Zeitalter, revista \u00een limba german\u0103 2013. ALECART, Revist\u0103 de atitudine cultural\u0103 (alecart.ro). Premiul Oamenii Timpului Die welt durch die wir reisen, revista \u00een limba german\u0103 2012. BCBG La Revue en Francais<\/p>\n<div class=\"entry-read-more\"><a class=\"read-more-link\" href=\"https:\/\/cnprsv.ro\/?page_id=1954\">Read More<span class=\"cleanwp-sr-only\">  Publica\u0163ii<\/span><\/a><\/div>\n","protected":false},"author":1,"featured_media":0,"parent":260,"menu_order":3,"comment_status":"closed","ping_status":"open","template":"","meta":{"_editorskit_title_hidden":false,"_editorskit_reading_time":0,"_editorskit_is_block_options_detached":false,"_editorskit_block_options_position":"{}","footnotes":""},"class_list":["post-1954","page","type-page","status-publish","hentry"],"_links":{"self":[{"href":"https:\/\/cnprsv.ro\/index.php?rest_route=\/wp\/v2\/pages\/1954","targetHints":{"allow":["GET"]}}],"collection":[{"href":"https:\/\/cnprsv.ro\/index.php?rest_route=\/wp\/v2\/pages"}],"about":[{"href":"https:\/\/cnprsv.ro\/index.php?rest_route=\/wp\/v2\/types\/page"}],"author":[{"embeddable":true,"href":"https:\/\/cnprsv.ro\/index.php?rest_route=\/wp\/v2\/users\/1"}],"replies":[{"embeddable":true,"href":"https:\/\/cnprsv.ro\/index.php?rest_route=%2Fwp%2Fv2%2Fcomments&post=1954"}],"version-history":[{"count":3,"href":"https:\/\/cnprsv.ro\/index.php?rest_route=\/wp\/v2\/pages\/1954\/revisions"}],"predecessor-version":[{"id":11640,"href":"https:\/\/cnprsv.ro\/index.php?rest_route=\/wp\/v2\/pages\/1954\/revisions\/11640"}],"up":[{"embeddable":true,"href":"https:\/\/cnprsv.ro\/index.php?rest_route=\/wp\/v2\/pages\/260"}],"wp:attachment":[{"href":"https:\/\/cnprsv.ro\/index.php?rest_route=%2Fwp%2Fv2%2Fmedia&parent=1954"}],"curies":[{"name":"wp","href":"https:\/\/api.w.org\/{rel}","templated":true}]}}