{"id":205,"date":"2011-03-26T04:56:30","date_gmt":"2011-03-26T04:56:30","guid":{"rendered":"http:\/\/cnprsv.ro\/?page_id=205"},"modified":"2025-05-06T17:25:05","modified_gmt":"2025-05-06T15:25:05","slug":"consiliere-cu-parintii","status":"publish","type":"page","link":"https:\/\/cnprsv.ro\/?page_id=205","title":{"rendered":"Statutul elevilor"},"content":{"rendered":"\r\n<p data-sourcepos=\"7:1-7:223\">Statutul elevului se aplic\u0103 tuturor elevilor \u00eenmatricula\u021bi \u00een [Numele Liceului], indiferent de forma de \u00eenv\u0103\u021b\u0103m\u00e2nt sau de specificul clasei. Principiile fundamentale care guverneaz\u0103 drepturile \u0219i \u00eendatoririle elevilor sunt:<\/p>\r\n<ul data-sourcepos=\"9:1-14:0\">\r\n<li data-sourcepos=\"9:1-9:61\"><strong>Respectul demnit\u0103\u021bii umane \u0219i al drepturilor copilului.<\/strong><\/li>\r\n<li data-sourcepos=\"10:1-10:58\"><strong>Asigurarea egalit\u0103\u021bii de \u0219anse \u0219i a nediscrimin\u0103rii.<\/strong><\/li>\r\n<li data-sourcepos=\"11:1-11:65\"><strong>Promovarea particip\u0103rii active a elevilor la via\u021ba \u0219colar\u0103.<\/strong><\/li>\r\n<li data-sourcepos=\"12:1-12:49\"><strong>Responsabilitatea individual\u0103 \u0219i colectiv\u0103.<\/strong><\/li>\r\n<li data-sourcepos=\"13:1-14:0\"><strong>Respectul fa\u021b\u0103 de regulamentele \u0219colare \u0219i legile \u00een vigoare.<\/strong><\/li>\r\n<\/ul>\r\n<p class=\"has-medium-font-size\"><strong><a href=\"https:\/\/cnprsv.ro\/wp-content\/uploads\/2024\/08\/STATUTUL-ELEVULUI.pdf\">Statutul elevului actualizat septembrie 2024<\/a><\/strong><\/p>\r\n","protected":false},"excerpt":{"rendered":"<p>Statutul elevului se aplic\u0103 tuturor elevilor \u00eenmatricula\u021bi \u00een [Numele Liceului], indiferent de forma de \u00eenv\u0103\u021b\u0103m\u00e2nt sau de specificul clasei. Principiile fundamentale care guverneaz\u0103 drepturile \u0219i \u00eendatoririle elevilor sunt: Respectul demnit\u0103\u021bii umane \u0219i al drepturilor copilului. Asigurarea egalit\u0103\u021bii de \u0219anse \u0219i<\/p>\n<div class=\"entry-read-more\"><a class=\"read-more-link\" href=\"https:\/\/cnprsv.ro\/?page_id=205\">Read More<span class=\"cleanwp-sr-only\">  Statutul elevilor<\/span><\/a><\/div>\n","protected":false},"author":1,"featured_media":0,"parent":5,"menu_order":8,"comment_status":"closed","ping_status":"closed","template":"","meta":{"_editorskit_title_hidden":false,"_editorskit_reading_time":0,"_editorskit_is_block_options_detached":false,"_editorskit_block_options_position":"{}","footnotes":""},"class_list":["post-205","page","type-page","status-publish","hentry"],"_links":{"self":[{"href":"https:\/\/cnprsv.ro\/index.php?rest_route=\/wp\/v2\/pages\/205","targetHints":{"allow":["GET"]}}],"collection":[{"href":"https:\/\/cnprsv.ro\/index.php?rest_route=\/wp\/v2\/pages"}],"about":[{"href":"https:\/\/cnprsv.ro\/index.php?rest_route=\/wp\/v2\/types\/page"}],"author":[{"embeddable":true,"href":"https:\/\/cnprsv.ro\/index.php?rest_route=\/wp\/v2\/users\/1"}],"replies":[{"embeddable":true,"href":"https:\/\/cnprsv.ro\/index.php?rest_route=%2Fwp%2Fv2%2Fcomments&post=205"}],"version-history":[{"count":8,"href":"https:\/\/cnprsv.ro\/index.php?rest_route=\/wp\/v2\/pages\/205\/revisions"}],"predecessor-version":[{"id":12646,"href":"https:\/\/cnprsv.ro\/index.php?rest_route=\/wp\/v2\/pages\/205\/revisions\/12646"}],"up":[{"embeddable":true,"href":"https:\/\/cnprsv.ro\/index.php?rest_route=\/wp\/v2\/pages\/5"}],"wp:attachment":[{"href":"https:\/\/cnprsv.ro\/index.php?rest_route=%2Fwp%2Fv2%2Fmedia&parent=205"}],"curies":[{"name":"wp","href":"https:\/\/api.w.org\/{rel}","templated":true}]}}