{"id":260,"date":"2011-03-26T08:39:39","date_gmt":"2011-03-26T08:39:39","guid":{"rendered":"http:\/\/cnprsv.ro\/?page_id=260"},"modified":"2024-10-11T15:37:37","modified_gmt":"2024-10-11T13:37:37","slug":"activitati-extrascolare","status":"publish","type":"page","link":"https:\/\/cnprsv.ro\/?page_id=260","title":{"rendered":"Activit\u0103\u021bi extra\u0219colare"},"content":{"rendered":"<p>&nbsp;<\/p>\n<p>Selecta\u0163i pagina pe care dori\u0163i s\u0103 o vede\u0163i:<\/p>\n<p style=\"padding-left: 30px;\"><a href=\"https:\/\/cnprsv.ro\/?page_id=211\">Proiecte<\/a><br \/>\n<a href=\"https:\/\/cnprsv.ro\/?page_id=264\">Concursuri<\/a><br \/>\n<a href=\"https:\/\/cnprsv.ro\/?page_id=266\">Festivaluri<\/a><br \/>\n<a href=\"https:\/\/cnprsv.ro\/?page_id=1954\">Publica\u021bii<\/a><br \/>\n<a href=\"https:\/\/cnprsv.ro\/?page_id=268\">Voluntariat<\/a><br \/>\n<a href=\"https:\/\/cnprsv.ro\/?page_id=270\">Tabere de var\u0103<\/a><br \/>\n<a href=\"https:\/\/cnprsv.ro\/?page_id=272\">Alte activit\u0103\u0163i<\/a><\/p>\n<p>&nbsp;<\/p>\n","protected":false},"excerpt":{"rendered":"<p>&nbsp; Selecta\u0163i pagina pe care dori\u0163i s\u0103 o vede\u0163i: Proiecte Concursuri Festivaluri Publica\u021bii Voluntariat Tabere de var\u0103 Alte activit\u0103\u0163i &nbsp;<\/p>\n","protected":false},"author":1,"featured_media":0,"parent":0,"menu_order":6,"comment_status":"closed","ping_status":"closed","template":"","meta":{"_editorskit_title_hidden":false,"_editorskit_reading_time":0,"_editorskit_is_block_options_detached":false,"_editorskit_block_options_position":"{}","footnotes":""},"class_list":["post-260","page","type-page","status-publish","hentry"],"_links":{"self":[{"href":"https:\/\/cnprsv.ro\/index.php?rest_route=\/wp\/v2\/pages\/260","targetHints":{"allow":["GET"]}}],"collection":[{"href":"https:\/\/cnprsv.ro\/index.php?rest_route=\/wp\/v2\/pages"}],"about":[{"href":"https:\/\/cnprsv.ro\/index.php?rest_route=\/wp\/v2\/types\/page"}],"author":[{"embeddable":true,"href":"https:\/\/cnprsv.ro\/index.php?rest_route=\/wp\/v2\/users\/1"}],"replies":[{"embeddable":true,"href":"https:\/\/cnprsv.ro\/index.php?rest_route=%2Fwp%2Fv2%2Fcomments&post=260"}],"version-history":[{"count":3,"href":"https:\/\/cnprsv.ro\/index.php?rest_route=\/wp\/v2\/pages\/260\/revisions"}],"predecessor-version":[{"id":11636,"href":"https:\/\/cnprsv.ro\/index.php?rest_route=\/wp\/v2\/pages\/260\/revisions\/11636"}],"wp:attachment":[{"href":"https:\/\/cnprsv.ro\/index.php?rest_route=%2Fwp%2Fv2%2Fmedia&parent=260"}],"curies":[{"name":"wp","href":"https:\/\/api.w.org\/{rel}","templated":true}]}}