{"id":283,"date":"2011-03-26T09:23:11","date_gmt":"2011-03-26T09:23:11","guid":{"rendered":"http:\/\/cnprsv.ro\/?page_id=283"},"modified":"2025-06-19T11:14:39","modified_gmt":"2025-06-19T09:14:39","slug":"admitere-clasa-a-v-a","status":"publish","type":"page","link":"https:\/\/cnprsv.ro\/?page_id=283","title":{"rendered":"Admitere clasa a V-a"},"content":{"rendered":"\r\n<h2><span style=\"color: #ff6600;\"><strong>ADMITEREA \u00ceN CLASA A V-a AN \u0218COLAR 2025 &#8211; 2026<\/strong><\/span><\/h2>\r\n<h3><a href=\"https:\/\/cnprsv.ro\/wp-content\/uploads\/2025\/06\/Matematica-site.pdf\"><span style=\"color: #008000;\"><strong>Subiectul \u0219i baremul la matematic\u0103 &#8211; 19.06.2025<\/strong><\/span><\/a><\/h3>\r\n<h3><a href=\"https:\/\/cnprsv.ro\/wp-content\/uploads\/2025\/06\/Romana-site.pdf\"><span style=\"color: #ff0000;\"><strong>Subiectul \u0219i baremul la limba rom\u00e2n\u0103 &#8211; 19.06.2025<\/strong><\/span><\/a><\/h3>\r\n<h3><a href=\"https:\/\/cnprsv.ro\/wp-content\/uploads\/2025\/06\/TESTARE-INTENSIV-VARIANTA-1-PROBA-SCRISA.pdf\"><strong>Subiectul \u0219i baremul la proba scris\u0103 a testului de limba englez\u0103 &#8211; 17.06.2025<\/strong><\/a><\/h3>\r\n<h3><strong><a href=\"https:\/\/cnprsv.ro\/wp-content\/uploads\/2025\/06\/Oral-setul-1-MODEL.pdf\">Model bilet limba englez\u0103 proba oral\u0103 etapa I &#8211; 17.06.2025<\/a><\/strong><\/h3>\r\n<h3><a href=\"https:\/\/cnprsv.ro\/wp-content\/uploads\/2025\/06\/Oral-setul-2-MODEL.pdf\"><strong>Model bilet limba englez\u0103 proba oral\u0103 etapa II &#8211; 17.06.2025<\/strong><\/a><\/h3>\r\n<p>\u00cen anul \u0219colar 2025 &#8211; 2026 vor func\u021biona la Colegiul Na\u021bional \u201ePetru Rare\u0219\u201d 2 clase a V-a:<\/p>\r\n<ul>\r\n<li>o clas\u0103 cu predare intensiv\u0103 a limbii engleze; limba a doua de studiu va fi franceza.<\/li>\r\n<li>o clas\u0103 cu predare intensiv\u0103 a limbii germane; limba a doua de studiu va fi engleza, care va fi \u00een regim de avansat.<\/li>\r\n<\/ul>\r\n<p>\r\n\r\n<\/p>\r\n<p>La clasa cu predare intensiv\u0103 a limbii engleze se sus\u021bine un test eliminatoriu la limba englez\u0103, conform ROFUIP \u0219i Procedurii ISJ Suceava, \u00een ziua de 17 iunie 2025, ora 9. Testul const\u0103 din 2 probe, una scris\u0103 \u0219i una oral\u0103.<\/p>\r\n<p>Pentru ambele clase, \u00een ziua de 19 iunie, ora 8 se sus\u021bine un test scris la LIMBA ROM\u00c2N\u0102 \u0219i MATEMATIC\u0102 .<\/p>\r\n<p>\r\n\r\n<\/p>\r\n<p class=\"wp-elements-65a713ea7620c1f9f19b4b7671572d61\">\r\n\r\n<\/p>\r\n<p>\u00censcrierile se fac la secretariatul colegiului, \u00een intervalul orar 8 &#8211; 16, p\u00e2n\u0103 pe data de 16 iunie, ora 16.<\/p>\r\n<p><a href=\"https:\/\/cnprsv.ro\/wp-content\/uploads\/2025\/06\/Extras-procedura-site.pdf\"><strong>Extras din Procedura opera\u021bional\u0103 a ISJ Suceava<\/strong><\/a><\/p>\r\n<p class=\"has-vivid-cyan-blue-color has-text-color has-medium-font-size\"><strong>ADMITEREA \u00ceN CLASA A V-a AN \u0218COLAR 2024 &#8211; 2025<\/strong><\/p>\r\n\r\n\r\n\r\n<p>Subiecte \u0219i bareme:<\/p>\r\n\r\n\r\n\r\n<p class=\"has-medium-font-size\"><strong><a href=\"https:\/\/cnprsv.ro\/wp-content\/uploads\/2024\/06\/Romana.pdf\">Limba rom\u00e2n\u0103<\/a><\/strong><\/p>\r\n\r\n\r\n\r\n<p class=\"has-medium-font-size\"><strong><a href=\"https:\/\/cnprsv.ro\/wp-content\/uploads\/2024\/06\/Matematica.pdf\">Matematic\u0103<\/a><\/strong><\/p>\r\n\r\n\r\n\r\n<p class=\"has-medium-font-size\"><strong><a href=\"https:\/\/cnprsv.ro\/wp-content\/uploads\/2024\/06\/Limba-engleza.pdf\">Limba englez\u0103<\/a><\/strong><\/p>\r\n\r\n\r\n\r\n<p>&nbsp;<\/p>\r\n\r\n\r\n\r\n<p>\u00cen anul \u0219colar 2024 &#8211; 2025 va func\u021biona la Colegiul Na\u021bional \u201ePetru Rare\u0219\u201d o clas\u0103 a V-a cu predare intensiv\u0103 a limbii franceze (13 locuri) \u0219i a limbii germane (13 locuri). Limba a doua de studiu va fi engleza, care va fi \u00een regim de avansat.<\/p>\r\n\r\n\r\n\r\n<p>Admiterea se face pe baza unor teste scrise la LIMBA ROM\u00c2N\u0102, MATEMATIC\u0102 \u0219i LIMBA ENGLEZ\u0102.<\/p>\r\n\r\n\r\n\r\n<p class=\"has-vivid-red-color has-text-color has-link-color has-medium-font-size wp-elements-1353368b1786f67f4eb17429079efeaa\">\u00cen conformitate cu Hot\u0103r\u00e2rea Consiliului de administra\u021bie din data de 17.05.2024, t<strong>estarea va avea loc pe data de 14 iunie 2024<\/strong>. Ora va fi comunicat\u0103 ulterior.<\/p>\r\n\r\n\r\n\r\n<p>\u00censcrierile se fac la secretariatul colegiului, \u00een intervalul orar 8 &#8211; 16, p\u00e2n\u0103 pe data de 12 iunie, ora 16.<\/p>\r\n\r\n\r\n\r\n<p>&nbsp;<\/p>\r\n\r\n\r\n\r\n<p>&nbsp;<\/p>\r\n\r\n\r\n\r\n<p>&nbsp;<\/p>\r\n\r\n\r\n\r\n<p>&nbsp;<\/p>\r\n\r\n\r\n\r\n<p>&nbsp;<\/p>\r\n\r\n\r\n\r\n<p>&nbsp;<\/p>\r\n\r\n\r\n\r\n<p>&nbsp;<\/p>\r\n\r\n\r\n\r\n<h1 class=\"wp-block-heading has-vivid-purple-color has-text-color has-medium-font-size\" style=\"font-style: normal; font-weight: bold;\"><strong>TESTARE CLASA A V-a 2023<\/strong><\/h1>\r\n\r\n\r\n\r\n<p class=\"has-vivid-red-color has-text-color has-medium-font-size\">\u00a0<\/p>\r\n\r\n\r\n\r\n<p><a href=\"\/documente\/Model 2023 romana.docx\"><strong>Rom\u00e2n\u0103 &#8211; model 1<\/strong><\/a><\/p>\r\n\r\n\r\n\r\n<p><strong><a href=\"\/documente\/Model 2023 romana 2.docx\">Rom\u00e2n\u0103 &#8211; model 2<\/a><\/strong><\/p>\r\n\r\n\r\n\r\n<p><a href=\"\/documente\/Model 2023 matematica.docx\"><strong>Matematic\u0103 &#8211; model 1<\/strong><\/a><\/p>\r\n\r\n\r\n\r\n<p><strong><a href=\"\/documente\/Model 2023 matematica 2.docx\">Matematic\u0103 &#8211; model 2<\/a><\/strong><\/p>\r\n\r\n\r\n\r\n<p><a href=\"\/documente\/Model 2023 limba engleza.docx\"><strong>Englez\u0103 &#8211; model<\/strong><\/a><\/p>\r\n\r\n\r\n\r\n<h3 class=\"wp-block-heading\">\u00a0<\/h3>\r\n\r\n\r\n\r\n<h3 class=\"wp-block-heading\"><strong><span style=\"color: #ff6600;\">TESTARE CLASA A V-a 2022<\/span><\/strong><\/h3>\r\n\r\n\r\n\r\n<p><a href=\"\/documente\/Subiecte 2022.rar\"><strong>Subiectele la testarea pentru \u00eenscrierea \u00een clasa a V-a 2022<\/strong><\/a><\/p>\r\n\r\n\r\n\r\n<p><strong><a href=\"\/documente\/Romana model -2022.pdf\">Rom\u00e2n\u0103 &#8211; model<\/a><\/strong><\/p>\r\n\r\n\r\n\r\n<p><a href=\"\/documente\/Matematica model.pdf\"><strong>Matematic\u0103 &#8211; model<\/strong><\/a><\/p>\r\n\r\n\r\n\r\n<p><a href=\"\/documente\/Model \u0219i informa\u021bii privind testul de limba englez\u0103.pdf\"><strong>Testul la limba englez\u0103 &#8211; modele \u0219i informa\u021bii<\/strong><\/a><\/p>\r\n\r\n\r\n\r\n<p><a href=\"\/documente\/Model testare germana 2022.pdf\"><strong>Testul la limba german\u0103 &#8211; model<\/strong><\/a><\/p>\r\n\r\n\r\n\r\n<h3 class=\"wp-block-heading\"><a href=\"\/documente\/Subiecte admitere.rar\"><span style=\"color: #ff0000;\"><strong>TESTARE CLASA A V-a 2021 &#8211; SUBIECTE<\/strong><\/span><\/a><\/h3>\r\n\r\n\r\n\r\n<h3 class=\"wp-block-heading\"><strong><span style=\"color: #008080;\">TESTARE CLASA A V-a 2019 &#8211; SUBIECTE<\/span><\/strong><\/h3>\r\n\r\n\r\n\r\n<p><a href=\"\/documente\/Subiecte romana.pdf\">Limba rom\u00e2n\u0103<\/a><\/p>\r\n\r\n\r\n\r\n<p><a href=\"\/documente\/Subiecte matematica.pdf\">Matematic\u0103<\/a><\/p>\r\n\r\n\r\n\r\n<p><a href=\"\/documente\/Subiecte engleza.pdf\">Limba englez\u0103<\/a><\/p>\r\n\r\n\r\n\r\n<h3 class=\"wp-block-heading\"><span style=\"color: #993300;\"><strong>MODELE PENTRU TESTAREA LA CLASA A V-a 2019<\/strong><\/span><\/h3>\r\n\r\n\r\n\r\n<p><a href=\"\/documente\/Limba romana Tematica si bibliografia.pdf\">Tematica pentru testul la limba rom\u00e2n\u0103<\/a><\/p>\r\n\r\n\r\n\r\n<p><a href=\"\/documente\/Romana model.pdf\">Limba rom\u00e2n\u0103<\/a><\/p>\r\n\r\n\r\n\r\n<p><a href=\"\/documente\/Matematica Model.pdf\">Matematic\u0103<\/a><\/p>\r\n\r\n\r\n\r\n<p><a href=\"\/documente\/Engleza model.pdf\">Limba englez\u0103<\/a><\/p>\r\n\r\n\r\n\r\n<p><span style=\"color: #008000;\"><strong>MODELE PENTRU EXAMENUL DE ADMITERE \u00ceN CLASA A V-a 2018<\/strong><\/span><\/p>\r\n\r\n\r\n\r\n<p><a href=\"\/documente\/Romana model subiect.pdf\" target=\"_blank\" rel=\"noopener\">Model limba \u0219i literatura rom\u00e2n\u0103<\/a><\/p>\r\n\r\n\r\n\r\n<p><a href=\"\/documente\/Model matematica.pdf\" target=\"_blank\" rel=\"noopener\">Model\u00a0 matematic\u0103<\/a><\/p>\r\n\r\n\r\n\r\n<p><a href=\"\/documente\/Limba engleza model.pdf\" target=\"_blank\" rel=\"noopener\">Model limba englez\u0103<\/a><\/p>\r\n\r\n\r\n\r\n<p><span style=\"color: #ff6600;\"><strong>MODELE PENTRU EXAMENUL DE ADMITERE 2017 \u0218I SUBIECTELE DATE LA ADMITEREA \u00ceN CLASA A V-a 2017<\/strong><\/span><\/p>\r\n\r\n\r\n\r\n<p><a href=\"\/documente\/Model romana.pdf\" target=\"_blank\" rel=\"noopener\">Model limba \u0219i literatura rom\u00e2n\u0103<\/a><\/p>\r\n\r\n\r\n\r\n<p><a href=\"\/documente\/Model matematica.pdf\" target=\"_blank\" rel=\"noopener\">Model matematic\u0103<\/a><\/p>\r\n\r\n\r\n\r\n<p><a href=\"\/documente\/Limba engleza model.pdf\" target=\"_blank\" rel=\"noopener\">Model limba englez\u0103<\/a><\/p>\r\n\r\n\r\n\r\n<p><a href=\"\/documente\/Romana subect.pdf\" target=\"_blank\" rel=\"noopener\">Subiect limba \u0219i literatura rom\u00e2n\u0103<\/a><\/p>\r\n\r\n\r\n\r\n<p><a href=\"\/documente\/Matematica subiect.pdf\">Subiect matematic\u0103<\/a><\/p>\r\n\r\n\r\n\r\n<p><a href=\"\/documente\/Engleza subiect scris.pdf\" target=\"_blank\" rel=\"noopener\">Subiect limba englez\u0103, proba scris\u0103<\/a><\/p>\r\n","protected":false},"excerpt":{"rendered":"<p>ADMITEREA \u00ceN CLASA A V-a AN \u0218COLAR 2025 &#8211; 2026 Subiectul \u0219i baremul la matematic\u0103 &#8211; 19.06.2025 Subiectul \u0219i baremul la limba rom\u00e2n\u0103 &#8211; 19.06.2025 Subiectul \u0219i baremul la proba scris\u0103 a testului de limba englez\u0103 &#8211; 17.06.2025 Model bilet<\/p>\n<div class=\"entry-read-more\"><a class=\"read-more-link\" href=\"https:\/\/cnprsv.ro\/?page_id=283\">Read More<span class=\"cleanwp-sr-only\">  Admitere clasa a V-a<\/span><\/a><\/div>\n","protected":false},"author":1,"featured_media":0,"parent":281,"menu_order":1,"comment_status":"closed","ping_status":"closed","template":"","meta":{"_editorskit_title_hidden":false,"_editorskit_reading_time":1,"_editorskit_is_block_options_detached":false,"_editorskit_block_options_position":"{}","footnotes":""},"class_list":["post-283","page","type-page","status-publish","hentry"],"_links":{"self":[{"href":"https:\/\/cnprsv.ro\/index.php?rest_route=\/wp\/v2\/pages\/283","targetHints":{"allow":["GET"]}}],"collection":[{"href":"https:\/\/cnprsv.ro\/index.php?rest_route=\/wp\/v2\/pages"}],"about":[{"href":"https:\/\/cnprsv.ro\/index.php?rest_route=\/wp\/v2\/types\/page"}],"author":[{"embeddable":true,"href":"https:\/\/cnprsv.ro\/index.php?rest_route=\/wp\/v2\/users\/1"}],"replies":[{"embeddable":true,"href":"https:\/\/cnprsv.ro\/index.php?rest_route=%2Fwp%2Fv2%2Fcomments&post=283"}],"version-history":[{"count":55,"href":"https:\/\/cnprsv.ro\/index.php?rest_route=\/wp\/v2\/pages\/283\/revisions"}],"predecessor-version":[{"id":12845,"href":"https:\/\/cnprsv.ro\/index.php?rest_route=\/wp\/v2\/pages\/283\/revisions\/12845"}],"up":[{"embeddable":true,"href":"https:\/\/cnprsv.ro\/index.php?rest_route=\/wp\/v2\/pages\/281"}],"wp:attachment":[{"href":"https:\/\/cnprsv.ro\/index.php?rest_route=%2Fwp%2Fv2%2Fmedia&parent=283"}],"curies":[{"name":"wp","href":"https:\/\/api.w.org\/{rel}","templated":true}]}}