{"id":286,"date":"2011-03-26T09:23:33","date_gmt":"2011-03-26T09:23:33","guid":{"rendered":"http:\/\/cnprsv.ro\/?page_id=286"},"modified":"2025-12-12T22:30:46","modified_gmt":"2025-12-12T20:30:46","slug":"admitere-clasa-a-ix-a","status":"publish","type":"page","link":"https:\/\/cnprsv.ro\/?page_id=286","title":{"rendered":"Admitere clasa a IX-a"},"content":{"rendered":"\r\n<p class=\"has-vivid-red-color has-text-color has-link-color has-large-font-size wp-elements-84a5d33fd87f7be969eac135ca4347ee\"><strong>ADMITERE 2025<\/strong><\/p>\r\n<h3><strong>TESTARE \u00ceN VEDEREA ADMITERII LA SEC\u021aIILE BILINGVE MAI 2025<\/strong><\/h3>\r\n<h3><strong>SUBIECTELE \u0218I BAREMELE LA PROBELE SCRISE \u0218I MODELE DE BILETE LA PROBA ORA<\/strong><strong>L\u0102:<\/strong><\/h3>\r\n<h3><strong>\u00a0<\/strong><\/h3>\r\n<h3><a href=\"https:\/\/cnprsv.ro\/wp-content\/uploads\/2025\/12\/Subiect-si-barem-limba-engleza.zip\"><span style=\"color: #800000;\"><strong>LIMBA ENGLEZ\u0102<\/strong><\/span><\/a><\/h3>\r\n<h3><a href=\"https:\/\/cnprsv.ro\/wp-content\/uploads\/2025\/12\/Subiect-si-barem-limba-franceza.zip\"><span style=\"color: #008080;\"><strong>LIMBA FRANCEZ\u0102<\/strong><\/span><\/a><\/h3>\r\n<h3><a href=\"https:\/\/cnprsv.ro\/wp-content\/uploads\/2025\/12\/Subiect-si-barem-limba-germana.zip\"><span style=\"color: #0000ff;\"><strong>LIMBA GERMAN\u0102<\/strong><\/span><\/a><\/h3>\r\n<p>&nbsp;<\/p>\r\n<p><strong><a href=\"https:\/\/cnprsv.ro\/wp-content\/uploads\/2025\/05\/Brosura-admitere-inv-liceal-si-profesional_2025.pdf\">BRO\u0218URA ADMITERII \u00ceN LICEU \u0218I \u00ceNV\u0102\u021a\u0102M\u00c2NT PROFESIONAL 2025<\/a><\/strong><\/p>\r\n\r\n\r\n\r\n<p><strong><a href=\"https:\/\/cnprsv.ro\/wp-content\/uploads\/2025\/01\/OM_6480_2024-complet-anexe-1-5-admitere_liceu_2025_2026.pdf\">Ordinul 6480\/2024 privind admiterea \u00een liceu \u00een anul \u0219colar 2025-2026<\/a><\/strong><\/p>\r\n\r\n\r\n\r\n<p class=\"wp-elements-892740297a69d84d4c4ccdec628186f8\">&nbsp;<\/p>\r\n<p>&nbsp;<\/p>\r\n<p class=\"has-vivid-green-cyan-color has-text-color has-link-color has-medium-font-size\"><strong>ADMITERE 2024<\/strong><\/p>\r\n\r\n\r\n\r\n<p><a href=\"https:\/\/cnprsv.ro\/wp-content\/uploads\/2024\/05\/Brosura_admitere_inv_liceal_si_profesional_2024.pdf\"><strong>BRO\u0218URA ADMITERII \u00ceN LICEU \u0218I \u00ceNV\u0102\u021a\u0102M\u00c2NT PROFESIONAL 2024<\/strong><\/a><\/p>\r\n\r\n\r\n\r\n<p><strong><a href=\"https:\/\/cnprsv.ro\/wp-content\/uploads\/2024\/04\/OME-6154-din-2023-privind-admiterea-in-liceu-2024.pdf\">Ordinul 6154\/2023 privind admiterea \u00een liceu \u00een anul \u0219colar 2024-2025<\/a><\/strong><\/p>\r\n\r\n\r\n\r\n<p><strong><a href=\"https:\/\/cnprsv.ro\/wp-content\/uploads\/2024\/04\/OM_3939_2024-privind-inscrierea-in-liceu-a-elevilor-premiati-la-olimpiade-si-concursuri.pdf\">Ordinul 3939\/2024 privind \u00eenscrierea \u00een liceu a elevilor premia\u021bi la concursurile \u0219colare<\/a><\/strong><\/p>\r\n\r\n\r\n\r\n<p class=\"has-luminous-vivid-orange-color has-text-color has-link-color has-medium-font-size wp-elements-20bad3765e0fa242835a79cb641ea078\"><strong>TESTE PENTRU ADMITEREA \u00ceN CLASELE BILINGVE &#8211; Subiecte \u0219i bareme la proba scris\u0103 \u0219i model subiect proba oral\u0103, 21 &#8211; 23 mai 2024:<\/strong><\/p>\r\n\r\n\r\n\r\n<p class=\"has-vivid-red-color has-text-color has-link-color has-medium-font-size wp-elements-4b9a1d287b38b3e9534cfcee2a0a2d57\"><strong><a href=\"https:\/\/cnprsv.ro\/wp-content\/uploads\/2024\/05\/LIMBA-ENGLEZA.pdf\">LIMBA ENGLEZ\u0102<\/a><\/strong><\/p>\r\n\r\n\r\n\r\n<p class=\"has-vivid-cyan-blue-color has-text-color has-link-color has-medium-font-size wp-elements-aad77142ec5c331c954644655c0ce779\"><strong><a href=\"https:\/\/cnprsv.ro\/wp-content\/uploads\/2024\/05\/LIMBA-FRANCEZA.pdf\">LIMBA FRANCEZ\u0102<\/a><\/strong><\/p>\r\n\r\n\r\n\r\n<p class=\"has-vivid-green-cyan-color has-text-color has-link-color has-medium-font-size wp-elements-c0d5605d5e7216af2a54f4e1ab0c1b18\"><strong><a href=\"https:\/\/cnprsv.ro\/wp-content\/uploads\/2024\/05\/LIMBA-GERMANA.pdf\">LIMBA GERMAN\u0102<\/a><\/strong><\/p>\r\n\r\n\r\n\r\n<p class=\"has-medium-font-size\"><strong>&#8211;&#8211;&#8211;&#8211;&#8211;&#8211;&#8211;&#8211;&#8211;&#8211;&#8211;&#8211;&#8211;&#8211;&#8211;&#8211;&#8211;&#8211;&#8211;-<\/strong><\/p>\r\n\r\n\r\n\r\n<p>&nbsp;<\/p>\r\n\r\n\r\n\r\n<p class=\"has-vivid-red-color has-text-color has-medium-font-size\"><strong>ADMITERE 2023<\/strong><\/p>\r\n\r\n\r\n\r\n<p class=\"has-vivid-red-color has-text-color has-medium-font-size\"><strong><a href=\"\/documente\/Brosura_admitere_inv_liceal_si_profesional_2023.pdf\">BRO\u0218URA ADMITERE \u00ceN LICEU 2023<\/a><\/strong><\/p>\r\n\r\n\r\n\r\n<p class=\"has-medium-font-size\"><strong>&#8211;&#8211;&#8211;&#8211;&#8211;&#8211;&#8211;&#8211;&#8211;&#8211;&#8211;&#8211;&#8211;&#8211;&#8211;&#8211;&#8211;&#8211;&#8211;-<\/strong><\/p>\r\n\r\n\r\n\r\n<p class=\"has-vivid-green-cyan-color has-text-color has-medium-font-size\"><strong>ADMITERE 2022<\/strong><\/p>\r\n\r\n\r\n\r\n<p class=\"has-medium-font-size\">\u00a0<\/p>\r\n\r\n\r\n\r\n<p class=\"has-medium-font-size\"><strong><a class=\"ek-link\" href=\"\/documente\/Brosura admitere inv liceal si profesional_2022.pdf\">Bro\u0219ura admiterii \u00een \u00eenv\u0103\u021b\u0103m\u00e2ntul liceal 2022<\/a><\/strong><\/p>\r\n\r\n\r\n\r\n<p>&nbsp;<\/p>\r\n\r\n<p><strong><a href=\"\/documente\/Subiecte BILINGV ENGLEZ\u0102 2019.pdf\"><span style=\"color: #ff0000;\">Subiecte BILINGV ENGLEZ\u0102 2019<\/span><\/a><\/strong><\/p>\r\n<p><a href=\"\/documente\/Subiecte BILINGV FRANCEZ\u0102 2019.pdf\"><span style=\"color: #0000ff;\"><strong>Subiecte BILINGV FRANCEZ\u0102 2019<\/strong><\/span><\/a><\/p>\r\n<p><a href=\"\/documente\/Subiecte BILINGV GERMAN\u0102 2019.rar\"><span style=\"color: #ff9900;\"><strong>Subiecte BILINGV GERMAN\u0102 2019<\/strong><\/span><\/a><\/p>\r\n<p><a href=\"\/documente\/OM 5.150_2021_admitere liceu 2022-2023.pdf\">Ordin privind admiterea \u00een liceu \u00een anul \u0219colar 2022-2023<\/a><\/p>\r\n<p><a href=\"\/documente\/Anexe_1_2_4_5_ OM 5150_2021 admitere liceu 2022-2023.pdf\">Calendar, calculul mediei de admitere \u0219i metodologia de admitere la clasele bilingve<\/a><\/p>\r\n<p><a href=\"\/documente\/Metodologie_de_organizare_si_desfasurare_a_admiterii_2011site.pdf\" target=\"_blank\" rel=\"noopener\">Metodologia de organizare \u0219i desf\u0103\u0219urare a admiterii \u00een liceu<\/a><\/p>\r\n<p><strong>&#8211;&#8211;&#8211;&#8211;&#8211;&#8211;&#8211;&#8211;&#8211;&#8211;&#8211;&#8211;&#8211;&#8211;&#8211;&#8211;&#8211;&#8211;&#8211;&#8211;&#8211;&#8211;&#8211;&#8211;&#8211;&#8211;&#8211;&#8211;-<\/strong><\/p>\r\n<h2><span style=\"color: #0000ff;\"><strong>ADMITERE 2021<\/strong><\/span><\/h2>\r\n<p><a href=\"\/documente\/Brosura admitere inv liceal si profesional_2021.pdf\">Bro\u0219ura privind admiterea \u00een \u00eenv\u0103\u021b\u0103m\u00e2ntul liceal \u0219i profesional 2021<\/a><\/p>\r\n<p><a href=\"\/documente\/ORDIN nr. 3.721 din 23 aprilie  2021.pdf\">Modificarea \u0219i completarea ordinului privind admiterea \u00een liceu<\/a><\/p>\r\n<p><a href=\"\/documente\/Ordin 5457 admitere liceu 2021_2022 + anexe 1_2_4_5.pdf\">Ordin privind admiterea \u00een liceu \u00een anul \u0219colar 2021-2022<\/a><\/p>\r\n<p><strong>&#8211;&#8211;&#8211;&#8211;&#8211;&#8211;&#8211;&#8211;&#8211;&#8211;&#8211;&#8211;&#8211;&#8211;&#8211;&#8211;&#8211;&#8211;&#8211;&#8211;&#8211;&#8211;&#8211;&#8211;&#8211;&#8211;&#8211;<\/strong>&#8211;<\/p>\r\n<h2><span style=\"color: #008000;\"><strong>ADMITERE 2020<\/strong><\/span><\/h2>\r\n<p><a href=\"\/documente\/Brosura_admitere_inv_liceal_si_profesional_2020.pdf\">Bro\u0219ura privind admiterea \u00een \u00eenv\u0103\u021b\u0103m\u00e2ntul liceal \u0219i profesional 2020<\/a><\/p>\r\n<p><a href=\"\/documente\/OMEC_5532 de modificare a ordinului 4948 admitere in liceu.pdf\">Modificarea \u0219i completarea ordinului privind admiterea \u00een liceu \u00een anul \u0219colar 2020-2021<\/a><\/p>\r\n<p><a href=\"\/documente\/OMEN nr. 4948 din 27.08.2019_admitere_liceu_an scolar_2020-2021.pdf\">Ordin privind admiterea \u00een liceu \u00een anul \u0219colar 2020-2021<\/a><\/p>\r\n<p><a href=\"\/documente\/OMEC 4317 din 21.05.2020 de completare si modificare a Metodologiei de admitere.pdf\">OMEC 4317 din 21.05.2020 de completare \u0219i modificare a Metodologiei de admitere<\/a><\/p>\r\n<p><strong>&#8211;&#8211;&#8211;&#8211;&#8211;&#8211;&#8211;&#8211;&#8211;&#8211;&#8211;&#8211;&#8211;&#8211;&#8211;&#8211;&#8211;&#8211;&#8211;&#8211;&#8211;&#8211;&#8211;&#8211;&#8211;&#8211;&#8211;&#8211;&#8211;-<\/strong><\/p>\r\n<h2><span style=\"color: #ff6600;\"><strong>ADMITERE 2019<\/strong><\/span><\/h2>\r\n<p><a href=\"\/documente\/ORDIN  Nr. 4829 din 30 august 2018 privind organizarea si desfasurarea admiterii in invatamantul liceal de stat pentru anul scolar 2019 - 2020.pdf\">Ordin privind admiterea \u00een liceu \u00een anul \u0219colar 2019-2020<\/a><\/p>\r\n<p><a href=\"\/documente\/Brosura admitere inv liceal si profesional 2019.pdf\">Bro\u0219ura privind admiterea \u00een \u00eenv\u0103\u021b\u0103m\u00e2ntul liceal \u0219i profesional 2019<\/a><\/p>\r\n<p><strong>&#8211;&#8211;&#8211;&#8211;&#8211;&#8211;&#8211;&#8211;&#8211;&#8211;&#8211;&#8211;&#8211;&#8211;&#8211;&#8211;&#8211;&#8211;&#8211;&#8211;&#8211;&#8211;&#8211;&#8211;&#8211;&#8211;&#8211;&#8211;&#8211;<\/strong><\/p>\r\n<h2><span style=\"color: #ff0000;\"><strong>ADMITERE 2018<\/strong><\/span><\/h2>\r\n<ul>\r\n<li><a href=\"\/documente\/Ordinul MEN nr. 4794_31 aug 2017_admitere in inv liceal 2018-2019.pdf\" target=\"_blank\" rel=\"noopener\">Ordin MEN privind admiterea \u00een liceu pentru anul \u0219colar 2018-2019<\/a><\/li>\r\n<li><a href=\"\/documente\/Metodologie_de_organizare_si_desfasurare_a_admiterii_2011site.pdf\" target=\"_blank\" rel=\"noopener\">Metodologia de organizare \u0219i desf\u0103\u0219urare a admiterii \u00een liceu<\/a><\/li>\r\n<li><a href=\"\/documente\/admitere_Anexa_IV_Proba_de_verificare_a_cunostintelor_de_limba_2011.pdf\" target=\"_blank\" rel=\"noopener\">Proba de verificare a cuno\u0219tin\u021belor de limb\u0103<\/a><\/li>\r\n<\/ul>\r\n<p>&nbsp;<\/p>\r\n<ol>\r\n<li style=\"list-style-type: none;\">\r\n<ul>\r\n<li>\u00a0<\/li>\r\n<\/ul>\r\n<\/li>\r\n<\/ol>\r\n<p>&nbsp;<\/p>\r\n<p>&nbsp;<\/p>\r\n<p>&nbsp;<\/p>","protected":false},"excerpt":{"rendered":"<p>ADMITERE 2025 TESTARE \u00ceN VEDEREA ADMITERII LA SEC\u021aIILE BILINGVE MAI 2025 SUBIECTELE \u0218I BAREMELE LA PROBELE SCRISE \u0218I MODELE DE BILETE LA PROBA ORAL\u0102: \u00a0 LIMBA ENGLEZ\u0102 LIMBA FRANCEZ\u0102 LIMBA GERMAN\u0102 &nbsp; BRO\u0218URA ADMITERII \u00ceN LICEU \u0218I \u00ceNV\u0102\u021a\u0102M\u00c2NT PROFESIONAL 2025<\/p>\n<div class=\"entry-read-more\"><a class=\"read-more-link\" href=\"https:\/\/cnprsv.ro\/?page_id=286\">Read More<span class=\"cleanwp-sr-only\">  Admitere clasa a IX-a<\/span><\/a><\/div>\n","protected":false},"author":1,"featured_media":0,"parent":281,"menu_order":2,"comment_status":"closed","ping_status":"closed","template":"","meta":{"_editorskit_title_hidden":false,"_editorskit_reading_time":2,"_editorskit_is_block_options_detached":false,"_editorskit_block_options_position":"{}","footnotes":""},"class_list":["post-286","page","type-page","status-publish","hentry"],"_links":{"self":[{"href":"https:\/\/cnprsv.ro\/index.php?rest_route=\/wp\/v2\/pages\/286","targetHints":{"allow":["GET"]}}],"collection":[{"href":"https:\/\/cnprsv.ro\/index.php?rest_route=\/wp\/v2\/pages"}],"about":[{"href":"https:\/\/cnprsv.ro\/index.php?rest_route=\/wp\/v2\/types\/page"}],"author":[{"embeddable":true,"href":"https:\/\/cnprsv.ro\/index.php?rest_route=\/wp\/v2\/users\/1"}],"replies":[{"embeddable":true,"href":"https:\/\/cnprsv.ro\/index.php?rest_route=%2Fwp%2Fv2%2Fcomments&post=286"}],"version-history":[{"count":71,"href":"https:\/\/cnprsv.ro\/index.php?rest_route=\/wp\/v2\/pages\/286\/revisions"}],"predecessor-version":[{"id":13166,"href":"https:\/\/cnprsv.ro\/index.php?rest_route=\/wp\/v2\/pages\/286\/revisions\/13166"}],"up":[{"embeddable":true,"href":"https:\/\/cnprsv.ro\/index.php?rest_route=\/wp\/v2\/pages\/281"}],"wp:attachment":[{"href":"https:\/\/cnprsv.ro\/index.php?rest_route=%2Fwp%2Fv2%2Fmedia&parent=286"}],"curies":[{"name":"wp","href":"https:\/\/api.w.org\/{rel}","templated":true}]}}