{"id":316,"date":"2011-03-27T06:35:47","date_gmt":"2011-03-27T06:35:47","guid":{"rendered":"http:\/\/cnprsv.ro\/?page_id=316"},"modified":"2024-10-11T15:37:36","modified_gmt":"2024-10-11T13:37:36","slug":"profesori","status":"publish","type":"page","link":"https:\/\/cnprsv.ro\/?page_id=316","title":{"rendered":"Profesori"},"content":{"rendered":"<p><strong>LIMBA \u015eI LITERATURA ROM\u00c2N\u0102<\/strong><\/p>\n<ol>\n<li>Adam Ionela Adina, prof. gr. I<\/li>\n<li>Boteanu Ileana, prof. gr. I<\/li>\n<li>Broasc\u0103 Alina, prof. definitivat<\/li>\n<li>Cazacu Anca Gianina, prof. gr. II, doctorand<\/li>\n<li>C\u00eerstian Gheorghe, prof. gr. I<\/li>\n<li>Ieremie Viorel, prof. gr. I<\/li>\n<li>Ilisei Gabriela Mihaela, prof. gr. I<\/li>\n<li>Vieriu Anca, prof. gr. I<\/li>\n<\/ol>\n<p>&nbsp;<\/p>\n<p><strong>LIMBA LATIN\u0102<\/strong><\/p>\n<p>&nbsp;<\/p>\n<ol>\n<li>Manolache Leliana, prof. gr. I<\/li>\n<\/ol>\n<p>&nbsp;<\/p>\n<p><strong>LIMBA ENGLEZ\u0102<\/strong><\/p>\n<ol>\n<li>Andronachi Nicoleta, prof. gr. I<\/li>\n<li>Butnaru Camelia Elena, prof. gr. I<\/li>\n<li>Col\u0103cel Geogeta, prof. definitivat, doctorand<\/li>\n<li>Fodor Mihaela Tatiana, prof. gr. I<\/li>\n<li>Fomin Anamaria, prof. gr. I, doctorand<\/li>\n<li>Postolache Lucaveski Dana Irina, prof. gr. I<\/li>\n<li>Rusu Daniela Ioana, prof. gr. I<\/li>\n<li>Salciuc Laura Mirela, prof. gr. I<\/li>\n<li>S\u0103l\u0103gean Cristian, prof. gr. I<\/li>\n<li>Stroe Crina Gabriela, prof. gr. I<\/li>\n<\/ol>\n<p>&nbsp;<\/p>\n<p><strong>LIMBA FRANCEZ\u0102<\/strong><\/p>\n<ol>\n<li>Bilan Georgeta Floare, prof. gr. I<\/li>\n<li>Ciurari Laurica, prof. gr. I<\/li>\n<li>Mocanu Lumini\u0163a Marilena, prof. gr. I<\/li>\n<li>Obreja Cristina Maria, prof. gr. II<\/li>\n<li>Ro\u015fca Mariana L\u0103cr\u0103mioara, prof. gr. I<\/li>\n<\/ol>\n<p>&nbsp;<\/p>\n<p><strong>LIMBA GERMAN\u0102<\/strong><\/p>\n<ol>\n<li>Greciuc Teodora Ramona, prof. gr. II<\/li>\n<li>Mitre \u015etefania Silvia, prof. gr. I<\/li>\n<li>Shlosberg Ella Susanne, prof. definitivat<\/li>\n<li>Tecuceanu Magdalena Maria, prof. definitivat<\/li>\n<li>Zaharia Anca Mihaela, prof. definitivat, doctorand<\/li>\n<\/ol>\n<p>&nbsp;<\/p>\n<p><strong>LIMBA SPANIOL\u0102<\/strong><\/p>\n<ol>\n<li>Norocel Ancu\u0163a, prof. definitivat<\/li>\n<li>Perju Anda, prof. gr. I<\/li>\n<\/ol>\n<p>&nbsp;<\/p>\n<p><strong>MATEMATIC\u0102<\/strong><\/p>\n<p>&nbsp;<\/p>\n<ol>\n<li>Balaci Livia, prof. gr. I<\/li>\n<li>Bedrulea Gabriela Victoria, prof. gr. I<\/li>\n<li>David Elena Manuela, prof. gr. I<\/li>\n<li>Loh\u0103nel Valeriu, prof. gr. I<\/li>\n<li>Monacu Elena, prof. gr. I<\/li>\n<li>Tomasciuc Lenu\u0163a, prof. gr. I<\/li>\n<li>\u0162ig\u0103eru Angela, prof. gr. I<\/li>\n<\/ol>\n<p>&nbsp;<\/p>\n<p><strong>FIZIC\u0102<\/strong><\/p>\n<p>&nbsp;<\/p>\n<ol>\n<li>Amor\u0103ri\u0163ei Carmen Elena, prof. gr. I<\/li>\n<li>Dungeanu Daniela, prof. gr. I<\/li>\n<li>Greculeac Anca Viorica, prof. gr. I<\/li>\n<li>Lungu Gheorghe, prof. gr. I<\/li>\n<li>Milici Nicolae, prof. gr. I<\/li>\n<\/ol>\n<p>&nbsp;<\/p>\n<p><strong>CHIMIE<\/strong><\/p>\n<ol>\n<li>Capbun Dana Gabriela, prof. gr. I<\/li>\n<li>C\u00eempan Gabriela, prof. gr. I<\/li>\n<li>Mateiciuc Gabriela Mariana, prof. gr. I<\/li>\n<\/ol>\n<p>&nbsp;<\/p>\n<p><strong>BIOLOGIE<\/strong><\/p>\n<ol>\n<li>Morar Ramona, prof. gr. I<\/li>\n<li>Oboroceanu Ramona, prof. gr. I<\/li>\n<li>Obreja Carmencita, prof. gr. I<\/li>\n<\/ol>\n<p>&nbsp;<\/p>\n<p>&nbsp;<\/p>\n<p>&nbsp;<\/p>\n<p><strong>ISTORIE-<\/strong><strong>GEOGRAFIE<\/strong><\/p>\n<ol>\n<li>Glaser Antonela Gabriela, prof. gr. I<\/li>\n<li>Postolache Lucaveski Nicolae, prof. gr. I<\/li>\n<li>Preda Lorin, prof. gr. I<\/li>\n<li>Todera\u015f Vasilic\u0103 Daniel, prof. gr. I<\/li>\n<li>Cazacu Constantin Marius, prof. definitivat<\/li>\n<li>Ciubotariu Mihaela, prof. gr. I<\/li>\n<\/ol>\n<p>&nbsp;<\/p>\n<p><strong>SOCIO \u2013 UMANE<\/strong><\/p>\n<p>&nbsp;<\/p>\n<ol>\n<li>Barbu Viorica, prof. gr. I<\/li>\n<li>B\u0103deli\u0163\u0103 Raluca, prof. definitivat<\/li>\n<li>Sahleanu Cecilia, prof. gr. II<\/li>\n<li>Voicu Armand C\u0103lin, prof. gr. I<\/li>\n<\/ol>\n<p>&nbsp;<\/p>\n<p><strong>RELIGIE<\/strong><\/p>\n<ol>\n<li>Cojocaru Iustinian, prof. definitivat<\/li>\n<li>Vr\u00e2nceanu Marius, prof. gr. II<\/li>\n<\/ol>\n<p>&nbsp;<\/p>\n<p><strong>EDUCA\u0162IE MUZICAL\u0102<\/strong><\/p>\n<ol>\n<li>Dobo\u015f Cristian Ilie, prof. definitivat<\/li>\n<\/ol>\n<p>&nbsp;<\/p>\n<p><strong>EDUCA\u0162IE PLASTIC\u0102<\/strong><\/p>\n<ol>\n<li>Ignatescu Isabela, prof. definitivat<\/li>\n<\/ol>\n<p>&nbsp;<\/p>\n<p><strong>EDUCA\u0162IE FIZIC\u0102<\/strong><\/p>\n<ol>\n<li>Airinei Mihai, prof. gr. I<\/li>\n<li>R\u00eembu Sorin Constantin, prof. gr. I<\/li>\n<li>Morosan Ovidiu, prof. definitivat<\/li>\n<\/ol>\n<p>&nbsp;<\/p>\n<p><strong>INFORMATIC\u0102<\/strong><\/p>\n<ol>\n<li>Aga Petronela Marinela, prof. gr. I<\/li>\n<li>Dumitra\u015fcu Gabriela, prof. gr. II<\/li>\n<li>Erhan Mihail, prof. gr. I<\/li>\n<li>\u015etef\u0103nescu Daniela Narcisa, prof. gr. I<\/li>\n<li>Ududec Marius, prof. gr. I<\/li>\n<\/ol>\n<p>&nbsp;<\/p>\n<p><strong>EDUCA\u0162IE TEHNOLOGIC\u0102<\/strong><\/p>\n<p>&nbsp;<\/p>\n<ol>\n<li>Ciobanu Cristina Gabriela, prof. gr. II<\/li>\n<\/ol>\n<p>&nbsp;<\/p>\n<p>&nbsp;<\/p>\n<p>&nbsp;<\/p>\n","protected":false},"excerpt":{"rendered":"<p>LIMBA \u015eI LITERATURA ROM\u00c2N\u0102 Adam Ionela Adina, prof. gr. I Boteanu Ileana, prof. gr. I Broasc\u0103 Alina, prof. definitivat Cazacu Anca Gianina, prof. gr. II, doctorand C\u00eerstian Gheorghe, prof. gr. I Ieremie Viorel, prof. gr. I Ilisei Gabriela Mihaela, prof.<\/p>\n<div class=\"entry-read-more\"><a class=\"read-more-link\" href=\"https:\/\/cnprsv.ro\/?page_id=316\">Read More<span class=\"cleanwp-sr-only\">  Profesori<\/span><\/a><\/div>\n","protected":false},"author":1,"featured_media":0,"parent":11,"menu_order":0,"comment_status":"closed","ping_status":"closed","template":"","meta":{"_editorskit_title_hidden":false,"_editorskit_reading_time":0,"_editorskit_is_block_options_detached":false,"_editorskit_block_options_position":"{}","footnotes":""},"class_list":["post-316","page","type-page","status-publish","hentry"],"_links":{"self":[{"href":"https:\/\/cnprsv.ro\/index.php?rest_route=\/wp\/v2\/pages\/316","targetHints":{"allow":["GET"]}}],"collection":[{"href":"https:\/\/cnprsv.ro\/index.php?rest_route=\/wp\/v2\/pages"}],"about":[{"href":"https:\/\/cnprsv.ro\/index.php?rest_route=\/wp\/v2\/types\/page"}],"author":[{"embeddable":true,"href":"https:\/\/cnprsv.ro\/index.php?rest_route=\/wp\/v2\/users\/1"}],"replies":[{"embeddable":true,"href":"https:\/\/cnprsv.ro\/index.php?rest_route=%2Fwp%2Fv2%2Fcomments&post=316"}],"version-history":[{"count":2,"href":"https:\/\/cnprsv.ro\/index.php?rest_route=\/wp\/v2\/pages\/316\/revisions"}],"predecessor-version":[{"id":4211,"href":"https:\/\/cnprsv.ro\/index.php?rest_route=\/wp\/v2\/pages\/316\/revisions\/4211"}],"up":[{"embeddable":true,"href":"https:\/\/cnprsv.ro\/index.php?rest_route=\/wp\/v2\/pages\/11"}],"wp:attachment":[{"href":"https:\/\/cnprsv.ro\/index.php?rest_route=%2Fwp%2Fv2%2Fmedia&parent=316"}],"curies":[{"name":"wp","href":"https:\/\/api.w.org\/{rel}","templated":true}]}}