{"id":3192,"date":"2013-02-13T19:25:49","date_gmt":"2013-02-13T19:25:49","guid":{"rendered":"http:\/\/cnprsv.ro\/?page_id=3192"},"modified":"2025-05-06T17:29:30","modified_gmt":"2025-05-06T15:29:30","slug":"concursul-de-recrutare-pentru-clasele-pregatitoare-din-franta","status":"publish","type":"page","link":"https:\/\/cnprsv.ro\/?page_id=3192","title":{"rendered":"Concursul de recrutare pentru clasele preg\u0103titoare din Fran\u021ba"},"content":{"rendered":"<p data-sourcepos=\"3:1-3:178\">Ambasada Fran\u021bei \u0219i Institutul Francez din Rom\u00e2nia au pl\u0103cerea de a anun\u021ba organizarea unei noi edi\u021bii a Concursului de recrutare pentru clasele preg\u0103titoare pentru Marile \u0218coli.<\/p>\n<p data-sourcepos=\"5:1-5:413\">Acest prestigios concurs de matematic\u0103, desf\u0103\u0219urat integral \u00een limba francez\u0103, se adreseaz\u0103 elevilor din clasa a XII-a care doresc s\u0103 fie admi\u0219i \u00een clasele preg\u0103titoare \u0219tiin\u021bifice (CPGE) din Fran\u021ba. Scopul este de a le oferi oportunitatea de a urma studii superioare de excelen\u021b\u0103 \u00een cadrul \u0218colilor de Inginerie (\u00c9coles d\u2019Ing\u00e9nieurs) \u0219i \u0218colilor Normale Superioare (\u00c9coles Normales Sup\u00e9rieures &#8211; ENS) din Fran\u021ba.<\/p>\n<p data-sourcepos=\"7:1-7:595\">Procesul de selec\u021bie este riguros, iar candida\u021bii sunt admi\u0219i \u00een urma sus\u021binerii unei probe scrise de matematic\u0103. Ace\u0219tia trebuie s\u0103 demonstreze cuno\u0219tin\u021be solide de matematic\u0103, dar \u0219i un nivel func\u021bional de limba francez\u0103. De\u0219i nu se solicit\u0103 un nivel avansat, candida\u021bii trebuie s\u0103 poat\u0103 \u00een\u021belege enun\u021burile problemelor formulate \u00een limba francez\u0103 \u0219i s\u0103 fie capabili s\u0103 \u00ee\u0219i justifice \u00een scris solu\u021biile, chiar dac\u0103 exprimarea lor con\u021bine anumite erori gramaticale sau de vocabular. Esen\u021bial\u0103 este capacitatea de \u00een\u021belegere \u0219i exprimare scris\u0103 \u00een contextul rezolv\u0103rii problemelor de matematic\u0103.<\/p>\n<p data-sourcepos=\"9:1-9:111\">Concursul se va desf\u0103\u0219ura simultan \u00een principalele centre universitare din Rom\u00e2nia, \u00een prim\u0103vara anului curent.<\/p>\n<p data-sourcepos=\"11:1-11:254\">Pentru informa\u021bii detaliate despre desf\u0103\u0219urarea concursului, despre programul claselor preg\u0103titoare pentru Marile \u0218coli, despre criteriile de eligibilitate \u0219i procedura de \u00eenscriere, v\u0103 rug\u0103m s\u0103 consulta\u021bi site-ul web al Institutului Francez din Rom\u00e2nia.<\/p>\n<p data-sourcepos=\"16:1-16:149\">V\u0103 \u00eencuraj\u0103m s\u0103 verifica\u021bi periodic pagina web a Institutului Francez pentru ultimele actualiz\u0103ri \u0219i detalii specifice edi\u021biei curente a concursului.<\/p>\n<p data-sourcepos=\"18:1-18:136\">Aceast\u0103 oportunitate reprezint\u0103 o \u0219ans\u0103 unic\u0103 pentru elevii rom\u00e2ni talenta\u021bi la matematic\u0103 de a accede la o educa\u021bie de elit\u0103 \u00een Fran\u021ba.<\/p>\n","protected":false},"excerpt":{"rendered":"<p>Ambasada Fran\u021bei \u0219i Institutul Francez din Rom\u00e2nia au pl\u0103cerea de a anun\u021ba organizarea unei noi edi\u021bii a Concursului de recrutare pentru clasele preg\u0103titoare pentru Marile \u0218coli. Acest prestigios concurs de matematic\u0103, desf\u0103\u0219urat integral \u00een limba francez\u0103, se adreseaz\u0103 elevilor din<\/p>\n<div class=\"entry-read-more\"><a class=\"read-more-link\" href=\"https:\/\/cnprsv.ro\/?page_id=3192\">Read More<span class=\"cleanwp-sr-only\">  Concursul de recrutare pentru clasele preg\u0103titoare din Fran\u021ba<\/span><\/a><\/div>\n","protected":false},"author":1,"featured_media":0,"parent":3182,"menu_order":2,"comment_status":"closed","ping_status":"open","template":"","meta":{"_editorskit_title_hidden":false,"_editorskit_reading_time":0,"_editorskit_is_block_options_detached":false,"_editorskit_block_options_position":"{}","footnotes":""},"class_list":["post-3192","page","type-page","status-publish","hentry"],"_links":{"self":[{"href":"https:\/\/cnprsv.ro\/index.php?rest_route=\/wp\/v2\/pages\/3192","targetHints":{"allow":["GET"]}}],"collection":[{"href":"https:\/\/cnprsv.ro\/index.php?rest_route=\/wp\/v2\/pages"}],"about":[{"href":"https:\/\/cnprsv.ro\/index.php?rest_route=\/wp\/v2\/types\/page"}],"author":[{"embeddable":true,"href":"https:\/\/cnprsv.ro\/index.php?rest_route=\/wp\/v2\/users\/1"}],"replies":[{"embeddable":true,"href":"https:\/\/cnprsv.ro\/index.php?rest_route=%2Fwp%2Fv2%2Fcomments&post=3192"}],"version-history":[{"count":5,"href":"https:\/\/cnprsv.ro\/index.php?rest_route=\/wp\/v2\/pages\/3192\/revisions"}],"predecessor-version":[{"id":12648,"href":"https:\/\/cnprsv.ro\/index.php?rest_route=\/wp\/v2\/pages\/3192\/revisions\/12648"}],"up":[{"embeddable":true,"href":"https:\/\/cnprsv.ro\/index.php?rest_route=\/wp\/v2\/pages\/3182"}],"wp:attachment":[{"href":"https:\/\/cnprsv.ro\/index.php?rest_route=%2Fwp%2Fv2%2Fmedia&parent=3192"}],"curies":[{"name":"wp","href":"https:\/\/api.w.org\/{rel}","templated":true}]}}