{"id":5,"date":"2011-03-23T10:28:24","date_gmt":"2011-03-23T10:28:24","guid":{"rendered":"http:\/\/cnprsv.ro\/?page_id=5"},"modified":"2024-10-11T15:37:35","modified_gmt":"2024-10-11T13:37:35","slug":"despre-noi","status":"publish","type":"page","link":"https:\/\/cnprsv.ro\/?page_id=5","title":{"rendered":"Despre noi"},"content":{"rendered":"<p>&nbsp;<\/p>\n<p>&nbsp;<\/p>\n<p>&nbsp;<\/p>\n<p><strong>Ce v\u0103 oferim?<\/strong><\/p>\n<ul>\n<li>posibilitatea \u00eensu\u015firii aprofundate a materiilor \u015fcolare de baz\u0103 care sa permit\u0103 accesul \u00een unversita\u0163i de prestigiu<\/li>\n<\/ul>\n<ul>\n<li>posibilitatea dezvolt\u0103rii abilita\u0163ilor individuale<\/li>\n<\/ul>\n<ul>\n<li>posibilitatea ob\u0163inerii unor atestate de limb\u0103 recunoscute interna\u0163ional Cambridge, DELF, Sprachdiplom \u015fi DELE<\/li>\n<\/ul>\n<ul>\n<li>posibilitatea ob\u0163inerii certificatului ECDL sau IC3<\/li>\n<\/ul>\n<ul>\n<li>posibilitatea ob\u0163inerii atestatelor de informatic\u0103 \u015fi de traduc\u0103tor<\/li>\n<\/ul>\n<ul>\n<li>acces la re\u0163eaua internet<\/li>\n<\/ul>\n<ul>\n<li>posibilitatea desfa\u015fur\u0103rii de activit\u0103\u0163i extra\u015fcolare coordonate de profesor<\/li>\n<\/ul>\n<ul>\n<li>posibilitatea ob\u0163inerii de burse de merit, burse de studiu \u015fi burse sociale<\/li>\n<\/ul>\n<p>&nbsp;<\/p>\n<p>Pentru mai multe informa\u0163ii v\u0103 rug\u0103m s\u0103 accesa\u0163i unul din linkurile de mai jos:<\/p>\n<p style=\"padding-left: 30px;\"><a href=\"https:\/\/cnprsv.ro\/?page_id=190\">Istoric<\/a><br \/>\n<a href=\"https:\/\/cnprsv.ro\/?page_id=197\">Prezent \u015fi viitor<\/a><br \/>\n<a href=\"https:\/\/cnprsv.ro\/?page_id=200\">Conducere<\/a><br \/>\n<a href=\"https:\/\/cnprsv.ro\/?page_id=1763\">Comisia de calitate<\/a><br \/>\n<a href=\"https:\/\/cnprsv.ro\/?page_id=16\">Specializ\u0103ri<\/a><br \/>\n<a href=\"https:\/\/cnprsv.ro\/?page_id=1322\">Catedre<\/a><br \/>\n<a href=\"https:\/\/cnprsv.ro\/?page_id=51\">Performan\u0163e<\/a><br \/>\n<a href=\"https:\/\/cnprsv.ro\/?page_id=875\">Plan de \u015fcolarizare<\/a><br \/>\n<a href=\"https:\/\/cnprsv.ro\/?page_id=9\">Resurse<\/a><br \/>\n<a href=\"https:\/\/cnprsv.ro\/?page_id=1607\">Cabinet pshipedagogic<\/a><br \/>\n<a href=\"https:\/\/cnprsv.ro\/?page_id=767\">Organiza\u0163ii<\/a><\/p>\n<p style=\"padding-left: 30px;\">&nbsp;<\/p>\n","protected":false},"excerpt":{"rendered":"<p>&nbsp; &nbsp; &nbsp; Ce v\u0103 oferim? posibilitatea \u00eensu\u015firii aprofundate a materiilor \u015fcolare de baz\u0103 care sa permit\u0103 accesul \u00een unversita\u0163i de prestigiu posibilitatea dezvolt\u0103rii abilita\u0163ilor individuale posibilitatea ob\u0163inerii unor atestate de limb\u0103 recunoscute interna\u0163ional Cambridge, DELF, Sprachdiplom \u015fi DELE posibilitatea<\/p>\n<div class=\"entry-read-more\"><a class=\"read-more-link\" href=\"https:\/\/cnprsv.ro\/?page_id=5\">Read More<span class=\"cleanwp-sr-only\">  Despre noi<\/span><\/a><\/div>\n","protected":false},"author":1,"featured_media":0,"parent":0,"menu_order":1,"comment_status":"closed","ping_status":"closed","template":"","meta":{"_editorskit_title_hidden":false,"_editorskit_reading_time":0,"_editorskit_is_block_options_detached":false,"_editorskit_block_options_position":"{}","footnotes":""},"class_list":["post-5","page","type-page","status-publish","hentry"],"_links":{"self":[{"href":"https:\/\/cnprsv.ro\/index.php?rest_route=\/wp\/v2\/pages\/5","targetHints":{"allow":["GET"]}}],"collection":[{"href":"https:\/\/cnprsv.ro\/index.php?rest_route=\/wp\/v2\/pages"}],"about":[{"href":"https:\/\/cnprsv.ro\/index.php?rest_route=\/wp\/v2\/types\/page"}],"author":[{"embeddable":true,"href":"https:\/\/cnprsv.ro\/index.php?rest_route=\/wp\/v2\/users\/1"}],"replies":[{"embeddable":true,"href":"https:\/\/cnprsv.ro\/index.php?rest_route=%2Fwp%2Fv2%2Fcomments&post=5"}],"version-history":[{"count":7,"href":"https:\/\/cnprsv.ro\/index.php?rest_route=\/wp\/v2\/pages\/5\/revisions"}],"predecessor-version":[{"id":10774,"href":"https:\/\/cnprsv.ro\/index.php?rest_route=\/wp\/v2\/pages\/5\/revisions\/10774"}],"wp:attachment":[{"href":"https:\/\/cnprsv.ro\/index.php?rest_route=%2Fwp%2Fv2%2Fmedia&parent=5"}],"curies":[{"name":"wp","href":"https:\/\/api.w.org\/{rel}","templated":true}]}}