{"id":51,"date":"2011-03-23T11:57:09","date_gmt":"2011-03-23T11:57:09","guid":{"rendered":"http:\/\/cnprsv.ro\/?page_id=51"},"modified":"2024-10-11T15:37:36","modified_gmt":"2024-10-11T13:37:36","slug":"performante","status":"publish","type":"page","link":"https:\/\/cnprsv.ro\/?page_id=51","title":{"rendered":"Performan\u0163e"},"content":{"rendered":"<div>\n<p><a href=\"https:\/\/cnprsv.ro\/?page_id=2348\">Premiul \u201dProfesor Frieda Vigder\u201d<\/a><\/p>\n<p><a href=\"https:\/\/cnprsv.ro\/?page_id=971\">Diploma de onoare<\/a><\/p>\n<p><a href=\"https:\/\/cnprsv.ro\/?page_id=5609\">Diploma de excelen\u021b\u0103 academic\u0103<\/a><\/p>\n<p><a href=\"..\/documente\/performante_Elevi_participanti_la_etapele_nationale_ale_olimpiadelor_scolare_2012_2013.pdf\" target=\"_blank\" rel=\"noopener\">Elevi participan\u021bi la etapele na\u021bionale ale olimpiadelor \u0219colare 2012 &#8211; 2013<\/a><\/p>\n<p><a href=\"..\/documente\/performante_Elevi_participanti_la_etapele_nationale_ale_olimpiadelor_scolare_2011_2012.pdf\" target=\"_blank\" rel=\"noopener\">Elevi participan\u021bi la etapele na\u021bionale ale olimpiadelor \u0219colare 2011 &#8211; 2012<\/a><\/p>\n<\/div>\n<p><a href=\"..\/documente\/performante_Elevi_participanti_la_etapele_nationale_ale_olimpiadelor_scolare_2010_2011.pdf\" target=\"_blank\" rel=\"noopener\">Elevi participan\u021bi la etapele na\u021bionale ale olimpiadelor \u0219colare 2010 &#8211; 2011<\/a><\/p>\n<p><a href=\"..\/documente\/performante_Elevi_participanti_la_etapele_nationale_ale_olimpiadelor_scolare_2009_2010.pdf\" target=\"_blank\" rel=\"noopener\">Elevi participan\u021bi la etapele na\u021bionale ale olimpiadelor \u0219colare 2009 &#8211; 2010<\/a><\/p>\n<p><a href=\"..\/documente\/performante_Elevi_participanti_la_etapele_nationale_ale_olimpiadelor_scolare_2008_2009.pdf\" target=\"_blank\" rel=\"noopener\">Elevi participan\u021bi la etapele na\u021bionale ale olimpiadelor \u0219colare 2008 &#8211; 2009<\/a><\/p>\n<p><a href=\"..\/documente\/performante_Elevi_participanti_la_etapele_nationale_ale_olimpiadelor_scolare_2007_2008.pdf\" target=\"_blank\" rel=\"noopener\">Elevi participan\u021bi la etapele na\u021bionale ale olimpiadelor \u0219colare 2007 &#8211; 2008<\/a><\/p>\n<p><a href=\"..\/documente\/performante_Elevi_participanti_la_etapele_nationale_ale_olimpiadelor_scolare_2006_2007.pdf\" target=\"_blank\" rel=\"noopener\">Elevi participan\u021bi la etapele na\u021bionale ale olimpiadelor \u0219colare 2006 &#8211; 2007<\/a><\/p>\n<p><a href=\"..\/documente\/performante_Elevi_participanti_la_etapele_nationale_ale_olimpiadelor_scolare_2005_2006.pdf\" target=\"_blank\" rel=\"noopener\">Elevi participan\u021bi la etapele na\u021bionale ale olimpiadelor \u0219colare 2005 &#8211; 2006<\/a><\/p>\n<p><a href=\"..\/documente\/performante_Elevi_participanti_la_etapele_nationale_ale_olimpiadelor_scolare_2004_2005.pdf\" target=\"_blank\" rel=\"noopener\">Elevi participan\u021bi la etapele na\u021bionale ale olimpiadelor \u0219colare 2004 &#8211; 2005<\/a><\/p>\n<p><a href=\"..\/documente\/performante_Elevi_participanti_la_etapele_nationale_ale_olimpiadelor_scolare_2003_2004.pdf\" target=\"_blank\" rel=\"noopener\">Elevi participan\u021bi la etapele na\u021bionale ale olimpiadelor \u0219colare 2003 &#8211; 2004<\/a><\/p>\n<p><a href=\"..\/documente\/performante_Elevi_participanti_la_etapele_nationale_ale_olimpiadelor_scolare_2002_2003.pdf\" target=\"_blank\" rel=\"noopener\">Elevi participan\u021bi la etapele na\u021bionale ale olimpiadelor \u0219colare 2002 &#8211; 2003<\/a><\/p>\n<p><a href=\"..\/documente\/performante_Elevi_participanti_la_etapele_nationale_ale_olimpiadelor_scolare_2001_2002.pdf\" target=\"_blank\" rel=\"noopener\">Elevi participan\u021bi la etapele na\u021bionale ale olimpiadelor \u0219colare 2001 &#8211; 2002<\/a><\/p>\n<p><a href=\"..\/documente\/performante_Elevi_participanti_la_etapele_nationale_ale_olimpiadelor_scolare_2000_2001.pdf\" target=\"_blank\" rel=\"noopener\">Elevi participan\u021bi la etapele na\u021bionale ale olimpiadelor \u0219colare 2000 &#8211; 2001<\/a><\/p>\n<h2>Argint la INESPO 2014<\/h2>\n<p>&nbsp;<\/p>\n<p>Vlad PAVEL \u0219i Ionatan LAVRIC, din clasele a 12-a G, respectiv 12 H, au c\u00e2\u0219tigat ieri sear\u0103 argintul la INESPO 2014 (International Environmental &amp; Sustainability Project Olympiad) din Olanda. Aceast\u0103 manifestare reune\u0219te \u00eencep\u00e2nd din anul 2010 peste 40 de \u021b\u0103ri participante \u0219i are drept scop implicarea elevilor \u00een problemele importante legate de educa\u021bia pentru mediu a tinerei genera\u021bii. Face acest lucru pun\u00e2nd \u00een competi\u021bie elevii care au idei \u0219i solu\u021bii ce pot rezolva problemele educative legate de mediu.<\/p>\n<p>Tema interdisciplinar\u0103 pe care au prezentat-o elevii Colegiului Na\u021bional Petru Rare\u0219 din Suceava este \u201dReal Time Home Security Alert System\u201d, ea incluz\u00e2nd elemente de soft \u0219i hard, asamblate \u00eentr-un kit capabil s\u0103 realizeze alertarea de incendiu \u00eenca din faza I a acestuia. Conceperea, contruirea, verificarea experimental\u0103 \u0219i redactarea referatului centralizator s-a realizat \u00een laboratoarele colegiului. Profesorii coordonatori din cadrul liceului au fost Anca GRECULEAC \u2013 fizic\u0103, Narcisa \u0218TEF\u0102NESCU \u2013 informatic\u0103, Marius UDUDEC \u2013 informatic\u0103, iar din partea USV, conf. dr. Dan MILICI.<\/p>\n<p>&nbsp;<\/p>\n<p><a href=\"https:\/\/cnprsv.ro\/wp-content\/uploads\/2011\/03\/DSC06575.jpg\" rel=\"lightbox[51]\"><img loading=\"lazy\" decoding=\"async\" class=\"aligncenter size-full wp-image-4855\" src=\"https:\/\/cnprsv.ro\/wp-content\/uploads\/2011\/03\/DSC06575.jpg\" alt=\"DSC06575\" width=\"248\" height=\"328\" \/><\/a><\/p>\n<p><a href=\"https:\/\/cnprsv.ro\/wp-content\/uploads\/2011\/03\/DSCF4308.jpg\" rel=\"lightbox[51]\"><img loading=\"lazy\" decoding=\"async\" class=\"aligncenter size-full wp-image-4856\" src=\"https:\/\/cnprsv.ro\/wp-content\/uploads\/2011\/03\/DSCF4308.jpg\" alt=\"DSCF4308\" width=\"248\" height=\"369\" \/><\/a><\/p>\n<p><a href=\"https:\/\/cnprsv.ro\/wp-content\/uploads\/2011\/03\/DSC06565.jpg\" rel=\"lightbox[51]\"><img loading=\"lazy\" decoding=\"async\" class=\"aligncenter size-full wp-image-4857\" src=\"https:\/\/cnprsv.ro\/wp-content\/uploads\/2011\/03\/DSC06565.jpg\" alt=\"DSC06565\" width=\"248\" height=\"187\" srcset=\"https:\/\/cnprsv.ro\/wp-content\/uploads\/2011\/03\/DSC06565.jpg 2816w, https:\/\/cnprsv.ro\/wp-content\/uploads\/2011\/03\/DSC06565-300x225.jpg 300w, https:\/\/cnprsv.ro\/wp-content\/uploads\/2011\/03\/DSC06565-1024x768.jpg 1024w\" sizes=\"auto, (max-width: 248px) 100vw, 248px\" \/><\/a><\/p>\n<p><a href=\"https:\/\/cnprsv.ro\/wp-content\/uploads\/2011\/03\/Screenshot_2014-06-06-10-18-49_1.jpg\" rel=\"lightbox[51]\"><img loading=\"lazy\" decoding=\"async\" class=\"aligncenter size-full wp-image-4858\" src=\"https:\/\/cnprsv.ro\/wp-content\/uploads\/2011\/03\/DSC06574.jpg\" alt=\"DSC06574\" width=\"247\" height=\"332\" \/><\/a><\/p>\n<p><a href=\"https:\/\/cnprsv.ro\/wp-content\/uploads\/2011\/03\/Screenshot_2014-06-06-10-18-34_1.jpg\" rel=\"lightbox[51]\"><img loading=\"lazy\" decoding=\"async\" class=\"aligncenter size-full wp-image-4844\" src=\"https:\/\/cnprsv.ro\/wp-content\/uploads\/2011\/03\/Screenshot_2014-06-06-10-18-49_1.jpg\" alt=\"Screenshot_2014-06-06-10-18-49_1\" width=\"248\" height=\"182\" \/><\/a><\/p>\n<p><a href=\"https:\/\/cnprsv.ro\/wp-content\/uploads\/2011\/03\/Screenshot_2014-06-06-10-18-34_1.jpg\" rel=\"lightbox[51]\"><img loading=\"lazy\" decoding=\"async\" class=\"aligncenter size-full wp-image-4845\" src=\"https:\/\/cnprsv.ro\/wp-content\/uploads\/2011\/03\/Screenshot_2014-06-06-10-18-34_1.jpg\" alt=\"Screenshot_2014-06-06-10-18-34_1\" width=\"247\" height=\"165\" srcset=\"https:\/\/cnprsv.ro\/wp-content\/uploads\/2011\/03\/Screenshot_2014-06-06-10-18-34_1.jpg 1478w, https:\/\/cnprsv.ro\/wp-content\/uploads\/2011\/03\/Screenshot_2014-06-06-10-18-34_1-300x200.jpg 300w, https:\/\/cnprsv.ro\/wp-content\/uploads\/2011\/03\/Screenshot_2014-06-06-10-18-34_1-1024x683.jpg 1024w\" sizes=\"auto, (max-width: 247px) 100vw, 247px\" \/><\/a><\/p>\n<p>&nbsp;<\/p>\n<div style=\"text-align: center;\">\n<div style=\"display: inline-block; vertical-align: top; margin-right: 5px;\"><img loading=\"lazy\" decoding=\"async\" class=\"aligncenter size-full wp-image-2887\" title=\"Iasmina\" src=\"https:\/\/cnprsv.ro\/wp-content\/uploads\/2012\/11\/Iasmina.jpg\" alt=\"\" width=\"153\" height=\"395\" srcset=\"https:\/\/cnprsv.ro\/wp-content\/uploads\/2012\/11\/Iasmina.jpg 350w, https:\/\/cnprsv.ro\/wp-content\/uploads\/2012\/11\/Iasmina-116x300.jpg 116w\" sizes=\"auto, (max-width: 153px) 100vw, 153px\" \/><\/div>\n<div style=\"display: inline-block; vertical-align: top; margin-right: 5px;\"><img loading=\"lazy\" decoding=\"async\" class=\"aligncenter size-full wp-image-2886\" title=\"Doodle Iasmina\" src=\"https:\/\/cnprsv.ro\/wp-content\/uploads\/2012\/11\/Doodle-Iasmina.jpg\" alt=\"\" width=\"369\" height=\"257\" srcset=\"https:\/\/cnprsv.ro\/wp-content\/uploads\/2012\/11\/Doodle-Iasmina.jpg 549w, https:\/\/cnprsv.ro\/wp-content\/uploads\/2012\/11\/Doodle-Iasmina-300x209.jpg 300w\" sizes=\"auto, (max-width: 369px) 100vw, 369px\" \/><\/div>\n<\/div>\n<h2 style=\"text-align: center;\">Iasmina R\u0103ceanu este c\u00e2\u0219tig\u0103toarea concursului Doodle for Google Romania, desenul ce a reprezentat imaginea Rom\u00e2niei, \u00een data de 1 decembrie 2012, pe www.google.ro. Felicit\u0103ri !<\/h2>\n<p>&nbsp;<\/p>\n<p>&nbsp;<\/p>\n<p>&nbsp;<\/p>\n<div style=\"text-align: center;\">\n<div style=\"display: inline-block; vertical-align: top; margin-right: 5px;\"><img loading=\"lazy\" decoding=\"async\" class=\"class=\" title=\"Adnana Leizeriuc si prof. Dana Capbun\" src=\"https:\/\/cnprsv.ro\/wp-content\/uploads\/2011\/03\/Adnana-Leizeriuc-si-prof.-Dana-Capbun-300x225.jpg\" alt=\"Adnana Leizeriuc si prof. Dana Capbun\" width=\"240\" height=\"180\" \/>Adnana Leizeriuc si prof. Dana Capbun<\/div>\n<div style=\"display: inline-block; vertical-align: top; margin-right: 5px;\"><img loading=\"lazy\" decoding=\"async\" class=\"size-medium wp-image-2901\" title=\"Clara Casuneanu si prof. Gheorghe Cirstian\" src=\"https:\/\/cnprsv.ro\/wp-content\/uploads\/2011\/03\/Clara-Casuneanu-si-prof.-Gheorghe-Cirstian1-225x300.jpg\" alt=\"Clara Casuneanu si prof. Gheorghe Cirstian\" width=\"165\" height=\"219\" srcset=\"https:\/\/cnprsv.ro\/wp-content\/uploads\/2011\/03\/Clara-Casuneanu-si-prof.-Gheorghe-Cirstian1-225x300.jpg 225w, https:\/\/cnprsv.ro\/wp-content\/uploads\/2011\/03\/Clara-Casuneanu-si-prof.-Gheorghe-Cirstian1-768x1024.jpg 768w\" sizes=\"auto, (max-width: 165px) 100vw, 165px\" \/> Clara Casuneanu si prof. Gheorghe Cirstian<\/div>\n<\/div>\n<p>&nbsp;<\/p>\n<p id=\"yui_3_7_2_1_1353310182538_107\" style=\"text-align: center;\">PERFORMAN\u0162\u0102 ! Doi elevi ai colegiului nostru au fost premia\u0163i miercuri, 14 noiembrie 2012 de c\u0103tre ministrul educa\u0163iei, dna. Ecaterina Andronescu pentru rezultatele ob\u0163inute la olimpiadele interna\u0163ionale din acest an. Este vorba de ADNANA LEIZERIUC, c\u00e2\u015ftig\u0103toare a medaliei de argint la olimpiada interna\u0163ional\u0103 pluridisciplinar\u0103 Tuymaada \u015fi de CLARA C\u0102\u015eUNEANU, r\u0103spl\u0103tit\u0103 cu premiul III la olimpiada interna\u0163ional\u0103 de limb\u0103 rom\u00e2n\u0103 \u015fi comunicare. O dat\u0103 cu ele au fost recompensa\u0163i \u015fi profesorii \u00eendrum\u0103tori, dna. DANA CAPBUN, respectiv dl. GHEORGHE C\u00ceRSTIAN.<\/p>\n<p>&nbsp;<\/p>\n<p style=\"text-align: center;\">\n","protected":false},"excerpt":{"rendered":"<p>Premiul \u201dProfesor Frieda Vigder\u201d Diploma de onoare Diploma de excelen\u021b\u0103 academic\u0103 Elevi participan\u021bi la etapele na\u021bionale ale olimpiadelor \u0219colare 2012 &#8211; 2013 Elevi participan\u021bi la etapele na\u021bionale ale olimpiadelor \u0219colare 2011 &#8211; 2012 Elevi participan\u021bi la etapele na\u021bionale ale olimpiadelor<\/p>\n<div class=\"entry-read-more\"><a class=\"read-more-link\" href=\"https:\/\/cnprsv.ro\/?page_id=51\">Read More<span class=\"cleanwp-sr-only\">  Performan\u0163e<\/span><\/a><\/div>\n","protected":false},"author":1,"featured_media":0,"parent":5,"menu_order":6,"comment_status":"closed","ping_status":"closed","template":"","meta":{"_editorskit_title_hidden":false,"_editorskit_reading_time":0,"_editorskit_is_block_options_detached":false,"_editorskit_block_options_position":"{}","footnotes":""},"class_list":["post-51","page","type-page","status-publish","hentry"],"_links":{"self":[{"href":"https:\/\/cnprsv.ro\/index.php?rest_route=\/wp\/v2\/pages\/51","targetHints":{"allow":["GET"]}}],"collection":[{"href":"https:\/\/cnprsv.ro\/index.php?rest_route=\/wp\/v2\/pages"}],"about":[{"href":"https:\/\/cnprsv.ro\/index.php?rest_route=\/wp\/v2\/types\/page"}],"author":[{"embeddable":true,"href":"https:\/\/cnprsv.ro\/index.php?rest_route=\/wp\/v2\/users\/1"}],"replies":[{"embeddable":true,"href":"https:\/\/cnprsv.ro\/index.php?rest_route=%2Fwp%2Fv2%2Fcomments&post=51"}],"version-history":[{"count":3,"href":"https:\/\/cnprsv.ro\/index.php?rest_route=\/wp\/v2\/pages\/51\/revisions"}],"predecessor-version":[{"id":11626,"href":"https:\/\/cnprsv.ro\/index.php?rest_route=\/wp\/v2\/pages\/51\/revisions\/11626"}],"up":[{"embeddable":true,"href":"https:\/\/cnprsv.ro\/index.php?rest_route=\/wp\/v2\/pages\/5"}],"wp:attachment":[{"href":"https:\/\/cnprsv.ro\/index.php?rest_route=%2Fwp%2Fv2%2Fmedia&parent=51"}],"curies":[{"name":"wp","href":"https:\/\/api.w.org\/{rel}","templated":true}]}}