{"id":6005,"date":"2015-10-14T13:51:19","date_gmt":"2015-10-14T11:51:19","guid":{"rendered":"http:\/\/cnprsv.ro\/?page_id=6005"},"modified":"2025-04-28T10:15:56","modified_gmt":"2025-04-28T08:15:56","slug":"cluburi","status":"publish","type":"page","link":"https:\/\/cnprsv.ro\/?page_id=6005","title":{"rendered":"Cercuri \/ Cluburi"},"content":{"rendered":"<ul>\n<li>\n<h4>Proiect de cercetare \u015fcolar\u0103 <a href=\"http:\/\/nexustsv.ro\/\" target=\"_blank\" rel=\"noopener\">Nexus-T-sv<\/a>, 2008-2013<\/h4>\n<\/li>\n<li>\n<h4><a href=\"http:\/\/clubinventica.cnprsv.ro\" target=\"_blank\" rel=\"noopener\">Clubul de inventic\u0103<\/a><\/h4>\n<\/li>\n<li>\n<h4><a href=\"https:\/\/cnprsv.ro\/?page_id=6007\">Clubul de Poezie ALECART<\/a><\/h4>\n<\/li>\n<li>\n<h4>Clubul de Pictur\u0103<\/h4>\n<\/li>\n<\/ul>\n<p>&nbsp;<\/p>\n<p>&nbsp;<\/p>\n<p>&nbsp;<\/p>\n","protected":false},"excerpt":{"rendered":"<p>Proiect de cercetare \u015fcolar\u0103 Nexus-T-sv, 2008-2013 Clubul de inventic\u0103 Clubul de Poezie ALECART Clubul de Pictur\u0103 &nbsp; &nbsp; &nbsp;<\/p>\n","protected":false},"author":1,"featured_media":0,"parent":260,"menu_order":7,"comment_status":"closed","ping_status":"closed","template":"","meta":{"_editorskit_title_hidden":false,"_editorskit_reading_time":0,"_editorskit_is_block_options_detached":false,"_editorskit_block_options_position":"{}","footnotes":""},"class_list":["post-6005","page","type-page","status-publish","hentry"],"_links":{"self":[{"href":"https:\/\/cnprsv.ro\/index.php?rest_route=\/wp\/v2\/pages\/6005","targetHints":{"allow":["GET"]}}],"collection":[{"href":"https:\/\/cnprsv.ro\/index.php?rest_route=\/wp\/v2\/pages"}],"about":[{"href":"https:\/\/cnprsv.ro\/index.php?rest_route=\/wp\/v2\/types\/page"}],"author":[{"embeddable":true,"href":"https:\/\/cnprsv.ro\/index.php?rest_route=\/wp\/v2\/users\/1"}],"replies":[{"embeddable":true,"href":"https:\/\/cnprsv.ro\/index.php?rest_route=%2Fwp%2Fv2%2Fcomments&post=6005"}],"version-history":[{"count":3,"href":"https:\/\/cnprsv.ro\/index.php?rest_route=\/wp\/v2\/pages\/6005\/revisions"}],"predecessor-version":[{"id":12584,"href":"https:\/\/cnprsv.ro\/index.php?rest_route=\/wp\/v2\/pages\/6005\/revisions\/12584"}],"up":[{"embeddable":true,"href":"https:\/\/cnprsv.ro\/index.php?rest_route=\/wp\/v2\/pages\/260"}],"wp:attachment":[{"href":"https:\/\/cnprsv.ro\/index.php?rest_route=%2Fwp%2Fv2%2Fmedia&parent=6005"}],"curies":[{"name":"wp","href":"https:\/\/api.w.org\/{rel}","templated":true}]}}