{"id":6893,"date":"2016-07-04T17:56:36","date_gmt":"2016-07-04T15:56:36","guid":{"rendered":"http:\/\/cnprsv.ro\/?page_id=6893"},"modified":"2024-10-11T15:37:37","modified_gmt":"2024-10-11T13:37:37","slug":"tabara-de-vara-scoala-bobocilor","status":"publish","type":"page","link":"https:\/\/cnprsv.ro\/?page_id=6893","title":{"rendered":"Tabara de var\u0103 \u0218coala Bobocilor"},"content":{"rendered":"<p><a href=\"\/documente\/Scoala%20bobocilor 2016.pdf\" target=\"_blank\" rel=\"noopener\">Bilan\u021b al activit\u0103\u021bilor desf\u0103\u0219urate \u00een cadrul\u00a0<em>\u0218colii bobocilor 2016<\/em><\/a><\/p>\n<p>&nbsp;<\/p>\n<p><a href=\"\/documente\/2016_august_Apprendre les mathematiques par des applications  interdisciplinaires.pdf\" target=\"_blank\" rel=\"noopener\">Apprendre les mathematiques par des applications interdisciplinaires<\/a><\/p>\n<p><a href=\"\/documente\/2016_iulie_INI\u0162IERE \u00ceN DEZBATERE \u015eI ARGUMENTARE LOGIC\u0102.pdf\">INI\u0162IERE \u00ceN DEZBATERE \u015eI ARGUMENTARE LOGIC\u0102<\/a><\/p>\n<p><a href=\"\/documente\/2016_iulie_PHYSICS IS FUN.pdf\" target=\"_blank\" rel=\"noopener\">PHYSICS IS FUN<\/a><\/p>\n<p><a href=\"\/documente\/2016_iulie_VINO CU NOI \u00ceN VIITOR.pdf\" target=\"_blank\" rel=\"noopener\">VINO CU NOI \u00ceN VIITOR<\/a><\/p>\n<p><a href=\"\/documente\/2016_iulie_La litt\u00e9rature fran\u00e7aise dans les arts musique theatre cinema.pdf\" target=\"_blank\" rel=\"noopener\">La litt\u00e9rature fran\u00e7aise dans les arts musique theatre cinema<\/a><\/p>\n<p><a href=\"\/documente\/2016_iulie_SPEAKING &amp; DEBATING.pdf\" target=\"_blank\" rel=\"noopener\">SPEAKING &amp; DEBATING<\/a><\/p>\n<p><a href=\"\/documente\/2016_iulie_JEUX Mots croises mime et theatre.pdf\" target=\"_blank\" rel=\"noopener\">JEUX Mots croises mime et theatre<\/a><\/p>\n<p><a href=\"\/documente\/2016_iulie_Totul despre examenele CAMBRIDGE.pdf\" target=\"_blank\" rel=\"noopener\">Totul despre examenele CAMBRIDGE<\/a><\/p>\n<p><a href=\"\/documente\/2016_iulie_It is business time.pdf\" target=\"_blank\" rel=\"noopener\">It is Business Time<\/a><\/p>\n<p><a href=\"\/documente\/2016_iulie_Cum gestionam stresul.pdf\" target=\"_blank\" rel=\"noopener\">Cum gestion\u0103m stresul<\/a><\/p>\n<p><a href=\"\/documente\/2016_iulie_Interactiunea bazata pe gesturi.pdf\" target=\"_blank\" rel=\"noopener\">Interac\u021biunea bazat\u0103 pe gesturi<\/a><\/p>\n<p><a href=\"\/documente\/2016_iulie_Miracole in eprubete.pdf\" target=\"_blank\" rel=\"noopener\">Miracole \u00een eprubete<\/a><\/p>\n<p><a href=\"\/documente\/2016_iulie_BT_Atelier_Scriere_Creativa_Alecart.pdf\" target=\"_blank\" rel=\"noopener\">Atelier Scriere Creativ\u0103 Alecart<\/a><\/p>\n<p><a href=\"\/documente\/2016_iulie_Keep Calm and Learn German.pdf\" target=\"_blank\" rel=\"noopener\">Keep Calm and Learn German<\/a><\/p>\n<p><a href=\"\/documente\/2016_iulie_Sistemul universitar din Marea Britanie.pdf\" target=\"_blank\" rel=\"noopener\">Sistemul universitar din Marea Britanie<\/a><\/p>\n<p><a href=\"\/documente\/2016_iulie_Microcosmosul organismelor vii.pdf\" target=\"_blank\" rel=\"noopener\">Microcosmosul organismelor vii<\/a><\/p>\n<p><a href=\"\/documente\/2016_iulie_Chimie - workshopuri interdisciplinare.pdf\" target=\"_blank\" rel=\"noopener\">Chimie &#8211; workshopuri interdisciplinare<\/a><\/p>\n<p><a href=\"\/documente\/2016_iulie_Chimie - experimentand in laborator.pdf\" target=\"_blank\" rel=\"noopener\">Chimie &#8211; experiment\u00e2nd \u00een laborator<\/a><\/p>\n<p><a href=\"\/documente\/2016_iulie_Ateliere de dezvoltare personala.pdf\" target=\"_blank\" rel=\"noopener\">Ateliere de dezvoltare personal\u0103<\/a><\/p>\n<p><a href=\"\/documente\/2016_iulie_Cafeneaua_matematica.pdf\" target=\"_blank\" rel=\"noopener\">Cafeneaua matematic\u0103<\/a><\/p>\n<p><a href=\"\/documente\/2016_iulie_Fotografia_o_poveste_cu_lumini_si_umbre.pdf\" target=\"_blank\" rel=\"noopener\">Fotografia, o poveste cu lumini \u0219i umbre<\/a><\/p>\n<p><a href=\"\/documente\/2016_iulie_Communication_Games.pdf\" target=\"_blank\" rel=\"noopener\">Communication Games<\/a><\/p>\n<p><a href=\"\/documente\/2016_iulie_Regii_sportului.pdf\" target=\"_blank\" rel=\"noopener\">Regii sportului<\/a><\/p>\n<p><a href=\"\/documente\/2016_iulie_Doodles.pdf\" target=\"_blank\" rel=\"noopener\">Doodles<\/a><\/p>\n<p><a href=\"\/documente\/2016_iulie_TEEN_LEADERSHIP.pdf\" target=\"_blank\" rel=\"noopener\">Teen Leadership<\/a><\/p>\n<p><a href=\"\/documente\/2016_iulie_Ateliere_de_arta_dramatica.pdf\" target=\"_blank\" rel=\"noopener\">Ateliere de art\u0103 dramatic\u0103<\/a><\/p>\n<p><a href=\"\/documente\/2016_iulie_Prezentare_Sistem_Universitar_SUA.pdf\" target=\"_blank\" rel=\"noopener\">Sistemul universitar american<\/a><\/p>\n<p><a href=\"\/documente\/2016_iulie_Mandale.pdf\" target=\"_blank\" rel=\"noopener\">Mandale<\/a><\/p>\n<p><a href=\"\/documente\/2016_iulie_Lumea_spaniola_in_ghiozdanul_tau.pdf\" target=\"_blank\" rel=\"noopener\">Lumea spaniol\u0103 \u00een ghiozdanul t\u0103u<\/a><\/p>\n<p><a href=\"\/documente\/2016_iulie_Fuziunea_nucleara.pdf\" target=\"_blank\" rel=\"noopener\">Fuziunea nuclear\u0103<\/a><\/p>\n<p><a href=\"\/documente\/2016_iulie_Music_Star_CNPR.pdf\" target=\"_blank\" rel=\"noopener\">Music Star CNPR<\/a><\/p>\n<p><a href=\"\/documente\/2016_iulie_Numarul_de_aur.pdf\" target=\"_blank\" rel=\"noopener\">Num\u0103rul de aur<\/a><\/p>\n<p>Dragi viitori boboci ai Colegiului Na\u021bional \u201dPetru Rare\u0219\u201d,<\/p>\n<p>Colegiul nostru v\u0103 \u00eent\u00e2mpin\u0103 \u0219i v\u0103 ureaz\u0103 BUN VENIT ! la sf\u00e2r\u0219itul vacan\u021bei, la <em>\u0218coala bobocilor<\/em> \u2013 tab\u0103r\u0103 de var\u0103, \u00een perioada 22 august \u2013 9 septembrie.<\/p>\n<p>Pute\u021bi alege s\u0103 participa\u021bi la multe \u0219i diverse activit\u0103\u021bi:<\/p>\n<ul>\n<li>Ateliere de pictur\u0103 \u0219i grafic\u0103<\/li>\n<li>Cerc de muzic\u0103 folk, vocal \u2013 instrumental\u0103<\/li>\n<li>Proiecte multidisciplinare<\/li>\n<li>Proiec\u021bii de filme \u0219tiin\u021bifice, artistice, educa\u021bionale<\/li>\n<li>Activit\u0103\u021bi sportive diverse<\/li>\n<li>Cursuri de arte mar\u021biale<\/li>\n<li>Cursuri de dans<\/li>\n<li>Tehnici de prevenire a accidentelor \u0219i de acordare a primului ajutor<\/li>\n<li>Ini\u021biere \u00een \u201dDezbatere \u0219i oratorie\u201d<\/li>\n<li>Communication Games<\/li>\n<li>Speaking and Debating<\/li>\n<li>Conferin\u021be \u0219tiin\u021bifice<\/li>\n<li>Prezentarea cercurilor de cercetare \u0219tiin\u021bific\u0103 \u0219colar\u0103 \u0219i inventic\u0103 ale liceului<\/li>\n<li>Jocuri educa\u021bionale<\/li>\n<li>Ateliere de art\u0103 dramatic\u0103<\/li>\n<li>Activit\u0103\u021bi ecologice \u0219i de ecologizare<\/li>\n<li>Exerci\u021bii \u0219i teste de autocunoa\u0219tere, de stabilire a IQ-ului<\/li>\n<li>\u201dMiracole \u00een eprubet\u0103\u201d \u2013 chimie experimental\u0103 distractiv\u0103<\/li>\n<li>\u201dA\u0219a ne place fizica\u201d \u2013 experien\u021be distractive de fizic\u0103<\/li>\n<li>\u201dNo\u021biuni introductive de grafic\u0103 digital\u0103\u201d \u2013 \u201ddesene\u201d pe calculator<\/li>\n<li>Literatura francez\u0103 \u00een teatru, cinema \u0219i muzic\u0103.<\/li>\n<li>Lumea hispanic\u0103 \u00een ghiozdanul t\u0103u.<\/li>\n<li>Atelier de art\u0103 fotografic\u0103<\/li>\n<li>Cerc de poezie <em>Alecart<\/em><\/li>\n<li>&#8230;&#8230; \u0219i multe, multe altele.<\/li>\n<\/ul>\n<p>&nbsp;<\/p>\n<p>\u00cen toate aceste activit\u0103\u021bi v\u0103 vor sta al\u0103turi profesorii liceului, viitorii vo\u0219tri dirigin\u021bi, voluntari \u2013 elevi ai liceului din clasele mai mari, membri ai cercurilor \u0219i cluburilor \u0219colii \u0219i, nu \u00een ultimul r\u00e2nd, fo\u0219ti elevi ai liceului, \u00een prezent studen\u021bi la universit\u0103\u021bi de prestigiu din \u021bar\u0103 \u0219i din str\u0103in\u0103tate. Ne vom cunoa\u0219te, v\u0103 ve\u021bi cunoa\u0219te noii colegi \u0219i profesori, v\u0103 ve\u021bi integra treptat \u00een via\u021ba \u0219colii noastre \u0219i sper\u0103m c\u0103 ve\u021bi deveni, c\u00e2t de cur\u00e2nd, membrii unei mari familii \u2013 FAMILIA CNPR !<\/p>\n<p>&nbsp;<\/p>\n<p>V\u0103 a\u0219tept\u0103m cu drag !<\/p>\n<p>&nbsp;<\/p>\n<p>Invita\u021bia este adresat\u0103 bobocilor de clasa a IX-a de la colegiul nostru, iar participarea la toate activit\u0103\u021bile taberei este gratuit\u0103 !<\/p>\n<p>\u00cencep\u00e2nd de ast\u0103zi v\u0103 vom prezenta, pe r\u00e2nd, activit\u0103\u021bile care se vor desf\u0103\u0219ura \u00een cadrul taberei. Tematica va fi actualizat\u0103 zilnic, cu noi cursuri \u0219i activit\u0103\u021bi.<\/p>\n<p>\u00censcrierea la cursurile \u0219colii de var\u0103 se face o dat\u0103 cu depunerea dosarului de \u00eenscriere la CNPR, \u00een perioada 21 \u2013 29 iulie 2016.<\/p>\n<p>&nbsp;<\/p>\n","protected":false},"excerpt":{"rendered":"<p>Bilan\u021b al activit\u0103\u021bilor desf\u0103\u0219urate \u00een cadrul\u00a0\u0218colii bobocilor 2016 &nbsp; Apprendre les mathematiques par des applications interdisciplinaires INI\u0162IERE \u00ceN DEZBATERE \u015eI ARGUMENTARE LOGIC\u0102 PHYSICS IS FUN VINO CU NOI \u00ceN VIITOR La litt\u00e9rature fran\u00e7aise dans les arts musique theatre cinema SPEAKING<\/p>\n<div class=\"entry-read-more\"><a class=\"read-more-link\" href=\"https:\/\/cnprsv.ro\/?page_id=6893\">Read More<span class=\"cleanwp-sr-only\">  Tabara de var\u0103 \u0218coala Bobocilor<\/span><\/a><\/div>\n","protected":false},"author":1,"featured_media":0,"parent":270,"menu_order":0,"comment_status":"closed","ping_status":"closed","template":"","meta":{"_editorskit_title_hidden":false,"_editorskit_reading_time":0,"_editorskit_is_block_options_detached":false,"_editorskit_block_options_position":"{}","footnotes":""},"class_list":["post-6893","page","type-page","status-publish","hentry"],"_links":{"self":[{"href":"https:\/\/cnprsv.ro\/index.php?rest_route=\/wp\/v2\/pages\/6893","targetHints":{"allow":["GET"]}}],"collection":[{"href":"https:\/\/cnprsv.ro\/index.php?rest_route=\/wp\/v2\/pages"}],"about":[{"href":"https:\/\/cnprsv.ro\/index.php?rest_route=\/wp\/v2\/types\/page"}],"author":[{"embeddable":true,"href":"https:\/\/cnprsv.ro\/index.php?rest_route=\/wp\/v2\/users\/1"}],"replies":[{"embeddable":true,"href":"https:\/\/cnprsv.ro\/index.php?rest_route=%2Fwp%2Fv2%2Fcomments&post=6893"}],"version-history":[{"count":3,"href":"https:\/\/cnprsv.ro\/index.php?rest_route=\/wp\/v2\/pages\/6893\/revisions"}],"predecessor-version":[{"id":11643,"href":"https:\/\/cnprsv.ro\/index.php?rest_route=\/wp\/v2\/pages\/6893\/revisions\/11643"}],"up":[{"embeddable":true,"href":"https:\/\/cnprsv.ro\/index.php?rest_route=\/wp\/v2\/pages\/270"}],"wp:attachment":[{"href":"https:\/\/cnprsv.ro\/index.php?rest_route=%2Fwp%2Fv2%2Fmedia&parent=6893"}],"curies":[{"name":"wp","href":"https:\/\/api.w.org\/{rel}","templated":true}]}}