{"id":75,"date":"2011-03-23T15:29:42","date_gmt":"2011-03-23T15:29:42","guid":{"rendered":"http:\/\/cnprsv.ro\/?page_id=75"},"modified":"2024-10-11T15:37:35","modified_gmt":"2024-10-11T13:37:35","slug":"contact","status":"publish","type":"page","link":"https:\/\/cnprsv.ro\/?page_id=75","title":{"rendered":"Contact"},"content":{"rendered":"<h3 style=\"text-align: center;\">Adresa: <strong>Str. Mihai Viteazu nr. 24, Suceava, 720059<\/strong><\/h3>\n<h3 style=\"text-align: center;\">Email: <a href=\"mailto:cnpetruraressv@gmail.com\"><strong>cnpetruraressv@gmail.com<\/strong><\/a><\/h3>\n<h3 style=\"text-align: center;\">Telefon: <strong>0230 520 822 <\/strong><\/h3>\n<h3 style=\"text-align: center;\">Fax: <strong>0330 40 11 78<\/strong><\/h3>\n<h3 style=\"text-align: center;\"><span style=\"color: #ff0000;\"><span style=\"color: #000000;\">Pagina oficial\u0103:<\/span><strong> <span style=\"color: #800000;\"><a href=\"https:\/\/www.facebook.com\/CNPRSV\/\">www.facebook.com\/CNPRSV\/<\/a>&nbsp;<\/span><\/strong><\/span><\/h3>\n<p>______________________________________________________________________________________________________________<\/p>\n<p><span style=\"color: #993366;\"><strong>PROGRAMUL SERVICIULUI SECRETARIAT \u00ceN ANUL \u0218COLAR 2024 &#8211; 2025<\/strong><\/span><\/p>\n<h4><span style=\"color: #993366;\"><strong>LUNI&nbsp; &nbsp; &nbsp; &nbsp; &nbsp; &nbsp; &nbsp; &nbsp; &nbsp;8 &#8211; 18<\/strong><\/span><\/h4>\n<h4><span style=\"color: #993366;\"><strong>MAR\u021aI&nbsp; &nbsp; &nbsp; &nbsp; &nbsp; &nbsp; &nbsp; 8 &#8211; 16<\/strong><\/span><\/h4>\n<h4><span style=\"color: #993366;\"><strong>MIERCURI&nbsp; &nbsp; &nbsp; &nbsp; 8 &#8211; 16<\/strong><\/span><\/h4>\n<h4><span style=\"color: #993366;\"><strong>JOI&nbsp; &nbsp; &nbsp; &nbsp; &nbsp; &nbsp; &nbsp; &nbsp; &nbsp; &nbsp; 8 &#8211; 18<\/strong><\/span><\/h4>\n<h4><span style=\"color: #993366;\"><strong>VINERI&nbsp; &nbsp; &nbsp; &nbsp; &nbsp; &nbsp; &nbsp; 8 &#8211; 16<\/strong><\/span><\/h4>\n<p>&nbsp;<\/p>\n<div id=\"wpgmza_map\" class=\"wpgmza_map\" data-settings='{\"id\":\"1\",\"map_title\":\"contact\",\"map_width\":\"100\",\"map_height\":\"400\",\"map_start_lat\":\"47.643208500000014\",\"map_start_lng\":\"26.2525517\",\"map_start_location\":\"45.950464398418106,-109.81550500000003\",\"map_start_zoom\":\"17\",\"default_marker\":\"\",\"type\":\"0\",\"alignment\":\"4\",\"directions_enabled\":\"0\",\"styling_enabled\":\"0\",\"styling_json\":\"\",\"active\":\"0\",\"kml\":\"\",\"bicycle\":\"0\",\"traffic\":\"0\",\"dbox\":\"0\",\"dbox_width\":\"\",\"listmarkers\":\"0\",\"listmarkers_advanced\":\"0\",\"filterbycat\":\"0\",\"ugm_enabled\":\"0\",\"ugm_category_enabled\":\"0\",\"fusion\":\"\",\"map_width_type\":\"%\",\"map_height_type\":\"px\",\"mass_marker_support\":\"0\",\"ugm_access\":\"0\",\"order_markers_by\":\"0\",\"order_markers_choice\":\"0\",\"show_user_location\":\"0\",\"default_to\":\"\",\"other_settings\":{\"map_type\":1,\"sl_stroke_color\":\"\",\"sl_fill_color\":\"\",\"sl_stroke_opacity\":\"\",\"sl_fill_opacity\":\"\",\"transport_layer\":false,\"action\":\"wpgmza_save_map\",\"redirect_to\":\"\\\/wp-admin\\\/admin-post.php\",\"map_id\":\"1\",\"http_referer\":\"\\\/wp-admin\\\/admin.php?page=wp-google-maps-menu&amp;amp;action=edit&amp;amp;map_id=1\",\"wpgmza_id\":\"1\",\"wpgmza_start_location\":\"47.643208500000014,26.2525517\",\"wpgmza_start_zoom\":\"17\",\"store_locator_enabled\":false,\"store_locator_search_area\":\"radial\",\"wpgmza_store_locator_radius_style\":\"legacy\",\"wpgmza_store_locator_default_radius\":\"10\",\"store_locator_auto_area_max_zoom\":\"\",\"store_locator_distance\":false,\"wpgmza_store_locator_position\":false,\"store_locator_show_distance\":false,\"store_locator_category\":false,\"wpgmza_store_locator_use_their_location\":false,\"wpgmza_store_locator_bounce\":false,\"wpgmza_sl_animation\":null,\"wpgmza_store_locator_hide_before_search\":false,\"store_locator_query_string\":\"\",\"store_locator_location_placeholder\":\"\",\"store_locator_default_address\":\"\",\"store_locator_name_search\":false,\"store_locator_name_string\":\"\",\"store_locator_not_found_message\":\"\",\"wpgmza_map_align\":\"1\",\"jump_to_nearest_marker_on_initialization\":false,\"automatically_pan_to_users_location\":false,\"override_users_location_zoom_level\":false,\"override_users_location_zoom_levels\":\"\",\"show_distance_from_location\":false,\"map_max_zoom\":\"21\",\"map_min_zoom\":\"0\",\"click_open_link\":false,\"fit_maps_bounds_to_markers\":false,\"fit_maps_bounds_to_markers_after_filtering\":false,\"hide_point_of_interest\":false,\"wpgmza_zoom_on_marker_click\":false,\"wpgmza_zoom_on_marker_click_slider\":\"\",\"close_infowindow_on_map_click\":false,\"disable_lightbox_images\":false,\"use_Raw_Jpeg_Coordinates\":false,\"disable_polygon_info_windows\":false,\"enable_marker_ratings\":false,\"only_load_markers_within_viewport\":false,\"zoom_level_mobile_override_enabled\":false,\"zoom_level_mobile_override\":\"\",\"iw_primary_color\":\"#000000\",\"iw_accent_color\":\"#000000\",\"iw_text_color\":\"#000000\",\"wpgmza_listmarkers_by\":\"0\",\"wpgmza_marker_listing_position\":false,\"zoom_level_on_marker_listing_override\":false,\"zoom_level_on_marker_listing_click\":\"\",\"marker_listing_disable_zoom\":false,\"datatable_no_result_message\":\"\",\"remove_search_box_datables\":false,\"dataTable_pagination_style\":null,\"datatable_search_string\":\"\",\"datatable_result_start\":\"\",\"datatable_result_of\":\"\",\"datatable_result_to\":\"\",\"datatable_result_total\":\"\",\"datatable_result_show\":\"\",\"datatable_result_entries\":\"\",\"wpgmza_savemap\":\"Save Map \\u00bb\"}}' data-map-id='1' Data-maps-engine='open-layers' data-shortcode-attributes='{\"id\":\"1\"}' style=\"display:block; overflow:auto; width:100%; height:400px; float:left;\"><\/div>\n<p style=\"text-align: center;\"><small><a style=\"color: #0000ff; text-align: left;\" href=\"http:\/\/maps.google.com\/maps?f=q&amp;source=embed&amp;hl=ro&amp;geocode=&amp;q=suceava,+national+college&amp;aq=&amp;sll=37.230328,-95.712891&amp;sspn=52.818286,134.912109&amp;ie=UTF8&amp;hq=&amp;hnear=National+College+%22Petru+Rares%22,+Mihai+Viteazul,+Suceava,+Rom%C3%A2nia&amp;ll=47.64307,26.25226&amp;spn=0.028914,0.042915&amp;z=14\">Vizualizare hart\u0103 m\u0103rit\u0103<\/a><\/small><\/p>\n","protected":false},"excerpt":{"rendered":"<p>Adresa: Str. Mihai Viteazu nr. 24, Suceava, 720059 Email: cnpetruraressv@gmail.com Telefon: 0230 520 822 Fax: 0330 40 11 78 Pagina oficial\u0103: www.facebook.com\/CNPRSV\/&nbsp; ______________________________________________________________________________________________________________ PROGRAMUL SERVICIULUI SECRETARIAT \u00ceN ANUL \u0218COLAR 2024 &#8211; 2025 LUNI&nbsp; &nbsp; &nbsp; &nbsp; &nbsp; &nbsp; &nbsp; &nbsp;<\/p>\n<div class=\"entry-read-more\"><a class=\"read-more-link\" href=\"https:\/\/cnprsv.ro\/?page_id=75\">Read More<span class=\"cleanwp-sr-only\">  Contact<\/span><\/a><\/div>\n","protected":false},"author":1,"featured_media":0,"parent":5,"menu_order":4,"comment_status":"closed","ping_status":"closed","template":"","meta":{"_editorskit_title_hidden":false,"_editorskit_reading_time":0,"_editorskit_is_block_options_detached":false,"_editorskit_block_options_position":"{}","footnotes":""},"class_list":["post-75","page","type-page","status-publish","hentry"],"_links":{"self":[{"href":"https:\/\/cnprsv.ro\/index.php?rest_route=\/wp\/v2\/pages\/75","targetHints":{"allow":["GET"]}}],"collection":[{"href":"https:\/\/cnprsv.ro\/index.php?rest_route=\/wp\/v2\/pages"}],"about":[{"href":"https:\/\/cnprsv.ro\/index.php?rest_route=\/wp\/v2\/types\/page"}],"author":[{"embeddable":true,"href":"https:\/\/cnprsv.ro\/index.php?rest_route=\/wp\/v2\/users\/1"}],"replies":[{"embeddable":true,"href":"https:\/\/cnprsv.ro\/index.php?rest_route=%2Fwp%2Fv2%2Fcomments&post=75"}],"version-history":[{"count":14,"href":"https:\/\/cnprsv.ro\/index.php?rest_route=\/wp\/v2\/pages\/75\/revisions"}],"predecessor-version":[{"id":11378,"href":"https:\/\/cnprsv.ro\/index.php?rest_route=\/wp\/v2\/pages\/75\/revisions\/11378"}],"up":[{"embeddable":true,"href":"https:\/\/cnprsv.ro\/index.php?rest_route=\/wp\/v2\/pages\/5"}],"wp:attachment":[{"href":"https:\/\/cnprsv.ro\/index.php?rest_route=%2Fwp%2Fv2%2Fmedia&parent=75"}],"curies":[{"name":"wp","href":"https:\/\/api.w.org\/{rel}","templated":true}]}}