{"id":7877,"date":"2017-06-08T16:54:06","date_gmt":"2017-06-08T14:54:06","guid":{"rendered":"http:\/\/cnprsv.ro\/?page_id=7877"},"modified":"2025-12-19T14:17:46","modified_gmt":"2025-12-19T12:17:46","slug":"regulamente","status":"publish","type":"page","link":"https:\/\/cnprsv.ro\/?page_id=7877","title":{"rendered":"Regulamente \u0219i proceduri"},"content":{"rendered":"\r\n<h3><a href=\"https:\/\/cnprsv.ro\/wp-content\/uploads\/2025\/12\/EXTRAS-DIN-PROCEDURA-DE-TRANSFER-A-ELEVILOR-LA-CNPR.pdf\"><strong>Extras din procedura de transfer a elevilor<\/strong><\/a><\/h3>\r\n<p class=\"has-small-font-size\">Regulament de organizare \u0219i func\u021bionare a unit\u0103\u021bilor de \u00eenv\u0103\u021b\u0103m\u00e2nt preuniversitar 2024:<\/p>\r\n\r\n\r\n\r\n<p class=\"has-medium-font-size\"><strong><a href=\"https:\/\/cnprsv.ro\/wp-content\/uploads\/2024\/09\/OME_5726_2024_ROFUIP.pdf\">ROFUIP 2024<\/a><\/strong><\/p>\r\n\r\n\r\n\r\n<p class=\"has-medium-font-size\"><strong><a href=\"https:\/\/cnprsv.ro\/wp-content\/uploads\/2024\/04\/Regulament-intern-CNPR-2019.pdf\">Regulament intern CNPR<\/a><\/strong><\/p>\r\n\r\n\r\n\r\n<p class=\"has-medium-font-size\"><strong><a href=\"https:\/\/cnprsv.ro\/wp-content\/uploads\/2024\/10\/ROF-CNPR-2024.pdf\">ROF CNPR 2024<\/a><\/strong><\/p>\r\n\r\n\r\n\r\n<p>Proceduri \u00een vederea prevenirii \u0219i combaterii violen\u021bei \u0219i consumului de substan\u021be interzise:<\/p>\r\n\r\n\r\n\r\n<p><strong><a href=\"https:\/\/cnprsv.ro\/wp-content\/uploads\/2024\/04\/Minister_Forme_Usoare.pdf\">P1<\/a><\/strong> &#8211; cazuri de violen\u021b\u0103 u\u0219oar\u0103 \u00eentre elevi<\/p>\r\n\r\n\r\n\r\n<p><strong><a href=\"https:\/\/cnprsv.ro\/wp-content\/uploads\/2024\/04\/Minister_Forme_Grave.pdf\">P2<\/a><\/strong> &#8211; cazuri de violen\u021b\u0103 grav\u0103 \u00eentre elevi<\/p>\r\n\r\n\r\n\r\n<p><strong><a href=\"https:\/\/cnprsv.ro\/wp-content\/uploads\/2024\/04\/Minister_SM_Substante.pdf\">P3<\/a><\/strong> &#8211; suspiciuni de consum de substan\u021be interzise<\/p>\r\n\r\n\r\n\r\n<p><strong><a href=\"https:\/\/cnprsv.ro\/wp-content\/uploads\/2024\/04\/Minister_Remake_Portarma.pdf\">P4<\/a><\/strong> &#8211; suspiciuni de port sau folosire de obiecte periculoase sau de s\u0103v\u00e2r\u0219ire a unei infrac\u021biuni<\/p>\r\n\r\n\r\n\r\n<p><strong><a href=\"https:\/\/cnprsv.ro\/wp-content\/uploads\/2024\/04\/Minister_Violenta_inafarascolii.pdf\">P5<\/a><\/strong> &#8211; suspiciune de violen\u021b\u0103 asupra copilului \u00een afara \u0219colii<\/p>\r\n\r\n\r\n\r\n<p><strong><a href=\"https:\/\/cnprsv.ro\/wp-content\/uploads\/2024\/04\/Minister_SM_violenta_elevi_asupra_personal.pdf\">P6<\/a><\/strong> &#8211; cazuri de violen\u021b\u0103 grav\u0103 asupra personalului \u0219colii<\/p>\r\n\r\n\r\n\r\n<p><strong><a href=\"https:\/\/cnprsv.ro\/wp-content\/uploads\/2024\/04\/Minister_ViolentaPersonal-asupra-elevilor.pdf\">P7<\/a><\/strong> &#8211; cazuri de violen\u021b\u0103 asupra elevilor<\/p>\r\n\r\n\r\n\r\n<figure class=\"wp-block-image size-large\"><img loading=\"lazy\" decoding=\"async\" width=\"768\" height=\"1024\" class=\"wp-image-12359\" src=\"https:\/\/cnprsv.ro\/wp-content\/uploads\/2024\/11\/Afis-1-768x1024.jpg\" alt=\"\" srcset=\"https:\/\/cnprsv.ro\/wp-content\/uploads\/2024\/11\/Afis-1-768x1024.jpg 768w, https:\/\/cnprsv.ro\/wp-content\/uploads\/2024\/11\/Afis-1-225x300.jpg 225w, https:\/\/cnprsv.ro\/wp-content\/uploads\/2024\/11\/Afis-1-1152x1536.jpg 1152w, https:\/\/cnprsv.ro\/wp-content\/uploads\/2024\/11\/Afis-1-1072x1429.jpg 1072w, https:\/\/cnprsv.ro\/wp-content\/uploads\/2024\/11\/Afis-1-731x975.jpg 731w, https:\/\/cnprsv.ro\/wp-content\/uploads\/2024\/11\/Afis-1-240x320.jpg 240w, https:\/\/cnprsv.ro\/wp-content\/uploads\/2024\/11\/Afis-1.jpg 1200w\" sizes=\"auto, (max-width: 768px) 100vw, 768px\" \/><\/figure>\r\n","protected":false},"excerpt":{"rendered":"<p>Extras din procedura de transfer a elevilor Regulament de organizare \u0219i func\u021bionare a unit\u0103\u021bilor de \u00eenv\u0103\u021b\u0103m\u00e2nt preuniversitar 2024: ROFUIP 2024 Regulament intern CNPR ROF CNPR 2024 Proceduri \u00een vederea prevenirii \u0219i combaterii violen\u021bei \u0219i consumului de substan\u021be interzise: P1 &#8211;<\/p>\n<div class=\"entry-read-more\"><a class=\"read-more-link\" href=\"https:\/\/cnprsv.ro\/?page_id=7877\">Read More<span class=\"cleanwp-sr-only\">  Regulamente \u0219i proceduri<\/span><\/a><\/div>\n","protected":false},"author":1,"featured_media":0,"parent":5,"menu_order":16,"comment_status":"closed","ping_status":"closed","template":"","meta":{"_editorskit_title_hidden":false,"_editorskit_reading_time":1,"_editorskit_is_block_options_detached":false,"_editorskit_block_options_position":"{}","footnotes":""},"class_list":["post-7877","page","type-page","status-publish","hentry"],"_links":{"self":[{"href":"https:\/\/cnprsv.ro\/index.php?rest_route=\/wp\/v2\/pages\/7877","targetHints":{"allow":["GET"]}}],"collection":[{"href":"https:\/\/cnprsv.ro\/index.php?rest_route=\/wp\/v2\/pages"}],"about":[{"href":"https:\/\/cnprsv.ro\/index.php?rest_route=\/wp\/v2\/types\/page"}],"author":[{"embeddable":true,"href":"https:\/\/cnprsv.ro\/index.php?rest_route=\/wp\/v2\/users\/1"}],"replies":[{"embeddable":true,"href":"https:\/\/cnprsv.ro\/index.php?rest_route=%2Fwp%2Fv2%2Fcomments&post=7877"}],"version-history":[{"count":24,"href":"https:\/\/cnprsv.ro\/index.php?rest_route=\/wp\/v2\/pages\/7877\/revisions"}],"predecessor-version":[{"id":13172,"href":"https:\/\/cnprsv.ro\/index.php?rest_route=\/wp\/v2\/pages\/7877\/revisions\/13172"}],"up":[{"embeddable":true,"href":"https:\/\/cnprsv.ro\/index.php?rest_route=\/wp\/v2\/pages\/5"}],"wp:attachment":[{"href":"https:\/\/cnprsv.ro\/index.php?rest_route=%2Fwp%2Fv2%2Fmedia&parent=7877"}],"curies":[{"name":"wp","href":"https:\/\/api.w.org\/{rel}","templated":true}]}}