{"id":8599,"date":"2017-10-15T15:53:48","date_gmt":"2017-10-15T13:53:48","guid":{"rendered":"http:\/\/cnprsv.ro\/?page_id=8599"},"modified":"2024-10-11T15:37:37","modified_gmt":"2024-10-11T13:37:37","slug":"erasmus-ka1-pentru-lucratori-de-tineret-disordered-eating-and-eating-disorders-in-teens","status":"publish","type":"page","link":"https:\/\/cnprsv.ro\/?page_id=8599","title":{"rendered":"Erasmus+ KA1 pentru lucr\u0103tori de tineret  \u2013 Disordered Eating and Eating Disorders in Teens"},"content":{"rendered":"<p>\u00cen perioada 1 \u2013 11 octombrie s-a desfa\u0219urat, la Vorone\u021b, un curs pentru lucratori de tineret, \u00een cadrul proiectului Erasmus plus \u201cAlimenta\u021bie dezordonat\u0103 \u0219i tulburari alimentare \u00een adolescen\u021b\u0103\u201d. Colegiul Na\u021bional \u201dPetru Rare\u0219\u201d a fost partener, al\u0103turi de Asocia\u021bia ARVIS (coordonator) \u0219i de alte ONG-uri din alte 10 \u021b\u0103ri europene din program \u0219i partenere: Albania, Armenia, Cehia, Italia, Lituania, Macedonia, Polonia, Portugalia, Slovacia \u0219i Spania. Pe parcursul celor 11 zile, cursan\u021bii au invatat lucruri noi despre diferitele probleme de alimenta\u021bie care apar mai ales \u00een adolescen\u021b\u0103 si au descoperit solu\u021bii de prevenire \u0219i diminuare a acestora. De asemenea, au conceput un program de con\u0219tientizare a tinerilor cu privire la pericolele pe care le implic\u0103 obiceiurile proaste de alimenta\u021bie. Acest program urmeaza sa fie pus in practic\u0103, de catre fiecare organizatie participant\u0103 la proiect, \u00een localitatera sau regiunea \u00een care activeaz\u0103.<\/p>\n<p>Cursul de la Vorone\u021b a fost, \u00een acelasi timp, un prilej de cunoa\u0219tere a frumuse\u021bilor Bucovinei \u0219i de legare a unor str\u00e2nse prietenii.<\/p>\n<div id='gallery-1' class='gallery galleryid-8599 gallery-columns-3 gallery-size-thumbnail'><figure class='gallery-item'>\n\t\t\t<div class='gallery-icon landscape'>\n\t\t\t\t<a href='https:\/\/cnprsv.ro\/?attachment_id=8600'><img loading=\"lazy\" decoding=\"async\" width=\"150\" height=\"150\" src=\"https:\/\/cnprsv.ro\/wp-content\/uploads\/2017\/12\/1-150x150.jpg\" class=\"attachment-thumbnail size-thumbnail\" alt=\"\" \/><\/a>\n\t\t\t<\/div><\/figure><figure class='gallery-item'>\n\t\t\t<div class='gallery-icon landscape'>\n\t\t\t\t<a href='https:\/\/cnprsv.ro\/?attachment_id=8601'><img loading=\"lazy\" decoding=\"async\" width=\"150\" height=\"150\" src=\"https:\/\/cnprsv.ro\/wp-content\/uploads\/2017\/12\/22140947_1461005677309351_4679321290876693825_n-150x150.jpg\" class=\"attachment-thumbnail size-thumbnail\" alt=\"\" \/><\/a>\n\t\t\t<\/div><\/figure><figure class='gallery-item'>\n\t\t\t<div class='gallery-icon landscape'>\n\t\t\t\t<a href='https:\/\/cnprsv.ro\/?attachment_id=8602'><img loading=\"lazy\" decoding=\"async\" width=\"150\" height=\"150\" src=\"https:\/\/cnprsv.ro\/wp-content\/uploads\/2017\/12\/22196121_1461005720642680_1516616288877258330_n-150x150.jpg\" class=\"attachment-thumbnail size-thumbnail\" alt=\"\" \/><\/a>\n\t\t\t<\/div><\/figure><figure class='gallery-item'>\n\t\t\t<div class='gallery-icon landscape'>\n\t\t\t\t<a href='https:\/\/cnprsv.ro\/?attachment_id=8603'><img loading=\"lazy\" decoding=\"async\" width=\"150\" height=\"150\" src=\"https:\/\/cnprsv.ro\/wp-content\/uploads\/2017\/12\/22221912_1570556869657015_3185945727253497617_n-150x150.jpg\" class=\"attachment-thumbnail size-thumbnail\" alt=\"\" \/><\/a>\n\t\t\t<\/div><\/figure><figure class='gallery-item'>\n\t\t\t<div class='gallery-icon landscape'>\n\t\t\t\t<a href='https:\/\/cnprsv.ro\/?attachment_id=8604'><img loading=\"lazy\" decoding=\"async\" width=\"150\" height=\"150\" src=\"https:\/\/cnprsv.ro\/wp-content\/uploads\/2017\/12\/22279958_1464832066926712_1345801553036521715_n-150x150.jpg\" class=\"attachment-thumbnail size-thumbnail\" alt=\"\" \/><\/a>\n\t\t\t<\/div><\/figure><figure class='gallery-item'>\n\t\t\t<div class='gallery-icon landscape'>\n\t\t\t\t<a href='https:\/\/cnprsv.ro\/?attachment_id=8605'><img loading=\"lazy\" decoding=\"async\" width=\"150\" height=\"150\" src=\"https:\/\/cnprsv.ro\/wp-content\/uploads\/2017\/12\/22308998_1466137996796119_784761216339520736_n-150x150.jpg\" class=\"attachment-thumbnail size-thumbnail\" alt=\"\" \/><\/a>\n\t\t\t<\/div><\/figure><figure class='gallery-item'>\n\t\t\t<div class='gallery-icon landscape'>\n\t\t\t\t<a href='https:\/\/cnprsv.ro\/?attachment_id=8606'><img loading=\"lazy\" decoding=\"async\" width=\"150\" height=\"150\" src=\"https:\/\/cnprsv.ro\/wp-content\/uploads\/2017\/12\/22310164_2321395257886655_5468041149902479197_n-150x150.jpg\" class=\"attachment-thumbnail size-thumbnail\" alt=\"\" \/><\/a>\n\t\t\t<\/div><\/figure><figure class='gallery-item'>\n\t\t\t<div class='gallery-icon landscape'>\n\t\t\t\t<a href='https:\/\/cnprsv.ro\/?attachment_id=8607'><img loading=\"lazy\" decoding=\"async\" width=\"150\" height=\"150\" src=\"https:\/\/cnprsv.ro\/wp-content\/uploads\/2017\/12\/22310313_1464231750320077_1862839956295935949_n-150x150.jpg\" class=\"attachment-thumbnail size-thumbnail\" alt=\"\" \/><\/a>\n\t\t\t<\/div><\/figure><figure class='gallery-item'>\n\t\t\t<div class='gallery-icon landscape'>\n\t\t\t\t<a href='https:\/\/cnprsv.ro\/?attachment_id=8608'><img loading=\"lazy\" decoding=\"async\" width=\"150\" height=\"150\" src=\"https:\/\/cnprsv.ro\/wp-content\/uploads\/2017\/12\/23561842_1997471627204037_1438157306167173960_n-150x150.jpg\" class=\"attachment-thumbnail size-thumbnail\" alt=\"\" \/><\/a>\n\t\t\t<\/div><\/figure>\n\t\t<\/div>\n\n<p>&nbsp;<\/p>\n<p><iframe loading=\"lazy\" title=\"DEED 2017 Aftermovie\" width=\"500\" height=\"281\" src=\"https:\/\/www.youtube.com\/embed\/vi3Hs80DsUs?feature=oembed\" frameborder=\"0\" allow=\"accelerometer; autoplay; clipboard-write; encrypted-media; gyroscope; picture-in-picture; web-share\" referrerpolicy=\"strict-origin-when-cross-origin\" allowfullscreen><\/iframe><\/p>\n","protected":false},"excerpt":{"rendered":"<p>\u00cen perioada 1 \u2013 11 octombrie s-a desfa\u0219urat, la Vorone\u021b, un curs pentru lucratori de tineret, \u00een cadrul proiectului Erasmus plus \u201cAlimenta\u021bie dezordonat\u0103 \u0219i tulburari alimentare \u00een adolescen\u021b\u0103\u201d. Colegiul Na\u021bional \u201dPetru Rare\u0219\u201d a fost partener, al\u0103turi de Asocia\u021bia ARVIS (coordonator)<\/p>\n<div class=\"entry-read-more\"><a class=\"read-more-link\" href=\"https:\/\/cnprsv.ro\/?page_id=8599\">Read More<span class=\"cleanwp-sr-only\">  Erasmus+ KA1 pentru lucr\u0103tori de tineret  \u2013 Disordered Eating and Eating Disorders in Teens<\/span><\/a><\/div>\n","protected":false},"author":1,"featured_media":0,"parent":211,"menu_order":0,"comment_status":"closed","ping_status":"closed","template":"","meta":{"_editorskit_title_hidden":false,"_editorskit_reading_time":0,"_editorskit_is_block_options_detached":false,"_editorskit_block_options_position":"{}","footnotes":""},"class_list":["post-8599","page","type-page","status-publish","hentry"],"_links":{"self":[{"href":"https:\/\/cnprsv.ro\/index.php?rest_route=\/wp\/v2\/pages\/8599","targetHints":{"allow":["GET"]}}],"collection":[{"href":"https:\/\/cnprsv.ro\/index.php?rest_route=\/wp\/v2\/pages"}],"about":[{"href":"https:\/\/cnprsv.ro\/index.php?rest_route=\/wp\/v2\/types\/page"}],"author":[{"embeddable":true,"href":"https:\/\/cnprsv.ro\/index.php?rest_route=\/wp\/v2\/users\/1"}],"replies":[{"embeddable":true,"href":"https:\/\/cnprsv.ro\/index.php?rest_route=%2Fwp%2Fv2%2Fcomments&post=8599"}],"version-history":[{"count":2,"href":"https:\/\/cnprsv.ro\/index.php?rest_route=\/wp\/v2\/pages\/8599\/revisions"}],"predecessor-version":[{"id":8613,"href":"https:\/\/cnprsv.ro\/index.php?rest_route=\/wp\/v2\/pages\/8599\/revisions\/8613"}],"up":[{"embeddable":true,"href":"https:\/\/cnprsv.ro\/index.php?rest_route=\/wp\/v2\/pages\/211"}],"wp:attachment":[{"href":"https:\/\/cnprsv.ro\/index.php?rest_route=%2Fwp%2Fv2%2Fmedia&parent=8599"}],"curies":[{"name":"wp","href":"https:\/\/api.w.org\/{rel}","templated":true}]}}