{"id":875,"date":"2011-05-16T12:18:14","date_gmt":"2011-05-16T12:18:14","guid":{"rendered":"http:\/\/cnprsv.ro\/?page_id=875"},"modified":"2024-10-11T15:37:36","modified_gmt":"2024-10-11T13:37:36","slug":"plan-de-scolarizare-2011-2012","status":"publish","type":"page","link":"https:\/\/cnprsv.ro\/?page_id=875","title":{"rendered":"Plan de \u015fcolarizare"},"content":{"rendered":"<h2>AN \u0218COLAR 2024-2025<\/h2>\n<p>&nbsp;<\/p>\n<p><strong>PROFIL UMANIST<\/strong><\/p>\n<ul>\n<li><strong>\u0218TIIN\u021aE SOCIALE<strong>, bilingv rom\u00e2n\u0103-englez\u0103 <\/strong> \u2013 0,5 clase \u2013 13 locuri<\/strong><\/li>\n<li><strong>\u0218TIIN\u021aE SOCIALE, bilingv rom\u00e2n\u0103-francez\u0103 \u2013 0,5 clase \u2013 13 locuri<\/strong><\/li>\n<li><strong>\u0218TIIN\u021aE SOCIALE, program normal de studii &#8211; 1 clas\u0103 &#8211; 26 locuri&nbsp;<\/strong><\/li>\n<\/ul>\n<p><strong>&nbsp;<\/strong><\/p>\n<p><strong>PROFIL REAL<\/strong><\/p>\n<ul>\n<li><strong>MATEMATIC\u0102-INFORMATIC\u0102, bilingv rom\u00e2n\u0103-englez\u0103 \u2013 1 clas\u0103 \u2013 26 locuri<\/strong><\/li>\n<li><strong>MATEMATIC\u0102-INFORMATIC\u0102, intensiv francez\u0103 \u2013 0,5 clase \u2013 13 locuri<\/strong><\/li>\n<li><strong>MATEMATIC\u0102-INFORMATIC\u0102, bilingv rom\u00e2n\u0103-german\u0103 \u2013 0,5 clase \u2013 13 locuri<\/strong><\/li>\n<li><strong>MATEMATIC\u0102-INFORMATIC\u0102, intensiv informatic\u0103 \u2013 1 clas\u0103 \u2013 26 locuri<\/strong><\/li>\n<li><strong>\u0218TIIN\u021aELE NATURII, bilingv rom\u00e2n\u0103-englez\u0103 \u2013 0,5 clase \u2013 13 locuri<\/strong><\/li>\n<li><strong>\u0218TIIN\u021aELE NATURII, bilingv rom\u00e2n\u0103-german\u0103 \u2013 0,5 clase \u2013 13 locuri<\/strong><\/li>\n<li><strong>\u0218TIIN\u021aELE NATURII, program normal de studii \u2013 1 clas\u0103 \u2013 26 locuri<\/strong><\/li>\n<\/ul>\n<p><strong>&nbsp;<\/strong><\/p>\n<p>Clasele de matematic\u0103-informatic\u0103 intensiv informatic\u0103 \u0219i matematic\u0103-informatic\u0103 intensiv francez\u0103 cu program normal vor avea acela\u0219i cod de repartizare computerizat\u0103. Repartizarea elevilor \u00een cele dou\u0103 clase se va face \u00een func\u021bie de urm\u0103toarele criterii, \u00een ordine:<\/p>\n<ol>\n<li>Op\u021biunea personal\u0103 a elevului\/p\u0103rintelui<\/li>\n<li>Media de admitere (\u00een cazul \u00een care elevii au studiat franceza \u00een gimnaziu)<\/li>\n<\/ol>\n<p>Clasele\/grupele <strong>bilingve<\/strong> au cod separat, iar repartizarea se face computerizat. Echivalarea\/recunoa\u0219terea testului de limb\u0103 este obligatoriu pentru clasele bilingve.<\/p>\n<p>Un elev \u00ee\u0219i poate echivala\/recunoa\u0219te la unul sau dou\u0103 sau toate trei testele de limb\u0103 modern\u0103, indiferent dac\u0103 a studiat sau nu limba respectiv\u0103 \u00een gimnaziu.<\/p>\n<p>&nbsp;<\/p>\n<p>&nbsp;<\/p>\n<p>&nbsp;<\/p>\n<p>&nbsp;<\/p>\n","protected":false},"excerpt":{"rendered":"<p>AN \u0218COLAR 2024-2025 &nbsp; PROFIL UMANIST \u0218TIIN\u021aE SOCIALE, bilingv rom\u00e2n\u0103-englez\u0103 \u2013 0,5 clase \u2013 13 locuri \u0218TIIN\u021aE SOCIALE, bilingv rom\u00e2n\u0103-francez\u0103 \u2013 0,5 clase \u2013 13 locuri \u0218TIIN\u021aE SOCIALE, program normal de studii &#8211; 1 clas\u0103 &#8211; 26 locuri&nbsp; &nbsp; PROFIL<\/p>\n<div class=\"entry-read-more\"><a class=\"read-more-link\" href=\"https:\/\/cnprsv.ro\/?page_id=875\">Read More<span class=\"cleanwp-sr-only\">  Plan de \u015fcolarizare<\/span><\/a><\/div>\n","protected":false},"author":1,"featured_media":0,"parent":5,"menu_order":6,"comment_status":"closed","ping_status":"open","template":"","meta":{"_editorskit_title_hidden":false,"_editorskit_reading_time":0,"_editorskit_is_block_options_detached":false,"_editorskit_block_options_position":"{}","footnotes":""},"class_list":["post-875","page","type-page","status-publish","hentry"],"_links":{"self":[{"href":"https:\/\/cnprsv.ro\/index.php?rest_route=\/wp\/v2\/pages\/875","targetHints":{"allow":["GET"]}}],"collection":[{"href":"https:\/\/cnprsv.ro\/index.php?rest_route=\/wp\/v2\/pages"}],"about":[{"href":"https:\/\/cnprsv.ro\/index.php?rest_route=\/wp\/v2\/types\/page"}],"author":[{"embeddable":true,"href":"https:\/\/cnprsv.ro\/index.php?rest_route=\/wp\/v2\/users\/1"}],"replies":[{"embeddable":true,"href":"https:\/\/cnprsv.ro\/index.php?rest_route=%2Fwp%2Fv2%2Fcomments&post=875"}],"version-history":[{"count":3,"href":"https:\/\/cnprsv.ro\/index.php?rest_route=\/wp\/v2\/pages\/875\/revisions"}],"predecessor-version":[{"id":10778,"href":"https:\/\/cnprsv.ro\/index.php?rest_route=\/wp\/v2\/pages\/875\/revisions\/10778"}],"up":[{"embeddable":true,"href":"https:\/\/cnprsv.ro\/index.php?rest_route=\/wp\/v2\/pages\/5"}],"wp:attachment":[{"href":"https:\/\/cnprsv.ro\/index.php?rest_route=%2Fwp%2Fv2%2Fmedia&parent=875"}],"curies":[{"name":"wp","href":"https:\/\/api.w.org\/{rel}","templated":true}]}}