{"id":9,"date":"2011-03-23T10:32:55","date_gmt":"2011-03-23T10:32:55","guid":{"rendered":"http:\/\/cnprsv.ro\/?page_id=9"},"modified":"2025-01-10T15:27:29","modified_gmt":"2025-01-10T13:27:29","slug":"resurse","status":"publish","type":"page","link":"https:\/\/cnprsv.ro\/?page_id=9","title":{"rendered":"Resurse umane, materiale \u0219i financiare"},"content":{"rendered":"<h3>Resurse umane:<\/h3>\n<p style=\"padding-left: 60px;\">&#8211; 12 cadre didactice \u0219i didactice auxiliare cu titlul de doctor,<br>&#8211; 56 profesori gradul I,<br>&#8211; 6 profesori gradul II,<br>&#8211; 1 profesor cu definitivat,<br>&#8211; 1 informatician<br>&#8211; 1 inginer de sistem,<br>&#8211; 1 bibliotecar,<br>&#8211; 1 laborant,<br>&#8211; 2 secretari,<br>&#8211; 3 administratori financiari,<br>&#8211; 1 administrator de patrimoniu,<br>&#8211; 2 pedagogi,<br>&#8211; 2 supraveghetori de noapte,<br>&#8211; 22 membri personal nedidactic.<\/p>\n<p style=\"padding-left: 30px;\"><strong>886 elevi <\/strong>\u2013 la 8 ianuarie 2025<\/p>\n<p>&nbsp;<\/p>\n<p>Resurse materiale:<\/p>\n<h2><strong>\u00ceN ANII \u0218COLARI 2023 &#8211; 2024 \u0219i 2024 &#8211; 2025 INTERNATUL \u0218I CANTINA SUNT \u00ceN REABILITARE PE FONDURI EUROPENE<\/strong><\/h2>\n<h2><strong>\u00ceN CURS DE FINALIZARE CORPUL CU S\u0102LI DE CLAS\u0102 \u0218I LABORATOARE PENTRU GIMNAZIU, FUNC\u021aIONAL DIN A DOUA PARTE A ANULUI \u0218COLAR 2024-2025<\/strong><\/h2>\n<div style=\"padding-left: 70px;\">\u2022 34 s\u0103li de clas\u0103<\/div>\n<div style=\"padding-left: 70px;\">\u2022 1 sal\u0103 de festivit\u0103\u0163i, cu 175 locuri, \u00een cadrul noului Centru de documentare \u0219i informare<\/div>\n<div style=\"padding-left: 70px;\">\u2022 Centrul Erasmus, format din 2 s\u0103li pentru activit\u0103\u021bile de workshop, pe grupe &#8211; Smart Lab 2<\/div>\n<div style=\"padding-left: 70px;\">\u2022 Smart Lab 1<\/div>\n<div style=\"padding-left: 70px;\">\u2022 4 laboratoare de informatic\u0103<\/div>\n<div style=\"padding-left: 70px;\">\u2022 1 laborator de biologie<\/div>\n<div style=\"padding-left: 70px;\">\u2022 1 laborator de fizic\u0103<\/div>\n<div style=\"padding-left: 70px;\">\u2022 1 laborator de chimie<\/div>\n<div style=\"padding-left: 70px;\">\u2022 1 laborator de \u0219tiin\u021be ale naturii<\/div>\n<div style=\"padding-left: 70px;\">\u2022 1 cabinet de limba rom\u00e2n\u0103<\/div>\n<div style=\"padding-left: 70px;\">\u2022 2 cabinete de limba german\u0103<\/div>\n<div style=\"padding-left: 70px;\">\u2022 1 cabinet de limba englez\u0103 \u015fi spaniol\u0103<\/div>\n<div style=\"padding-left: 70px;\">\u2022 1 cabinet de limba francez\u0103&nbsp;<\/div>\n<div style=\"padding-left: 70px;\">\u2022 1 cabinet de matematic\u0103<\/div>\n<div style=\"padding-left: 70px;\">\u2022 1 cabinet de fizic\u0103<\/div>\n<div style=\"padding-left: 70px;\">\u2022 2 cabinete de chimie<\/div>\n<div style=\"padding-left: 70px;\">\u2022 2 cabinete de biologie<\/div>\n<div style=\"padding-left: 70px;\">\u2022 1 cabinet de asisten\u021b\u0103 \u0219i consiliere psihopedagogic\u0103<\/div>\n<div style=\"padding-left: 70px;\">\u2022 foi\u0219or educa\u021bional &#8211; sal\u0103 de clas\u0103 \u00een aer liber<\/div>\n<div style=\"padding-left: 40px;\">&nbsp; &nbsp; &nbsp; \u2022 amfiteatru educa\u021bional &#8211; sal\u0103 de clas\u0103 \u00een aer liber<\/div>\n<div style=\"padding-left: 70px;\">\u2022 bibliotec\u0103 cu 33000 volume \u0219i re\u021bea calculatoare<\/div>\n<div style=\"padding-left: 70px;\">\u2022 sal\u0103 sport<\/div>\n<div style=\"padding-left: 70px;\">\u2022 c\u0103min mixt cu 140 locuri<\/div>\n<div style=\"padding-left: 70px;\">\u2022 cantin\u0103 cu 100 locuri pe serie<\/div>\n<div style=\"padding-left: 70px;\">\u2022 2 cabinete medicale<\/div>\n<div style=\"padding-left: 70px;\">&nbsp;<\/div>\n<div style=\"padding-left: 30px;\">&nbsp;<\/div>\n<div style=\"padding-left: 30px;\">&nbsp;<\/div>\n<div style=\"padding-left: 30px;\">&nbsp;<\/div>\n<h3><strong><span style=\"color: #800000;\">RESURSE FINANCIARE<\/span><\/strong><\/h3>\n<p>&nbsp;<\/p>\n<p><a href=\"https:\/\/cnprsv.ro\/wp-content\/uploads\/2024\/04\/Buget-2024.pdf\">Buget 2024<\/a><\/p>\n<p><a href=\"https:\/\/cnprsv.ro\/wp-content\/uploads\/2024\/04\/Cont-de-executie-financiara.pdf\">Execu\u021bie bugetar\u0103 2023<\/a><\/p>\n<p><a href=\"https:\/\/cnprsv.ro\/wp-content\/uploads\/2024\/04\/Buget-2023.pdf\">Buget 2023<\/a><\/p>\n<p><a href=\"https:\/\/cnprsv.ro\/wp-content\/uploads\/2024\/04\/Executie-bugetara-2022.pdf\">Execu\u021bie bugetar\u0103 2022<\/a><\/p>\n<p><a href=\"\/documente\/Buget 2022.pdf\">Buget 2022<\/a><\/p>\n<p><a href=\"\/documente\/Executie bugetara 2021.pdf\">Execu\u021bie bugetar\u0103 2021<\/a><\/p>\n<p><a href=\"\/documente\/Buget 2021.pdf\">Buget 2021<\/a><\/p>\n<p><a href=\"\/documente\/Executie bugetara 2020.pdf\">Execu\u021bie bugetar\u0103 2020<\/a><\/p>\n<p><a href=\"\/documente\/Buget 2020.pdf\">Buget 2020<\/a><\/p>\n<p><a href=\"\/documente\/Executie bugetara 2019.pdf\">Execu\u021bie bugetar\u0103 2019<\/a><\/p>\n<p><a href=\"\/documente\/Buget 2019.pdf\">Buget 2019<\/a><\/p>\n<p><a href=\"\/documente\/Exacutie bugetar\u0103 2018.pdf\">Execu\u021bie bugetar\u0103 2018<\/a><\/p>\n<p><a href=\"\/documente\/Buget 2018.pdf\" target=\"_blank\" rel=\"noopener\">Buget 2018<\/a><\/p>\n<p><a href=\"\/documente\/Execu\u021bie bugetar\u0103 2017.pdf\" target=\"_blank\" rel=\"noopener\">Execu\u021bie bugetar\u0103 2017<\/a><\/p>\n<p><a href=\"\/documente\/Buget 2017.pdf\" target=\"_blank\" rel=\"noopener\">Buget 2017<\/a><\/p>\n<p><a href=\"\/documente\/Executie bugetara 2016.pdf\" target=\"_blank\" rel=\"noopener\">Execu\u021bie bugetar\u0103 2016<\/a><\/p>\n\n\n<p><\/p>\n","protected":false},"excerpt":{"rendered":"<p>Resurse umane: &#8211; 12 cadre didactice \u0219i didactice auxiliare cu titlul de doctor,&#8211; 56 profesori gradul I,&#8211; 6 profesori gradul II,&#8211; 1 profesor cu definitivat,&#8211; 1 informatician&#8211; 1 inginer de sistem,&#8211; 1 bibliotecar,&#8211; 1 laborant,&#8211; 2 secretari,&#8211; 3 administratori financiari,&#8211;<\/p>\n<div class=\"entry-read-more\"><a class=\"read-more-link\" href=\"https:\/\/cnprsv.ro\/?page_id=9\">Read More<span class=\"cleanwp-sr-only\">  Resurse umane, materiale \u0219i financiare<\/span><\/a><\/div>\n","protected":false},"author":1,"featured_media":0,"parent":5,"menu_order":6,"comment_status":"closed","ping_status":"closed","template":"","meta":{"_editorskit_title_hidden":false,"_editorskit_reading_time":1,"_editorskit_is_block_options_detached":false,"_editorskit_block_options_position":"{}","footnotes":""},"class_list":["post-9","page","type-page","status-publish","hentry"],"_links":{"self":[{"href":"https:\/\/cnprsv.ro\/index.php?rest_route=\/wp\/v2\/pages\/9","targetHints":{"allow":["GET"]}}],"collection":[{"href":"https:\/\/cnprsv.ro\/index.php?rest_route=\/wp\/v2\/pages"}],"about":[{"href":"https:\/\/cnprsv.ro\/index.php?rest_route=\/wp\/v2\/types\/page"}],"author":[{"embeddable":true,"href":"https:\/\/cnprsv.ro\/index.php?rest_route=\/wp\/v2\/users\/1"}],"replies":[{"embeddable":true,"href":"https:\/\/cnprsv.ro\/index.php?rest_route=%2Fwp%2Fv2%2Fcomments&post=9"}],"version-history":[{"count":22,"href":"https:\/\/cnprsv.ro\/index.php?rest_route=\/wp\/v2\/pages\/9\/revisions"}],"predecessor-version":[{"id":12461,"href":"https:\/\/cnprsv.ro\/index.php?rest_route=\/wp\/v2\/pages\/9\/revisions\/12461"}],"up":[{"embeddable":true,"href":"https:\/\/cnprsv.ro\/index.php?rest_route=\/wp\/v2\/pages\/5"}],"wp:attachment":[{"href":"https:\/\/cnprsv.ro\/index.php?rest_route=%2Fwp%2Fv2%2Fmedia&parent=9"}],"curies":[{"name":"wp","href":"https:\/\/api.w.org\/{rel}","templated":true}]}}