{"id":9077,"date":"2018-05-11T10:35:11","date_gmt":"2018-05-11T08:35:11","guid":{"rendered":"http:\/\/cnprsv.ro\/?page_id=9077"},"modified":"2024-10-11T15:37:35","modified_gmt":"2024-10-11T13:37:35","slug":"fall-and-rise","status":"publish","type":"page","link":"https:\/\/cnprsv.ro\/?page_id=9077","title":{"rendered":"Fall and Rise!"},"content":{"rendered":"<p>\u201ePetru Rares\u201d National College was a partner in an Erasmus+ KA1 Mobility for youth workers project, \u201eFall and Rise!\u201d, number 2017-3-RO01-KA105-047271, financed by the European Commission. The project coordinator was the NGO AR Vocational and Investment Solutions \u2013 ARVIS.<\/p>\n<p>Other partners were: Association of Young Lawyers (Bulgaria), Udruga gluhih i nagluhih Nova Gradiska (Croatia), YOUTHphoria (Greece), Associazione Culturale Malik (Italy), Kulturas un izglitibas studija Talantu pilseta (Latvia), Asociacija Apkabink Europa (Lithuania), Center for education and development (Macedonia), Fundacja na rzecz integracji zawodowej, spolecznej oraz rozwoju przedsiebiorczosci VIA (Poland), Associa\u00e7\u00e3o Portuguesa de Educa\u00e7\u00e3o Ambiental (Portugal), Colegiul National \u201cPetru Rares\u201d Suceava (Romania), SYTEV (Slovakia) and Asociacion ProJuven (Spain).<\/p>\n<p>The main activity of the project consisted in a training course run at Manastirea Humorului, Romania,\u00a0 between 21 and 28 April 2018.<\/p>\n<p>The course offered the participants the possibility to get a deeper knowledge upon the concept of failure, its causes and its impact, to create an original strategy of working with adolescents so as to minimize the risk factors and to test this strategy at the local level in the framework of their youth work.<\/p>\n<p>&nbsp;<\/p>\n<div id='gallery-1' class='gallery galleryid-9077 gallery-columns-3 gallery-size-thumbnail'><figure class='gallery-item'>\n\t\t\t<div class='gallery-icon landscape'>\n\t\t\t\t<a href='https:\/\/cnprsv.ro\/?attachment_id=9078'><img loading=\"lazy\" decoding=\"async\" width=\"150\" height=\"150\" src=\"https:\/\/cnprsv.ro\/wp-content\/uploads\/2018\/09\/31190066_2621323287893849_8698262853372568757_n-150x150.jpg\" class=\"attachment-thumbnail size-thumbnail\" alt=\"\" \/><\/a>\n\t\t\t<\/div><\/figure><figure class='gallery-item'>\n\t\t\t<div class='gallery-icon landscape'>\n\t\t\t\t<a href='https:\/\/cnprsv.ro\/?attachment_id=9079'><img loading=\"lazy\" decoding=\"async\" width=\"150\" height=\"150\" src=\"https:\/\/cnprsv.ro\/wp-content\/uploads\/2018\/09\/31277594_2621330497893128_2905594688651576969_n-1-150x150.jpg\" class=\"attachment-thumbnail size-thumbnail\" alt=\"\" \/><\/a>\n\t\t\t<\/div><\/figure><figure class='gallery-item'>\n\t\t\t<div class='gallery-icon landscape'>\n\t\t\t\t<a href='https:\/\/cnprsv.ro\/?attachment_id=9080'><img loading=\"lazy\" decoding=\"async\" width=\"150\" height=\"150\" src=\"https:\/\/cnprsv.ro\/wp-content\/uploads\/2018\/09\/IMG_2693-150x150.jpg\" class=\"attachment-thumbnail size-thumbnail\" alt=\"\" \/><\/a>\n\t\t\t<\/div><\/figure><figure class='gallery-item'>\n\t\t\t<div class='gallery-icon landscape'>\n\t\t\t\t<a href='https:\/\/cnprsv.ro\/?attachment_id=9081'><img loading=\"lazy\" decoding=\"async\" width=\"150\" height=\"150\" src=\"https:\/\/cnprsv.ro\/wp-content\/uploads\/2018\/09\/IMG_3426-150x150.jpg\" class=\"attachment-thumbnail size-thumbnail\" alt=\"\" \/><\/a>\n\t\t\t<\/div><\/figure><figure class='gallery-item'>\n\t\t\t<div class='gallery-icon landscape'>\n\t\t\t\t<a href='https:\/\/cnprsv.ro\/?attachment_id=9082'><img loading=\"lazy\" decoding=\"async\" width=\"150\" height=\"150\" src=\"https:\/\/cnprsv.ro\/wp-content\/uploads\/2018\/09\/IMG_3471-150x150.jpg\" class=\"attachment-thumbnail size-thumbnail\" alt=\"\" \/><\/a>\n\t\t\t<\/div><\/figure><figure class='gallery-item'>\n\t\t\t<div class='gallery-icon landscape'>\n\t\t\t\t<a href='https:\/\/cnprsv.ro\/?attachment_id=9083'><img loading=\"lazy\" decoding=\"async\" width=\"150\" height=\"150\" src=\"https:\/\/cnprsv.ro\/wp-content\/uploads\/2018\/09\/IMG_3508-150x150.jpg\" class=\"attachment-thumbnail size-thumbnail\" alt=\"\" \/><\/a>\n\t\t\t<\/div><\/figure>\n\t\t<\/div>\n\n","protected":false},"excerpt":{"rendered":"<p>\u201ePetru Rares\u201d National College was a partner in an Erasmus+ KA1 Mobility for youth workers project, \u201eFall and Rise!\u201d, number 2017-3-RO01-KA105-047271, financed by the European Commission. The project coordinator was the NGO AR Vocational and Investment Solutions \u2013 ARVIS. Other<\/p>\n<div class=\"entry-read-more\"><a class=\"read-more-link\" href=\"https:\/\/cnprsv.ro\/?page_id=9077\">Read More<span class=\"cleanwp-sr-only\">  Fall and Rise!<\/span><\/a><\/div>\n","protected":false},"author":1,"featured_media":0,"parent":0,"menu_order":0,"comment_status":"closed","ping_status":"closed","template":"","meta":{"_editorskit_title_hidden":false,"_editorskit_reading_time":0,"_editorskit_is_block_options_detached":false,"_editorskit_block_options_position":"{}","footnotes":""},"class_list":["post-9077","page","type-page","status-publish","hentry"],"_links":{"self":[{"href":"https:\/\/cnprsv.ro\/index.php?rest_route=\/wp\/v2\/pages\/9077","targetHints":{"allow":["GET"]}}],"collection":[{"href":"https:\/\/cnprsv.ro\/index.php?rest_route=\/wp\/v2\/pages"}],"about":[{"href":"https:\/\/cnprsv.ro\/index.php?rest_route=\/wp\/v2\/types\/page"}],"author":[{"embeddable":true,"href":"https:\/\/cnprsv.ro\/index.php?rest_route=\/wp\/v2\/users\/1"}],"replies":[{"embeddable":true,"href":"https:\/\/cnprsv.ro\/index.php?rest_route=%2Fwp%2Fv2%2Fcomments&post=9077"}],"version-history":[{"count":1,"href":"https:\/\/cnprsv.ro\/index.php?rest_route=\/wp\/v2\/pages\/9077\/revisions"}],"predecessor-version":[{"id":9084,"href":"https:\/\/cnprsv.ro\/index.php?rest_route=\/wp\/v2\/pages\/9077\/revisions\/9084"}],"wp:attachment":[{"href":"https:\/\/cnprsv.ro\/index.php?rest_route=%2Fwp%2Fv2%2Fmedia&parent=9077"}],"curies":[{"name":"wp","href":"https:\/\/api.w.org\/{rel}","templated":true}]}}